{"id":1150,"date":"2013-05-20T21:33:33","date_gmt":"2013-05-20T21:33:33","guid":{"rendered":"http:\/\/www.4mormon.org\/?page_id=1150"},"modified":"2024-03-19T05:16:35","modified_gmt":"2024-03-19T05:16:35","slug":"principal","status":"publish","type":"page","link":"https:\/\/www.4mormon.org\/es\/","title":{"rendered":"Santos de los \u00daltimos D\u00edas \u2013 Para la Fe e Investigaci\u00f3n Mormonas"},"content":{"rendered":"<p><span style=\"font-size: large;\"><strong><b>\u00a1Bienvenidos Sean Cristianos Santos de los \u00daltimos D\u00edas para Jes\u00fas!<\/b><\/strong><\/span><\/p>\n<p><a href=\"https:\/\/youtu.be\/JKHYAgNyhnA?si=8F1DvJ5YQNYVIbg_\"><strong>La Biblia vs El Libro De Mormon<\/strong><\/a><\/p>\n<p><iframe loading=\"lazy\" title=\"YouTube video player\" src=\"https:\/\/www.youtube.com\/embed\/JKHYAgNyhnA?si=4kPoSftSm9VQzKO1\" width=\"560\" height=\"315\" frameborder=\"0\" allowfullscreen=\"allowfullscreen\"><\/iframe><\/p>\n<h3 class=\"style-scope ytd-watch-metadata\"><a href=\"https:\/\/youtu.be\/nQH3whhOJGM?si=6U2VEmYkOWDGSqwQ\">El ADN vs El Libro de Morm\u00f3n &#8211; Documental Completo<\/a><\/h3>\n<p><iframe loading=\"lazy\" title=\"YouTube video player\" src=\"https:\/\/www.youtube.com\/embed\/nQH3whhOJGM?si=gsHO-yc9TIDuppOX\" width=\"560\" height=\"315\" frameborder=\"0\" allowfullscreen=\"allowfullscreen\"><\/iframe><\/p>\n<h3 class=\"style-scope ytd-watch-metadata\"><a href=\"https:\/\/youtu.be\/hgfGY0QG03c?si=MpK1Iz_95r73VGSL\">Mormones Falsa Doctrina: El Libro Perdido de Abraham<\/a><\/h3>\n<p><iframe loading=\"lazy\" title=\"YouTube video player\" src=\"https:\/\/www.youtube.com\/embed\/hgfGY0QG03c?si=DcFCARrI5-dowfLQ\" width=\"560\" height=\"315\" frameborder=\"0\" allowfullscreen=\"allowfullscreen\"><\/iframe><\/p>\n<p><img loading=\"lazy\" decoding=\"async\" src=\"http:\/\/witforjesus.org\/images\/long\/4mormon\/meet-god.png\" alt=\"TRUE FREEDOM\" width=\"400\" height=\"300\" \/><\/p>\n<p><a title=\"Are you prepared to meet God?\" href=\"https:\/\/www.4mormon.org\/es\/estas-preparado-para-comparecer-ante-dios\/\"><strong>\u00bfEST\u00c1S PREPARADO PARA COMPARECER ANTE DIOS?<\/strong><\/a><\/p>\n<p>\u201c\u00bfHab\u00e9is caminado, conserv\u00e1ndoos irreprensibles delante de Dios? &#8230; He aqu\u00ed, \u00bfos hall\u00e1is <b>despojados del orgullo<\/b>? Si no, yo os digo que <b>no est\u00e1is preparados para comparecer ante Dios<\/b>. He aqu\u00ed, deb\u00e9is disponeros prontamente&#8230;\u201d\u2014 Alma 5:27-28, <i>Libro de Morm\u00f3n\u00a0 <\/i><a href=\"https:\/\/www.4mormon.org\/es\/estas-preparado-para-comparecer-ante-dios\/\"><strong><span class=\"style1\"><b>Una prueba simple para los Santos de los \u00daltimos D\u00edas que son honestos<\/b><\/span><\/strong><\/a><strong><strong><b><b><strong><strong><a title=\"Are you prepared to meet God?\" href=\"https:\/\/www.4mormon.org\/es\/estas-preparado-para-comparecer-ante-dios\/\"><img loading=\"lazy\" decoding=\"async\" class=\"alignnone\" src=\"http:\/\/witforjesus.org\/images\/buttons\/read-more.jpg\" alt=\"bullets\" width=\"26\" height=\"12\" \/><\/a><\/strong><\/strong><\/b><\/b><\/strong><\/strong><img loading=\"lazy\" decoding=\"async\" src=\"http:\/\/witforjesus.org\/images\/home\/space2.jpg\" alt=\"TRUE FREEDOM\" width=\"200\" height=\"13\" \/><\/p>\n<figure style=\"width: 590px\" class=\"wp-caption alignnone\"><a href=\"http:\/\/get.theapp.co\/d177\/\"><img loading=\"lazy\" decoding=\"async\" src=\"http:\/\/witforjesus.org\/images\/home\/app-long.jpg\" alt=\"\" width=\"590\" height=\"332\" \/><\/a><figcaption class=\"wp-caption-text\"><a href=\"https:\/\/subsplash.com\/witnessesforjesus\/app\"><strong>Aplicacion de Witnesses for Jesus<\/strong><\/a> para m\u00f3viles y tabletas<\/figcaption><\/figure>\n<p>&nbsp;<\/p>\n<p><img loading=\"lazy\" decoding=\"async\" class=\"alignnone\" src=\"http:\/\/www.witforjesus.org\/images\/long\/4mormon\/exlds-support.png\" alt=\"\" width=\"590\" height=\"298\" \/><\/p>\n<p><a title=\"Acerca de Nosotros\" href=\"https:\/\/www.4mormon.org\/es\/principal\/acerca-de-nosotros\/\"><span style=\"font-size: large;\"><strong>ACERCA DE NOSOTROS<\/strong><\/span><\/a><\/p>\n<p><img loading=\"lazy\" decoding=\"async\" class=\"alignnone\" src=\"http:\/\/witforjesus.org\/images\/long\/4mormon\/bible-answers.png\" alt=\"Bible Answers\" width=\"590\" height=\"251\" \/><\/p>\n<h2><a title=\"Respuestas B\u00edblicas\" href=\"https:\/\/www.4mormon.org\/es\/respuestas-biblicas\/\"><strong><b>RESPUESTAS B\u00cdBLICAS<\/b><\/strong><\/a><\/h2>\n<ul>\n<li><strong>Creencias y Pr\u00e1cticas del Mormonismo<br \/>\n<\/strong><\/li>\n<li><strong>Historia y Esc\u00e1ndalos de la Iglesia Mormona<\/strong><\/li>\n<\/ul>\n<p><img loading=\"lazy\" decoding=\"async\" class=\"alignnone\" src=\"http:\/\/witforjesus.org\/images\/long\/4mormon\/lds-faq.png\" alt=\"Folding Tracts\" width=\"590\" height=\"283\" \/><\/p>\n<h2><a title=\"Ex-Mormones\" href=\"https:\/\/www.4mormon.org\/es\/ex-mormones\/#faq\"><strong>AYUDA\u00a0<\/strong><strong>\u2013<\/strong><strong>\u00a0Preguntas y Respuestas<\/strong><\/a><\/h2>\n<ul>\n<li><strong>Determinando la Verdad<\/strong><\/li>\n<li><strong><b>Abandonando el\u00a0mormonismo<\/b><br \/>\n<\/strong><\/li>\n<li><strong>Noviazgo y matrimonio<\/strong><\/li>\n<li><strong>Alcanzando a los seres amados<\/strong><\/li>\n<\/ul>\n<p>&nbsp;<\/p>\n<p><strong><img loading=\"lazy\" decoding=\"async\" class=\"alignnone\" title=\"Evangelism\" src=\"http:\/\/witforjesus.org\/images\/long\/4mormon\/missionary-tools.png\" alt=\"Evangelism\" width=\"590\" height=\"243\" \/><\/strong><\/p>\n<h2><strong><a title=\"Obra misional\" href=\"https:\/\/www.4mormon.org\/es\/herramientas-para-misioneros\/\"><b>HERRAMIENTAS PARA MISIONEROS<\/b><\/a><br \/>\n<\/strong><\/h2>\n<ul>\n<li><strong>Gu\u00edas de Entrenamiento para Evangelizar<br \/>\n<\/strong><\/li>\n<li><strong>Preguntas para Mormones<\/strong><\/li>\n<li><strong>Tarjetas para Mormones<\/strong><\/li>\n<li><strong>Tratados para Mormones<\/strong><\/li>\n<\/ul>\n<p>&nbsp;<\/p>\n<p><a title=\"Ex-Mormones\" href=\"https:\/\/www.4mormon.org\/es\/testimonios-ex-mormones\/\"><img loading=\"lazy\" decoding=\"async\" src=\"http:\/\/witforjesus.org\/images\/ldsstories\/ldsstories2.jpg\" alt=\"Ex-Mormons\" width=\"596\" height=\"141\" \/><\/a><\/p>\n<p><a title=\"Ex-Mormones\" href=\"https:\/\/www.4mormon.org\/es\/testimonios-ex-mormones\/\"><span style=\"font-size: x-large;\"><strong><b>M\u00c1S HISTORIAS DE EX-MORMONES<\/b><\/strong><\/span><\/a><\/p>\n<div class=\"mceTemp\"><\/div>\n<p>&nbsp;<\/p>\n","protected":false},"excerpt":{"rendered":"<p>\u00a1Bienvenidos Sean Cristianos Santos de los \u00daltimos D\u00edas para Jes\u00fas! La Biblia vs El Libro De Mormon El ADN vs El Libro de Morm\u00f3n &#8211; Documental Completo Mormones Falsa Doctrina: El Libro Perdido de Abraham \u00bfEST\u00c1S PREPARADO PARA COMPARECER ANTE DIOS? \u201c\u00bfHab\u00e9is caminado, conserv\u00e1ndoos irreprensibles delante de Dios? &#8230; He aqu\u00ed, \u00bfos hall\u00e1is despojados del&#8230;<\/p>\n","protected":false},"author":1,"featured_media":5037,"parent":0,"menu_order":0,"comment_status":"closed","ping_status":"closed","template":"","meta":{"footnotes":""},"class_list":["post-1150","page","type-page","status-publish","has-post-thumbnail","hentry"],"_links":{"self":[{"href":"https:\/\/www.4mormon.org\/es\/wp-json\/wp\/v2\/pages\/1150","targetHints":{"allow":["GET"]}}],"collection":[{"href":"https:\/\/www.4mormon.org\/es\/wp-json\/wp\/v2\/pages"}],"about":[{"href":"https:\/\/www.4mormon.org\/es\/wp-json\/wp\/v2\/types\/page"}],"author":[{"embeddable":true,"href":"https:\/\/www.4mormon.org\/es\/wp-json\/wp\/v2\/users\/1"}],"replies":[{"embeddable":true,"href":"https:\/\/www.4mormon.org\/es\/wp-json\/wp\/v2\/comments?post=1150"}],"version-history":[{"count":43,"href":"https:\/\/www.4mormon.org\/es\/wp-json\/wp\/v2\/pages\/1150\/revisions"}],"predecessor-version":[{"id":6045,"href":"https:\/\/www.4mormon.org\/es\/wp-json\/wp\/v2\/pages\/1150\/revisions\/6045"}],"wp:featuredmedia":[{"embeddable":true,"href":"https:\/\/www.4mormon.org\/es\/wp-json\/wp\/v2\/media\/5037"}],"wp:attachment":[{"href":"https:\/\/www.4mormon.org\/es\/wp-json\/wp\/v2\/media?parent=1150"}],"curies":[{"name":"wp","href":"https:\/\/api.w.org\/{rel}","templated":true}]}}