{"id":1161,"date":"2013-05-21T03:34:18","date_gmt":"2013-05-21T03:34:18","guid":{"rendered":"http:\/\/www.4mormon.org\/?page_id=1161"},"modified":"2013-07-20T20:36:39","modified_gmt":"2013-07-20T20:36:39","slug":"biblioteca","status":"publish","type":"page","link":"https:\/\/www.4mormon.org\/es\/biblioteca\/","title":{"rendered":"Biblioteca"},"content":{"rendered":"<p><img loading=\"lazy\" decoding=\"async\" title=\"Books about Jehovah's Witnesses\" alt=\"Books about Jehovah's Witnesses\" src=\"http:\/\/witforjesus.org\/images\/jwbooks\/jw-books.jpg\" width=\"590\" height=\"165\" \/><\/p>\n<p style=\"padding-left: 30px; text-align: left;\"><span style=\"font-size: x-large;\"><strong><strong>LIBROS ACERCA DEL MORMONISMO<\/strong><br \/>\n<\/strong><\/span><\/p>\n<p><a title=\"Audio CDs and MP3s about Mormonism\" href=\"https:\/\/www.4mormon.org\/library\/audio-mp3\/\"><img loading=\"lazy\" decoding=\"async\" title=\"Audio CDs about Mormonism\" alt=\"Audio CDs about Mormonism\" src=\"http:\/\/witforjesus.org\/images\/ldsmedia\/ldscds.jpg\" width=\"590\" height=\"182\" \/><\/a><\/p>\n<p style=\"padding-left: 30px;\"><a title=\"Audio CDs and MP3s about Mormonism\" href=\"https:\/\/www.4mormon.org\/library\/audio-mp3\/\"><span style=\"font-size: x-large;\"><strong><strong>CDS Y MP3S DE <\/strong><b>AUDIO <strong>(\u00danicamente en Ingl\u00e9s)<\/strong><\/b><\/strong><\/span><\/a><\/p>\n<p><a title=\"LDS Questions: Answering Questions Your Mormon Friends Ask\" href=\"\/?page_id=921\"><img loading=\"lazy\" decoding=\"async\" alt=\"LDS Questions: Answering Questions Your Mormon Friends Ask\" src=\"http:\/\/witforjesus.org\/images\/ldsmedia\/dvd-ldsq.jpg\" width=\"279\" height=\"322\" \/><\/a><\/p>\n<p><span style=\"font-size: large;\"><a title=\"DVD Videos\" href=\"https:\/\/www.4mormon.org\/library\/dvd-videos\/\"><strong><strong>VIDEOS ACERCA DEL MORMONISMO <\/strong><b>(\u00danicamente en Ingl\u00e9s)<\/b><\/strong><\/a><\/span><\/p>\n<p>&nbsp;<\/p>\n","protected":false},"excerpt":{"rendered":"<p>LIBROS ACERCA DEL MORMONISMO CDS Y MP3S DE AUDIO (\u00danicamente en Ingl\u00e9s) VIDEOS ACERCA DEL MORMONISMO (\u00danicamente en Ingl\u00e9s) &nbsp;<\/p>\n","protected":false},"author":1,"featured_media":0,"parent":0,"menu_order":0,"comment_status":"closed","ping_status":"closed","template":"","meta":{"footnotes":""},"class_list":["post-1161","page","type-page","status-publish","hentry"],"_links":{"self":[{"href":"https:\/\/www.4mormon.org\/es\/wp-json\/wp\/v2\/pages\/1161","targetHints":{"allow":["GET"]}}],"collection":[{"href":"https:\/\/www.4mormon.org\/es\/wp-json\/wp\/v2\/pages"}],"about":[{"href":"https:\/\/www.4mormon.org\/es\/wp-json\/wp\/v2\/types\/page"}],"author":[{"embeddable":true,"href":"https:\/\/www.4mormon.org\/es\/wp-json\/wp\/v2\/users\/1"}],"replies":[{"embeddable":true,"href":"https:\/\/www.4mormon.org\/es\/wp-json\/wp\/v2\/comments?post=1161"}],"version-history":[{"count":3,"href":"https:\/\/www.4mormon.org\/es\/wp-json\/wp\/v2\/pages\/1161\/revisions"}],"predecessor-version":[{"id":3106,"href":"https:\/\/www.4mormon.org\/es\/wp-json\/wp\/v2\/pages\/1161\/revisions\/3106"}],"wp:attachment":[{"href":"https:\/\/www.4mormon.org\/es\/wp-json\/wp\/v2\/media?parent=1161"}],"curies":[{"name":"wp","href":"https:\/\/api.w.org\/{rel}","templated":true}]}}