{"id":1217,"date":"2013-05-21T20:07:41","date_gmt":"2013-05-21T20:07:41","guid":{"rendered":"http:\/\/www.4mormon.org\/?page_id=1217"},"modified":"2018-12-11T22:53:13","modified_gmt":"2018-12-11T22:53:13","slug":"ex-mormones","status":"publish","type":"page","link":"https:\/\/www.4mormon.org\/es\/ex-mormones\/","title":{"rendered":"FAQ &#8211; Ex-Mormones"},"content":{"rendered":"<p><span style=\"font-size: large;\"><strong><b>\u00a1BIENVENIDOS SEAN EX-MORMONES Y CRISTIANOS QUE SE PREOCUPAN POR LOS DEM\u00c1S!<\/b><\/strong><\/span><\/p>\n<p><a title=\"Ex-Mormon Testimonies\" href=\"https:\/\/www.4mormon.org\/ex-mormon-testimonies\/\"><img loading=\"lazy\" decoding=\"async\" src=\"http:\/\/witforjesus.org\/images\/ldsstories\/ldsstories2.jpg\" alt=\"Ex-Mormons\" width=\"590\" height=\"142\" \/><\/a><\/p>\n<p><a title=\"Testimonios de ex-mormones\" href=\"https:\/\/www.4mormon.org\/es\/testimonios-ex-mormones\/\"><span style=\"font-size: x-large;\"><strong><b>TESTIMONIOS DE EX-MORMONES<\/b><\/strong><\/span><\/a><\/p>\n<p><strong><a name=\"faq\"><\/a><\/strong><\/p>\n<p><a title=\"Ex-Jehovah\u2019s Witnesses\" href=\"https:\/\/www.4mormon.org\/es\/?p=1791\"><img loading=\"lazy\" decoding=\"async\" src=\"http:\/\/witforjesus.org\/images\/long\/4mormon\/lds-faq.png\" alt=\"Folding Tracts\" width=\"590\" height=\"283\" \/><\/a><\/p>\n<p><span style=\"font-size: x-large;\"><strong><b>PREGUNTAS FRECUENTES \u2013 AYUDA PARA EX-MORMONES<\/b><\/strong><\/span><\/p>\n<p><img loading=\"lazy\" decoding=\"async\" class=\"alignnone size-medium\" src=\"http:\/\/www.witforjesus.org\/images\/long\/4mormon\/determining-truth.png\" width=\"590\" height=\"283\" \/><\/p>\n<p><strong><span style=\"font-size: x-large;\"><a title=\"PF Acerca de determinando la Verdad\" href=\"https:\/\/www.4mormon.org\/es\/ex-mormones\/pf-acerca-de-determinando-la-verdad\/\">DETERMINANDO LA VERDAD<\/a><\/span><\/strong><\/p>\n<ul class=\"lcp_catlist\" id=\"lcp_instance_0\"><li><a href=\"https:\/\/www.4mormon.org\/es\/alianzas-en-negocios-y-politica\/\">Alianzas en negocios y pol\u00edtica<\/a><\/li><li><a href=\"https:\/\/www.4mormon.org\/es\/creen-ustedes-que-el-espiritu-santo-responde-a-las-oraciones\/\">\u00bfCreen ustedes que el esp\u00edritu santo responde a las oraciones?<\/a><\/li><li><a href=\"https:\/\/www.4mormon.org\/es\/por-que-no-obtienes-tu-propio-testimonio-de-la-iglesia-mormona\/\">\u00bfPor qu\u00e9 no obtienes tu propio testimonio de la Iglesia mormona?<\/a><\/li><li><a href=\"https:\/\/www.4mormon.org\/es\/respuesta-a-un-testimonio-mormon\/\">Respuesta a un testimonio morm\u00f3n<\/a><\/li><li><a href=\"https:\/\/www.4mormon.org\/es\/necios-ciegos-por-que-no-vuelven-todos-a-casa\/\">\u00a1Necios ciegos! \u00a1\u00bfPor qu\u00e9 no vuelven todos a casa?!<\/a><\/li><li><a href=\"https:\/\/www.4mormon.org\/es\/es-verdadero-el-espiritu-del-mormonismo\/\">\u00bfEs verdadero el \u201cesp\u00edritu\u201d del mormonismo?<\/a><\/li><\/ul>\n<p><img loading=\"lazy\" decoding=\"async\" class=\"alignnone size-medium\" src=\"http:\/\/www.witforjesus.org\/images\/long\/4mormon\/out-lds.png\" width=\"590\" height=\"286\" \/><\/p>\n<p><strong><a title=\"PF Acerca de abandonando el mormonismo\" href=\"https:\/\/www.4mormon.org\/es\/ex-mormones\/pf-acerca-de-abandonando-el-mormonismo\/\"><span style=\"font-size: x-large;\">ABANDONANDO EL MORMONISMO<\/span><\/a><\/strong><\/p>\n<ul class=\"lcp_catlist\" id=\"lcp_instance_0\"><li><a href=\"https:\/\/www.4mormon.org\/es\/como-puedo-dejar-la-iglesia-mormona-si-esto-puede-destruir-mi-matrimonio\/\">\u00bfC\u00f3mo puedo dejar la Iglesia mormona si esto puede destruir mi matrimonio?<\/a><\/li><li><a href=\"https:\/\/www.4mormon.org\/es\/como-remover-tu-de-los-registros-de-membresia\/\">C\u00f3mo remover tu  de los registros de membres\u00cda<\/a><\/li><li><a href=\"https:\/\/www.4mormon.org\/es\/como-puedo-encontrarme-con-ex-mormones-en-mi-localidad\/\">\u00bfC\u00f3mo puedo encontrarme con ex-mormones en mi localidad?<\/a><\/li><li><a href=\"https:\/\/www.4mormon.org\/es\/despues-del-mormonismo-que\/\">Despu\u00e9s del mormonismo, \u00bfQu\u00e9?<\/a><\/li><\/ul>\n<p><img loading=\"lazy\" decoding=\"async\" class=\"alignnone size-medium\" src=\"http:\/\/www.witforjesus.org\/images\/long\/4jehovah\/marriage.png\" width=\"590\" height=\"285\" \/><\/p>\n<p><a title=\"PF acerca de noviazgo y matrimonio\" href=\"https:\/\/www.4mormon.org\/es\/ex-mormones\/pf-acerca-de-noviazgo-y-matrimonio\/\"><strong><span style=\"font-size: x-large;\">NOVIAZGO Y MATRIMONIO<\/span><\/strong><\/a><\/p>\n<ul class=\"lcp_catlist\" id=\"lcp_instance_0\"><li><a href=\"https:\/\/www.4mormon.org\/es\/como-puedo-alcanzar-a-mi-hija-que-esta-siendo-criada-como-mormona\/\">\u00bfC\u00f3mo puedo alcanzar a mi hija que est\u00e1 siendo criada como mormona?<\/a><\/li><li><a href=\"https:\/\/www.4mormon.org\/es\/nuestra-hija-esta-saliendo-con-un-mormon\/\">Nuestra hija est\u00e1 saliendo con un morm\u00f3n<\/a><\/li><li><a href=\"https:\/\/www.4mormon.org\/es\/como-puedo-testificar-a-mi-esposo-que-es-mormon-sin-caer-en-una-discusion\/\">\u00bfC\u00f3mo puedo testificar a mi esposo que es morm\u00f3n sin caer en una discusi\u00f3n?<\/a><\/li><\/ul>\n<p><img loading=\"lazy\" decoding=\"async\" class=\"alignnone size-medium\" src=\"http:\/\/www.witforjesus.org\/images\/long\/4mormon\/reaching-loved-ones.png\" width=\"590\" height=\"291\" \/><\/p>\n<p><a title=\"PF Acerca de alcanzando a los seres queridos\" href=\"https:\/\/www.4mormon.org\/es\/ex-mormones\/pf-acerca-de-alcanzando-a-los-seres-queridos\/\"><strong><span style=\"font-size: x-large;\">ALCANZANDO A LOS SERES AMADOS<\/span><\/strong><\/a><\/p>\n<ul class=\"lcp_catlist\" id=\"lcp_instance_0\"><li><a href=\"https:\/\/www.4mormon.org\/es\/como-puedo-compartir-mi-fe-con-los-mormones-sin-causar-un-argumento\/\">\u00bfC\u00f3mo puedo compartir mi fe con los mormones sin causar un argumento?<\/a><\/li><li><a href=\"https:\/\/www.4mormon.org\/es\/estoy-frustrado-como-puedo-hacer-entender-a-los-mormones\/\">\u00a1Estoy frustrado! \u00bfc\u00f3mo puedo hacer entender a los mormones?<\/a><\/li><li><a href=\"https:\/\/www.4mormon.org\/es\/los-mormones-aceptan-como-fidedignas-las-escrituras-de-los-lideres-mormones-para-definir-la-doctrina-mormona\/\">\u00bfLos mormones aceptan como fidedignas las escrituras de los l\u00edderes mormones para definir la doctrina mormona?<\/a><\/li><\/ul>\n<p>&nbsp;<\/p>\n","protected":false},"excerpt":{"rendered":"<p>\u00a1BIENVENIDOS SEAN EX-MORMONES Y CRISTIANOS QUE SE PREOCUPAN POR LOS DEM\u00c1S! TESTIMONIOS DE EX-MORMONES PREGUNTAS FRECUENTES \u2013 AYUDA PARA EX-MORMONES DETERMINANDO LA VERDAD ABANDONANDO EL MORMONISMO NOVIAZGO Y MATRIMONIO ALCANZANDO A LOS SERES AMADOS &nbsp;<\/p>\n","protected":false},"author":2,"featured_media":0,"parent":0,"menu_order":0,"comment_status":"closed","ping_status":"closed","template":"","meta":{"footnotes":""},"class_list":["post-1217","page","type-page","status-publish","hentry"],"_links":{"self":[{"href":"https:\/\/www.4mormon.org\/es\/wp-json\/wp\/v2\/pages\/1217","targetHints":{"allow":["GET"]}}],"collection":[{"href":"https:\/\/www.4mormon.org\/es\/wp-json\/wp\/v2\/pages"}],"about":[{"href":"https:\/\/www.4mormon.org\/es\/wp-json\/wp\/v2\/types\/page"}],"author":[{"embeddable":true,"href":"https:\/\/www.4mormon.org\/es\/wp-json\/wp\/v2\/users\/2"}],"replies":[{"embeddable":true,"href":"https:\/\/www.4mormon.org\/es\/wp-json\/wp\/v2\/comments?post=1217"}],"version-history":[{"count":12,"href":"https:\/\/www.4mormon.org\/es\/wp-json\/wp\/v2\/pages\/1217\/revisions"}],"predecessor-version":[{"id":5072,"href":"https:\/\/www.4mormon.org\/es\/wp-json\/wp\/v2\/pages\/1217\/revisions\/5072"}],"wp:attachment":[{"href":"https:\/\/www.4mormon.org\/es\/wp-json\/wp\/v2\/media?parent=1217"}],"curies":[{"name":"wp","href":"https:\/\/api.w.org\/{rel}","templated":true}]}}