{"id":1924,"date":"2013-06-10T06:33:51","date_gmt":"2013-06-10T06:33:51","guid":{"rendered":"http:\/\/www.4mormon.org\/?page_id=1924"},"modified":"2018-05-15T20:49:16","modified_gmt":"2018-05-15T20:49:16","slug":"pf-acerca-de-alcanzando-a-los-seres-queridos","status":"publish","type":"page","link":"https:\/\/www.4mormon.org\/es\/ex-mormones\/pf-acerca-de-alcanzando-a-los-seres-queridos\/","title":{"rendered":"PF acerca de alcanzando a los seres queridos"},"content":{"rendered":"<p><img loading=\"lazy\" decoding=\"async\" src=\"http:\/\/witforjesus.org\/images\/long\/4mormon\/reaching-loved-ones.png\" alt=\"Seeking Truth\" width=\"590\" height=\"291\" \/><\/p>\n<p><strong><strong>PREGUNTAS FRECUENTES ACERCA DE ALCANZANDO A LOS SERES QUERIDOS<\/strong><\/strong><\/p>\n<ul class=\"lcp_catlist\" id=\"lcp_instance_0\"><li><a href=\"https:\/\/www.4mormon.org\/es\/como-puedo-compartir-mi-fe-con-los-mormones-sin-causar-un-argumento\/\">\u00bfC\u00f3mo puedo compartir mi fe con los mormones sin causar un argumento?<\/a><\/li><li><a href=\"https:\/\/www.4mormon.org\/es\/estoy-frustrado-como-puedo-hacer-entender-a-los-mormones\/\">\u00a1Estoy frustrado! \u00bfc\u00f3mo puedo hacer entender a los mormones?<\/a><\/li><li><a href=\"https:\/\/www.4mormon.org\/es\/los-mormones-aceptan-como-fidedignas-las-escrituras-de-los-lideres-mormones-para-definir-la-doctrina-mormona\/\">\u00bfLos mormones aceptan como fidedignas las escrituras de los l\u00edderes mormones para definir la doctrina mormona?<\/a><\/li><\/ul>\n<p><strong><span style=\"text-align: left;\"><img loading=\"lazy\" decoding=\"async\" src=\"http:\/\/witforjesus.org\/images\/bullets.jpg\" alt=\"bullets\" width=\"10\" height=\"9\" \/><\/span><\/strong><a title=\"\u00bfQU\u00c9 RECURSOS EST\u00c1N DISPONIBLES PARA VIAJES DE MISIONES DE LAS IGLESIAS A UTAH?\" href=\"https:\/\/www.4mormon.org\/what-resources-are-there-for-church-mission-trips-to-utah\/\"><strong> \u00bfQU\u00c9 RECURSOS EST\u00c1N DISPONIBLES PARA VIAJES DE MISIONES DE LAS IGLESIAS A UTAH?<\/strong><\/a> (s\u00f3lo en Ingl\u00e9s)<\/p>\n<div class=\"add_posts\"><a class=\"post-thumb alignleft\" style=\"float:left; margin-right:15px; clear:both;\" href=\"https:\/\/www.4mormon.org\/es\/como-puedo-compartir-mi-fe-con-los-mormones-sin-causar-un-argumento\/ \"><\/a><div class=\"add_posts_content\" style=\"clear:both;\"><h2 class=\"title\" style=\"clear: none;\"><a href=\"https:\/\/www.4mormon.org\/es\/como-puedo-compartir-mi-fe-con-los-mormones-sin-causar-un-argumento\/\">\u00bfC\u00f3mo puedo compartir mi fe con los mormones sin causar un argumento?<\/a><\/h2><div class=\"post-content\" style=\"clear:both\";><p><img decoding=\"async\" src=\"http:\/\/witforjesus.org\/images\/long\/4mormon\/mormon-argument.png\" alt=\"bullets\" \/> <strong><a href=\"images\/stories\/downloads\/mormon\/ldshelp\/lds_no_debate.pdf\"><br \/>\n<\/a><\/strong><\/p>\n<p><strong>\u00bfC\u00d3MO PUEDO COMPARTIR MI FE CON LOS MORMONES SIN CAUSAR UN ARGUMENTO? <\/strong><\/p>\n<blockquote>\n<p align=\"justify\">\u201cAlgo gracioso sucedi\u00f3 el d\u00eda de hoy. Dos j\u00f3venes <strong>misioneros mormones estaban caminando <\/strong>pornuestra calle por segunda vez pidiendo compartir su \u2018mensaje \u00fanico de salvaci\u00f3n.\u2019 Les dije que yo hab\u00eda conocido a Jes\u00fas como mi Salvador personal desde que ten\u00eda ocho a\u00f1os de edad.\u00a0 Me hicieron unas cuantas preguntas y dijeron que deseaban regresar en otra ocasi\u00f3n m\u00e1s conveniente. Yo les dije que <strong>estar\u00eda dispuesto a conversar con ellos. <\/strong>Sin embargo, <strong>no soy una persona que le gusta la confrontaci\u00f3n y particularmente no me gusta entrar en debates, <\/strong>pero ya que los sigo viendo y sab\u00eda que el ministerio de ustedes me podr\u00eda ayudar, acord\u00e9 conversar con ellos nuevamente. \u00bfQu\u00e9 sugieren que yo comparta con ellos para que no se convierta en un argumento?\u201d<\/p>\n <a href=\"https:\/\/www.4mormon.org\/es\/como-puedo-compartir-mi-fe-con-los-mormones-sin-causar-un-argumento\/\" class=\"readmore\">Read more<\/a><\/div><hr style=\"margin:10px 0\"><\/div><a class=\"post-thumb alignleft\" style=\"float:left; margin-right:15px; clear:both;\" href=\"https:\/\/www.4mormon.org\/es\/estoy-frustrado-como-puedo-hacer-entender-a-los-mormones\/ \"><img loading=\"lazy\" decoding=\"async\" width=\"64\" height=\"64\" src=\"https:\/\/www.4mormon.org\/wp-content\/uploads\/2013\/06\/A_scene_outside_a_church-tracts-crop-100x100.jpg\" class=\"attachment-64x64 size-64x64 wp-post-image\" alt=\"\" srcset=\"https:\/\/www.4mormon.org\/wp-content\/uploads\/2013\/06\/A_scene_outside_a_church-tracts-crop-100x100.jpg 100w, https:\/\/www.4mormon.org\/wp-content\/uploads\/2013\/06\/A_scene_outside_a_church-tracts-crop-150x150.jpg 150w, https:\/\/www.4mormon.org\/wp-content\/uploads\/2013\/06\/A_scene_outside_a_church-tracts-crop-480x480.jpg 480w\" sizes=\"auto, (max-width: 64px) 100vw, 64px\" \/><\/a><div class=\"add_posts_content\" style=\"clear:both;\"><h2 class=\"title\" style=\"clear: none;\"><a href=\"https:\/\/www.4mormon.org\/es\/estoy-frustrado-como-puedo-hacer-entender-a-los-mormones\/\">\u00a1Estoy frustrado! \u00bfc\u00f3mo puedo hacer entender a los mormones?<\/a><\/h2><div class=\"post-content\" style=\"clear:both\";><p><img loading=\"lazy\" decoding=\"async\" class=\"alignright\" style=\"margin: 10px;\" alt=\"bullets\" src=\"http:\/\/witforjesus.org\/images\/ldsarticles\/love-mormons3.jpg\" width=\"300\" height=\"344\" \/><\/p>\n<p><b>\u00a1ESTOY FRUSTRADO! \u00bfC\u00d3MO PUEDO HACER ENTENDER A LOS MORMONES?<\/b><\/p>\n<blockquote>\n<p align=\"justify\">\u201cEstoy desanimado. Me parece que simplemente NO HAY FORMA de alcanzar a los mormones con el Evangelio verdadero. Siendo un cristiano evang\u00e9lico, no deseo azotar la puerta en sus caras como hacen algunas personas. Realmente deseo hablar con ellos, pero no en sus t\u00e9rminos, s\u00f3lo en los m\u00edos. Despu\u00e9s de todo, el peso de la prueba recae sobre el que hace la afirmaci\u00f3n. Ellos me deben comprobar que el Libro de Morm\u00f3n es Escritura inspirada por Dios y que Jos\u00e9 Smith realmente fue un verdadero Profeta de Dios.\u00a0 Ellos me deben comprobar que Dios alguna vez fue hombre y que los hombres pueden llegar a ser \u201cdioses.\u201d He pasado noches despierto <b>tratando de pensar en una manera de alcanzar a estas personas con argumentos convincentes y poderosos, <\/b>tanto de la Biblia al igual que de su propio Libro de Morm\u00f3n. Sin embargo, sin importar si pueden o no responder a mis preguntas o probar sus puntos, siempre vuelven a brindar su \u201ctestimonio\u201d y decirme que han \u201corado\u201d con respecto al Libro de Morm\u00f3n, de modo que \u201cSABEN\u201d que es aut\u00e9ntico. Quiz\u00e1s ustedes puedan darme una mejor comprensi\u00f3n acerca de c\u00f3mo penetrar su ceguera con la aut\u00e9ntica Verdad de la Palabra de Dios.\u201d<\/p>\n <a href=\"https:\/\/www.4mormon.org\/es\/estoy-frustrado-como-puedo-hacer-entender-a-los-mormones\/\" class=\"readmore\">Read more<\/a><\/div><hr style=\"margin:10px 0\"><\/div><a class=\"post-thumb alignleft\" style=\"float:left; margin-right:15px; clear:both;\" href=\"https:\/\/www.4mormon.org\/es\/los-mormones-aceptan-como-fidedignas-las-escrituras-de-los-lideres-mormones-para-definir-la-doctrina-mormona\/ \"><img loading=\"lazy\" decoding=\"async\" width=\"64\" height=\"64\" src=\"https:\/\/www.4mormon.org\/wp-content\/uploads\/2013\/06\/A_rustic_cabin_interior-crop-100x100.jpg\" class=\"attachment-64x64 size-64x64 wp-post-image\" alt=\"\" srcset=\"https:\/\/www.4mormon.org\/wp-content\/uploads\/2013\/06\/A_rustic_cabin_interior-crop-100x100.jpg 100w, https:\/\/www.4mormon.org\/wp-content\/uploads\/2013\/06\/A_rustic_cabin_interior-crop-150x150.jpg 150w, https:\/\/www.4mormon.org\/wp-content\/uploads\/2013\/06\/A_rustic_cabin_interior-crop-480x480.jpg 480w\" sizes=\"auto, (max-width: 64px) 100vw, 64px\" \/><\/a><div class=\"add_posts_content\" style=\"clear:both;\"><h2 class=\"title\" style=\"clear: none;\"><a href=\"https:\/\/www.4mormon.org\/es\/los-mormones-aceptan-como-fidedignas-las-escrituras-de-los-lideres-mormones-para-definir-la-doctrina-mormona\/\">\u00bfLos mormones aceptan como fidedignas las escrituras de los l\u00edderes mormones para definir la doctrina mormona?<\/a><\/h2><div class=\"post-content\" style=\"clear:both\";><p><strong><strong><strong><img decoding=\"async\" alt=\"bullets\" src=\"http:\/\/witforjesus.org\/images\/long\/4mormon\/joseph-smith.png\" \/> <\/strong><\/strong><\/strong><\/p>\n<p><strong>\u00bfLOS MORMONES ACEPTAN COMO FIDEDIGNAS LAS ESCRITURAS DE LOS L\u00cdDERES MORMONES PARA DEFINIR LA DOCTRINA MORMONA?\u00a0 <\/strong><\/p>\n<p><strong>CR\u00cdTICA DE UN MORM\u00d3N:<\/strong><\/p>\n<p style=\"text-align: justify;\"><strong>\u201cPara los miembros de la iglesia mormona, las \u00fanicas fuentes de apelaci\u00f3n absoluta para nuestras doctrinas son los Libros can\u00f3nicos<\/strong>. Al observar su sitio Web, no pude evitar notar que ninguna de las preguntas planteadas se remiten a las Escrituras mormonas. Si ustedes est\u00e1n intentando proporcionar informaci\u00f3n precisa acerca de la iglesia mormona, \u00bfpor qu\u00e9 no citan el canon morm\u00f3n?<\/p>\n <a href=\"https:\/\/www.4mormon.org\/es\/los-mormones-aceptan-como-fidedignas-las-escrituras-de-los-lideres-mormones-para-definir-la-doctrina-mormona\/\" class=\"readmore\">Read more<\/a><\/div><hr style=\"margin:10px 0\"><\/div><\/div><div style=\"clear: both;\"><\/div>\n<p>&nbsp;<\/p>\n","protected":false},"excerpt":{"rendered":"<p>PREGUNTAS FRECUENTES ACERCA DE ALCANZANDO A LOS SERES QUERIDOS \u00bfQU\u00c9 RECURSOS EST\u00c1N DISPONIBLES PARA VIAJES DE MISIONES DE LAS IGLESIAS A UTAH? (s\u00f3lo en Ingl\u00e9s) &nbsp;<\/p>\n","protected":false},"author":1,"featured_media":0,"parent":1217,"menu_order":0,"comment_status":"closed","ping_status":"closed","template":"","meta":{"footnotes":""},"class_list":["post-1924","page","type-page","status-publish","hentry"],"_links":{"self":[{"href":"https:\/\/www.4mormon.org\/es\/wp-json\/wp\/v2\/pages\/1924","targetHints":{"allow":["GET"]}}],"collection":[{"href":"https:\/\/www.4mormon.org\/es\/wp-json\/wp\/v2\/pages"}],"about":[{"href":"https:\/\/www.4mormon.org\/es\/wp-json\/wp\/v2\/types\/page"}],"author":[{"embeddable":true,"href":"https:\/\/www.4mormon.org\/es\/wp-json\/wp\/v2\/users\/1"}],"replies":[{"embeddable":true,"href":"https:\/\/www.4mormon.org\/es\/wp-json\/wp\/v2\/comments?post=1924"}],"version-history":[{"count":10,"href":"https:\/\/www.4mormon.org\/es\/wp-json\/wp\/v2\/pages\/1924\/revisions"}],"predecessor-version":[{"id":4964,"href":"https:\/\/www.4mormon.org\/es\/wp-json\/wp\/v2\/pages\/1924\/revisions\/4964"}],"up":[{"embeddable":true,"href":"https:\/\/www.4mormon.org\/es\/wp-json\/wp\/v2\/pages\/1217"}],"wp:attachment":[{"href":"https:\/\/www.4mormon.org\/es\/wp-json\/wp\/v2\/media?parent=1924"}],"curies":[{"name":"wp","href":"https:\/\/api.w.org\/{rel}","templated":true}]}}