{"id":1930,"date":"2013-06-10T06:41:23","date_gmt":"2013-06-10T06:41:23","guid":{"rendered":"http:\/\/www.4mormon.org\/?page_id=1930"},"modified":"2018-12-11T21:29:10","modified_gmt":"2018-12-11T21:29:10","slug":"tratados-para-mormones","status":"publish","type":"page","link":"https:\/\/www.4mormon.org\/es\/herramientas-para-misioneros\/tratados-para-mormones\/","title":{"rendered":"Tratados para mormones"},"content":{"rendered":"<p><a title=\"Tracts for Jehovah\u2019s Witnesses\" href=\"https:\/\/www.4mormon.org\/es\/?p=2975\"><strong><strong><strong><strong><strong><strong><strong><strong><strong><strong><strong><strong><strong><strong><strong><strong><strong><img loading=\"lazy\" decoding=\"async\" title=\"Tracts \" src=\"http:\/\/witforjesus.org\/images\/long\/4mormon\/tracts.png\" alt=\"Tracts\" width=\"590\" height=\"280\" \/><\/strong><\/strong><\/strong><\/strong><\/strong><\/strong><\/strong><\/strong><\/strong><\/strong><\/strong><\/strong><\/strong><\/strong><\/strong><\/strong><\/strong><\/a><\/p>\n<p><span style=\"font-size: large;\"><strong>TRATADOS PARA REPARTIR A LOS MORMONES<\/strong><\/span><\/p>\n<p><strong><strong><img loading=\"lazy\" decoding=\"async\" src=\"http:\/\/witforjesus.org\/images\/bullets.jpg\" alt=\"Link\" width=\"10\" height=\"9\" \/>\u00a0<strong>Por favor lea <strong><a title=\"Pol\u00edtica de Conducta para la Evangelizaci\u00f3n\" href=\"http:\/\/4witness.org\/es\/pagina-principal\/politica-de-conducta-para-la-evangelizacion\/\"><strong><b><strong>NUESTRA POL\u00cdTICA DE CONDUCTA PARA EVANGELIZAR<\/strong><\/b><\/strong><\/a><\/strong><\/strong><strong> y <a title=\"Pol\u00edtica de derechos reservados\" href=\"https:\/\/www.4mormon.org\/es\/principal\/terminos-y-condiciones\/declaracion-de-derechos-de-autor\/\"><strong><strong>NUESTRA POL\u00cdTICA DE DERECHOS RESERVADOS<\/strong><\/strong><\/a> <\/strong><strong>antes de utilizar nuestros recursos.<\/strong><\/strong><\/strong><\/p>\n<ul class=\"lcp_catlist\" id=\"lcp_instance_0\"><li><a href=\"https:\/\/www.4mormon.org\/es\/estas-preparado-para-comparecer-ante-dios\/\">\u00bfEst\u00e1s preparado para comparecer ante Dios?<\/a><\/li><\/ul>\n<div class=\"add_posts\"><a class=\"post-thumb alignleft\" style=\"float:left; margin-right:15px; clear:both;\" href=\"https:\/\/www.4mormon.org\/es\/estas-preparado-para-comparecer-ante-dios\/ \"><\/a><div class=\"add_posts_content\" style=\"clear:both;\"><h2 class=\"title\" style=\"clear: none;\"><a href=\"https:\/\/www.4mormon.org\/es\/estas-preparado-para-comparecer-ante-dios\/\">\u00bfEst\u00e1s preparado para comparecer ante Dios?<\/a><\/h2><div class=\"post-content\" style=\"clear:both\";><p><strong><strong><b><img loading=\"lazy\" decoding=\"async\" alt=\"Are You Prepared to Meet God?\" src=\"http:\/\/witforjesus.org\/images\/long\/4mormon\/meet-god.png\" width=\"590\" height=\"344\" \/><\/b><\/strong><\/strong><\/p>\n<p><strong><strong><strong><strong><strong><strong><strong><strong><strong><a href=\"http:\/\/witforjesus.org\/downloads\/spanish\/tracts\/lds\/stl-apmg.pdf\"><img loading=\"lazy\" decoding=\"async\" alt=\"PDF\" src=\"http:\/\/witforjesus.org\/images\/buttons\/pdf.jpg\" width=\"44\" height=\"21\" \/><\/a><\/strong><\/strong><\/strong><\/strong><\/strong><\/strong><\/strong><\/strong><\/strong><\/p>\n<p><strong><span class=\"style1\"><b>\u00bfEST\u00c1S PREPARADO PARA COMPARECER ANTE DIOS?--<b>Una prueba simple para los Santos de los \u00daltimos D\u00edas que son honestos<\/b><\/b><br \/>\n<\/span><\/strong><\/p>\n<p>\u201c\u00bfHab\u00e9is caminado, <b>conserv\u00e1ndoos irreprensibles<\/b> delante de Dios? Si os tocase morir <b>en este momento<\/b>, \u00bfpodr\u00edais decir, dentro de vosotros, que hab\u00e9is sido <b>suficientemente humildes<\/b>? \u2026He aqu\u00ed, \u00bf<b>os hall\u00e1is despojados de orgullo<\/b>? <b>Si no, yo os digo que no est\u00e1is preparados para comparecer ante Dios<\/b>.\u00a0 He aqu\u00ed, deb\u00e9is disponeros prontamente; porque el reino de los cielos pronto se acerca, y <b>el que no est\u00e9 preparado no tendr\u00e1 vida eterna<\/b>.\u201d \u2014Alma 5:27-28, <i>Libro de Morm\u00f3n<\/p>\n <a href=\"https:\/\/www.4mormon.org\/es\/estas-preparado-para-comparecer-ante-dios\/\" class=\"readmore\">Read more<\/a><\/div><hr style=\"margin:10px 0\"><\/div><\/div><div style=\"clear: both;\"><\/div>\n<p><strong><b><img loading=\"lazy\" decoding=\"async\" src=\"http:\/\/witforjesus.org\/images\/bullets.jpg\" alt=\"bullets\" width=\"10\" height=\"9\" \/><\/b>\u00a0<a title=\"Chip\u2019s Street Witnessing Tracts For Mormon Evangelism\" href=\"http:\/\/4witness.org\/chips-street-witnessing-tracts-for-mormon-evangelism\/\">TRATADOS PARA EVANGELIZAR A MORMONES EN LAS CALLES<\/a><\/strong> (S\u00f3lo en ingl\u00e9s &#8211; 4witness.org)<\/p>\n<p>&nbsp;<\/p>\n<p>&nbsp;<\/p>\n","protected":false},"excerpt":{"rendered":"<p>TRATADOS PARA REPARTIR A LOS MORMONES \u00a0Por favor lea NUESTRA POL\u00cdTICA DE CONDUCTA PARA EVANGELIZAR y NUESTRA POL\u00cdTICA DE DERECHOS RESERVADOS antes de utilizar nuestros recursos. \u00a0TRATADOS PARA EVANGELIZAR A MORMONES EN LAS CALLES (S\u00f3lo en ingl\u00e9s &#8211; 4witness.org) &nbsp; &nbsp;<\/p>\n","protected":false},"author":1,"featured_media":0,"parent":1022,"menu_order":0,"comment_status":"closed","ping_status":"closed","template":"","meta":{"footnotes":""},"class_list":["post-1930","page","type-page","status-publish","hentry"],"_links":{"self":[{"href":"https:\/\/www.4mormon.org\/es\/wp-json\/wp\/v2\/pages\/1930","targetHints":{"allow":["GET"]}}],"collection":[{"href":"https:\/\/www.4mormon.org\/es\/wp-json\/wp\/v2\/pages"}],"about":[{"href":"https:\/\/www.4mormon.org\/es\/wp-json\/wp\/v2\/types\/page"}],"author":[{"embeddable":true,"href":"https:\/\/www.4mormon.org\/es\/wp-json\/wp\/v2\/users\/1"}],"replies":[{"embeddable":true,"href":"https:\/\/www.4mormon.org\/es\/wp-json\/wp\/v2\/comments?post=1930"}],"version-history":[{"count":9,"href":"https:\/\/www.4mormon.org\/es\/wp-json\/wp\/v2\/pages\/1930\/revisions"}],"predecessor-version":[{"id":5054,"href":"https:\/\/www.4mormon.org\/es\/wp-json\/wp\/v2\/pages\/1930\/revisions\/5054"}],"up":[{"embeddable":true,"href":"https:\/\/www.4mormon.org\/es\/wp-json\/wp\/v2\/pages\/1022"}],"wp:attachment":[{"href":"https:\/\/www.4mormon.org\/es\/wp-json\/wp\/v2\/media?parent=1930"}],"curies":[{"name":"wp","href":"https:\/\/api.w.org\/{rel}","templated":true}]}}