{"id":1932,"date":"2013-06-10T06:46:41","date_gmt":"2013-06-10T06:46:41","guid":{"rendered":"http:\/\/www.4mormon.org\/?page_id=1932"},"modified":"2016-09-23T23:09:16","modified_gmt":"2016-09-23T23:09:16","slug":"preguntas-para-los-mormones","status":"publish","type":"page","link":"https:\/\/www.4mormon.org\/es\/herramientas-para-misioneros\/preguntas-para-los-mormones\/","title":{"rendered":"Preguntas para los mormones"},"content":{"rendered":"<p><a title=\"Questions for Jehovah\u2019s Witnesses\" href=\"https:\/\/www.4mormon.org\/pt-pt\/respostas-biblicas\/\"><strong><strong><strong><strong><strong><strong><strong><strong><strong><strong><strong><strong><strong><strong><strong><strong><strong><img decoding=\"async\" title=\"Evangelism\" src=\"http:\/\/witforjesus.org\/images\/long\/4mormon\/questions-for-mormons.png\" alt=\"Evangelism\" \/><\/strong><\/strong><\/strong><\/strong><\/strong><\/strong><\/strong><\/strong><\/strong><\/strong><\/strong><\/strong><\/strong><\/strong><\/strong><\/strong><\/strong><\/a><\/p>\n<p><span style=\"font-size: large;\"><strong>PASO-A-PASO PREGUNTAS PARA MORMONES<\/strong><\/span><\/p>\n<p><strong><img loading=\"lazy\" decoding=\"async\" src=\"http:\/\/witforjesus.org\/images\/bullets.jpg\" alt=\"Link\" width=\"10\" height=\"9\" \/>\u00a0Por favor lea <a title=\"Pol\u00edtica de Conducta para la Evangelizaci\u00f3n\" href=\"http:\/\/4witness.org\/es\/pagina-principal\/politica-de-conducta-para-la-evangelizacion\/\"><b>NUESTRA POL\u00cdTICA DE CONDUCTA PARA EVANGELIZAR<\/b><\/a> y <a title=\"Pol\u00edtica de derechos reservados\" href=\"https:\/\/www.4mormon.org\/es\/principal\/terminos-y-condiciones\/declaracion-de-derechos-de-autor\/\">NUESTRA POL\u00cdTICA DE DERECHOS RESERVADOS<\/a> antes de utilizar nuestros recursos.<\/strong><\/p>\n<div class=\"add_posts\"><a class=\"post-thumb alignleft\" style=\"float:left; margin-right:15px; clear:both;\" href=\"https:\/\/www.4mormon.org\/es\/poseia-jose-smith-la-autoridad-sacerdotal-apropiada\/ \"><img loading=\"lazy\" decoding=\"async\" width=\"64\" height=\"64\" src=\"https:\/\/www.4mormon.org\/wp-content\/uploads\/2013\/04\/An_Israeli_priest-crop-100x100.jpg\" class=\"attachment-64x64 size-64x64 wp-post-image\" alt=\"\" srcset=\"https:\/\/www.4mormon.org\/wp-content\/uploads\/2013\/04\/An_Israeli_priest-crop-100x100.jpg 100w, https:\/\/www.4mormon.org\/wp-content\/uploads\/2013\/04\/An_Israeli_priest-crop-150x150.jpg 150w, https:\/\/www.4mormon.org\/wp-content\/uploads\/2013\/04\/An_Israeli_priest-crop-480x480.jpg 480w\" sizes=\"auto, (max-width: 64px) 100vw, 64px\" \/><\/a><div class=\"add_posts_content\" style=\"clear:both;\"><h2 class=\"title\" style=\"clear: none;\"><a href=\"https:\/\/www.4mormon.org\/es\/poseia-jose-smith-la-autoridad-sacerdotal-apropiada\/\">\u00bfPose\u00eda Jos\u00e9 Smith la autoridad sacerdotal apropiada?<\/a><\/h2><div class=\"post-content\" style=\"clear:both\";><p><strong><strong><img loading=\"lazy\" decoding=\"async\" alt=\"bullets\" src=\"http:\/\/witforjesus.org\/images\/long\/4mormon\/authority.png\" width=\"590\" height=\"382\" \/><\/strong><\/strong><\/p>\n<p><strong>.:\u00bfPOSE\u00cdA JOS\u00c9 SMITH LA AUTORIDAD SACERDOTAL APROPIADA COMO PARA RESTAURAR LA IGLESIA DE CRISTO EN 1830? \u201411 preguntas para los mormones con respecto a la autoridad del Sacerdocio en la historia inicial del mormonismo<\/strong><\/p>\n<p align=\"justify\"><strong>1.<\/strong> <strong>\u00bfCree usted que se requer\u00eda que Jos\u00e9 Smith y Oliver Cowdery tuviesen la autoridad de los Sacerdocios Aar\u00f3nico y de Melquisedec para poder organizar la iglesia mormona el 6 de abril de 1830?<\/strong><\/p>\n<blockquote>\n<p align=\"justify\">\u201cAl restaurar el Evangelio, <strong>Dios le dio al hombre el sacerdocio nuevamente<\/strong>. Juan el Bautista vino en 1829 para conferir a <strong>Jos\u00e9 Smith y a Oliver Cowdery<\/strong> el Sacerdocio Aar\u00f3nico (v\u00e9ase <strong>D. y C. 13; 27:8<\/strong>). Luego Pedro, Santiago y Juan, la presidencia de la Iglesia en tiempos antiguos, vinieron y dieron a <strong>Jos\u00e9 y a Oliver el Sacerdocio de Melquisedec<\/strong> y las llaves del reino de Dios (v\u00e9ase <strong>D. y C. 27:12\u201313<\/strong>). ...Por medio de la Restauraci\u00f3n, el sacerdocio volvi\u00f3 a instituirse sobre la tierra, <strong>y quienes lo poseen actualmente tienen la autoridad de efectuar ordenanzas tales como el bautismo<\/strong>, as\u00ed como dirigir el reino del Se\u00f1or sobre la tierra. ...El <strong>6 de abril de 1830<\/strong>, el Salvador <strong>dirigi\u00f3<\/strong> nuevamente <strong>la organizaci\u00f3n de Su Iglesia <\/strong>sobre la tierra (v\u00e9ase <strong>D. y C. 20:1<\/strong>).\u201d\u2014<em>Principios del Evangelio,<\/em> p. 111<\/p>\n <a href=\"https:\/\/www.4mormon.org\/es\/poseia-jose-smith-la-autoridad-sacerdotal-apropiada\/\" class=\"readmore\">Read more<\/a><\/div><hr style=\"margin:10px 0\"><\/div><a class=\"post-thumb alignleft\" style=\"float:left; margin-right:15px; clear:both;\" href=\"https:\/\/www.4mormon.org\/es\/preguntas-para-los-mormones-con-respecto-al-deidad-presentando-el-dios-biblico-y-la-trinidad\/ \"><\/a><div class=\"add_posts_content\" style=\"clear:both;\"><h2 class=\"title\" style=\"clear: none;\"><a href=\"https:\/\/www.4mormon.org\/es\/preguntas-para-los-mormones-con-respecto-al-deidad-presentando-el-dios-biblico-y-la-trinidad\/\">Preguntas para los mormones con respecto al \u201cdeidad\u201d\u2014 presentando el Dios b\u00edblico y la Trinidad<\/a><\/h2><div class=\"post-content\" style=\"clear:both\";><p>&nbsp;<\/p>\n<div align=\"center\"><strong><img loading=\"lazy\" decoding=\"async\" alt=\"bullets\" src=\"http:\/\/witforjesus.org\/images\/long\/4mormon\/godhead.png\" width=\"590\" height=\"226\" \/><\/strong><\/div>\n<p align=\"left\"><strong><strong><strong><strong><strong><strong><strong><strong><strong><a href=\"http:\/\/witforjesus.org\/downloads\/spanish\/articles\/lds\/sqlds-godhead.pdf\"><img loading=\"lazy\" decoding=\"async\" alt=\"PDF\" src=\"http:\/\/witforjesus.org\/images\/buttons\/pdf.jpg\" width=\"44\" height=\"21\" \/><\/a><\/strong><\/strong><\/strong><\/strong><\/strong><\/strong><\/strong><\/strong><\/strong><\/p>\n<p align=\"left\"><strong>PREGUNTAS PARA LOS MORMONES CON RESPECTO AL \u201cDEIDAD\u201d<\/strong><strong>\u2014 Presentando el Dios b\u00edblico y la Trinidad<\/strong><\/p>\n<p><strong>1. \u00bfCrees que Dios alguna vez fue \u201chombre\u201d como t\u00fa? Si es as\u00ed, \u00bfno hubiera sido un pecador como t\u00fa?<\/strong><\/p>\n<p>\u201c\u00a1Dios una vez fue como nosotros ahora; <strong>es un hombre glorificado<\/strong>, y est\u00e1 sentado sobre su trono all\u00e1 en los cielos! ...digo que si fueseis a verlo hoy, le ver\u00edais en la <strong>forma de un hombre, as\u00ed como vosotros<\/strong> os hall\u00e1is en toda la persona, imagen y <strong>forma misma de un hombre<\/strong>... <strong>os voy a decir c\u00f3mo lleg\u00f3 a ser Dios<\/strong>.\u00a0 Hemos imaginado y supuesto que Dios fue Dios por todas las eternidades. Voy a refutar esa idea ...<strong>en un tiempo fue hombre como nosotros<\/strong>; s\u00ed, que Dios mismo, el Padre de todos nosotros, habit\u00f3 sobre una tierra, como Jesucristo mismo lo hizo... Esta pues es la vida eterna: conocer al s\u00f3lo Dios sabio verdadero; y <strong>vosotros mismos ten\u00e9is que aprender a ser Dioses<\/strong>, ...como lo han hecho todos los Dioses antes de vosotros...\u201d \u2014<em>Ense\u00f1anzas del Profeta Jos\u00e9 Smith, <\/em>pp. 427-428<\/p>\n <a href=\"https:\/\/www.4mormon.org\/es\/preguntas-para-los-mormones-con-respecto-al-deidad-presentando-el-dios-biblico-y-la-trinidad\/\" class=\"readmore\">Read more<\/a><\/div><hr style=\"margin:10px 0\"><\/div><a class=\"post-thumb alignleft\" style=\"float:left; margin-right:15px; clear:both;\" href=\"https:\/\/www.4mormon.org\/es\/quien-tiene-la-autoridad-apropiada-para-administrar-las-ordenanzas-del-evangelio\/ \"><\/a><div class=\"add_posts_content\" style=\"clear:both;\"><h2 class=\"title\" style=\"clear: none;\"><a href=\"https:\/\/www.4mormon.org\/es\/quien-tiene-la-autoridad-apropiada-para-administrar-las-ordenanzas-del-evangelio\/\">\u00bfQui\u00e9n tiene la autoridad apropiada para administrar las ordenanzas del evangelio?<\/a><\/h2><div class=\"post-content\" style=\"clear:both\";><p><strong><b><img loading=\"lazy\" decoding=\"async\" src=\"http:\/\/witforjesus.org\/images\/long\/4mormon\/aaronic-priesthood.png\" alt=\"melpriesthood\" width=\"590\" height=\"375\" \/><\/b><\/strong><\/p>\n<p><strong>\u00bfQUI\u00c9N TIENE LA AUTORIDAD APROPIADA PARA ADMINISTRAR LAS ORDENANZAS DEL EVANGELIO?<\/strong> \u2014 20 preguntas para los mormones acerca de la autoridad del Sacerdocio<\/p>\n<p><strong>1. \u00bfCree usted que los cristianos verdaderos deben tener la autoridad del Sacerdocio para realizar las ordenanzas del Evangelio?<\/p>\n <a href=\"https:\/\/www.4mormon.org\/es\/quien-tiene-la-autoridad-apropiada-para-administrar-las-ordenanzas-del-evangelio\/\" class=\"readmore\">Read more<\/a><\/div><hr style=\"margin:10px 0\"><\/div><a class=\"post-thumb alignleft\" style=\"float:left; margin-right:15px; clear:both;\" href=\"https:\/\/www.4mormon.org\/es\/preguntas-para-los-mormones-acerca-del-evangelio-imposible-del-mormonismo\/ \"><\/a><div class=\"add_posts_content\" style=\"clear:both;\"><h2 class=\"title\" style=\"clear: none;\"><a href=\"https:\/\/www.4mormon.org\/es\/preguntas-para-los-mormones-acerca-del-evangelio-imposible-del-mormonismo\/\">Preguntas para los mormones acerca del evangelio imposibledel mormonismo<\/a><\/h2><div class=\"post-content\" style=\"clear:both\";><p><img loading=\"lazy\" decoding=\"async\" alt=\"Sharing the true Gospel in love\" src=\"http:\/\/witforjesus.org\/images\/long\/4mormon\/doug-sharing.png\" width=\"590\" height=\"346\" \/><\/p>\n<p><strong><b>PREGUNTAS PARA LOS MORMONES ACERCA DEL EVANGELIO IMPOSIBLE DEL MORMONISMO \u2014 Una Presentaci\u00f3n Vers<\/b>\u00ed<b>culo por Vers<\/b>\u00ed<b>culo de las Escrituras SUD<\/b><\/strong><\/p>\n<p><strong><\/strong><img loading=\"lazy\" decoding=\"async\" class=\"alignright\" style=\"margin: 10px;\" alt=\"mountain-path\" src=\"http:\/\/witforjesus.org\/images\/ldsarticles\/mountain-path.jpg\" width=\"175\" height=\"233\" \/>Los cristianos que creen que la fe en Cristo por si sola es suficiente para tener salvaci\u00f3n, con frecuencia se frustran cuando citan a un morm\u00f3n el vers\u00edculo Efesios 2:8-9 (\u201cPorque por gracia sois salvos por medio de la fe; y esto no de vosotros, pues es don de Dios; no por obras, para que nadie se glor\u00ede\u201d <a id=\"fna\" name=\"fna\"><\/a><a href=\"#fnb\">**<\/a>) ), s\u00f3lo para descubrir que \u00e9l est\u00e1 de acuerdo en que la \u201csalvaci\u00f3n general\u201d (resurrecci\u00f3n a la vida eterna) es un regalo gratuito ofrecido a todos sin necesidad de obras. Los mormones podr\u00e1n preguntarse: \u201c\u00bfExiste mucha diferencia entre el Evangelio morm\u00f3n y el Evangelio cristiano?\u201d Mientras que los mormones creen que la fe en Cristo otorga el primer nivel de salvaci\u00f3n (i.e., la resurrecci\u00f3n), a la vez piensan que se requieren las buenas obras (como el matrimonio por la eternidad en un Templo morm\u00f3n) para obtener el nivel m\u00e1s alto en el Cielo.\u00a0 Al citar Santiago 2:20: \u201c...la fe sin obras es muerta,\u201d y otros pasajes que hablan acerca de las recompensas otorgadas en el cielo, muchos mormones sienten que el Evangelio cristiano es \u201cdemasiado f\u00e1cil.\u201d Ellos creen que aunque los cristianos tienen \u201cun poco de la verdad,\u201d la religi\u00f3n mormona es la \u00fanica que contiene la plenitud del Evangelio eterno. <\/p>\n <a href=\"https:\/\/www.4mormon.org\/es\/preguntas-para-los-mormones-acerca-del-evangelio-imposible-del-mormonismo\/\" class=\"readmore\">Read more<\/a><\/div><hr style=\"margin:10px 0\"><\/div><\/div><div style=\"clear: both;\"><\/div>\n<p>&nbsp;<\/p>\n<p>&nbsp;<\/p>\n","protected":false},"excerpt":{"rendered":"<p>PASO-A-PASO PREGUNTAS PARA MORMONES \u00a0Por favor lea NUESTRA POL\u00cdTICA DE CONDUCTA PARA EVANGELIZAR y NUESTRA POL\u00cdTICA DE DERECHOS RESERVADOS antes de utilizar nuestros recursos. &nbsp; &nbsp;<\/p>\n","protected":false},"author":1,"featured_media":0,"parent":1022,"menu_order":0,"comment_status":"closed","ping_status":"closed","template":"","meta":{"footnotes":""},"class_list":["post-1932","page","type-page","status-publish","hentry"],"_links":{"self":[{"href":"https:\/\/www.4mormon.org\/es\/wp-json\/wp\/v2\/pages\/1932","targetHints":{"allow":["GET"]}}],"collection":[{"href":"https:\/\/www.4mormon.org\/es\/wp-json\/wp\/v2\/pages"}],"about":[{"href":"https:\/\/www.4mormon.org\/es\/wp-json\/wp\/v2\/types\/page"}],"author":[{"embeddable":true,"href":"https:\/\/www.4mormon.org\/es\/wp-json\/wp\/v2\/users\/1"}],"replies":[{"embeddable":true,"href":"https:\/\/www.4mormon.org\/es\/wp-json\/wp\/v2\/comments?post=1932"}],"version-history":[{"count":8,"href":"https:\/\/www.4mormon.org\/es\/wp-json\/wp\/v2\/pages\/1932\/revisions"}],"predecessor-version":[{"id":4792,"href":"https:\/\/www.4mormon.org\/es\/wp-json\/wp\/v2\/pages\/1932\/revisions\/4792"}],"up":[{"embeddable":true,"href":"https:\/\/www.4mormon.org\/es\/wp-json\/wp\/v2\/pages\/1022"}],"wp:attachment":[{"href":"https:\/\/www.4mormon.org\/es\/wp-json\/wp\/v2\/media?parent=1932"}],"curies":[{"name":"wp","href":"https:\/\/api.w.org\/{rel}","templated":true}]}}