{"id":1965,"date":"2013-06-16T13:53:11","date_gmt":"2013-06-16T13:53:11","guid":{"rendered":"http:\/\/www.4mormon.org\/?page_id=1965"},"modified":"2015-02-20T07:49:36","modified_gmt":"2015-02-20T07:49:36","slug":"como-ayudarnos","status":"publish","type":"page","link":"https:\/\/www.4mormon.org\/es\/principal\/como-ayudarnos\/","title":{"rendered":"C\u00f3mo ayudarnos"},"content":{"rendered":"<div>\n<p><strong><strong><img loading=\"lazy\" decoding=\"async\" src=\"http:\/\/witforjesus.org\/images\/long\/4mormon\/get-involved.png\" alt=\"Get Involved\" width=\"590\" height=\"221\" \/><\/strong><\/strong><\/p>\n<\/div>\n<div>\n<div><strong><strong><b>C\u00d3MO AYUDAR A NUESTRO MINISTERIO \u2013 WITNESSES FOR JESUS, INC. (TESTIGOS POR JES\u00daS)<\/b><\/strong><\/strong><\/div>\n<p><span style=\"font-size: large;\"><strong><a name=\"1a\"><\/a> <span style=\"font-size: x-large;\"><a href=\"#1b\">1. <strong>DONA<\/strong> <\/a><\/span><\/strong><\/span><\/p>\n<p><span style=\"font-size: x-large;\"><strong><a name=\"2a\"><\/a> <a href=\"#2b\">2<strong>. <strong>\u00daNETE<\/strong><\/strong><\/a><\/strong><\/span><\/p>\n<p><span style=\"font-size: x-large;\"><strong><a name=\"3a\"><\/a> <a href=\"#3b\">3. <strong>COMPARTE<\/strong><\/a><\/strong><\/span><\/p>\n<p><span style=\"font-size: x-large;\"><strong><a name=\"4a\"><\/a> <a href=\"#4b\">4. <strong>TRADUCE<\/strong><\/a><\/strong><\/span><\/p>\n<p><span style=\"font-size: x-large;\"><strong><a name=\"5a\"><\/a> <a href=\"#5b\">5. <strong>PARTICIPA<\/strong><\/a><\/strong><\/span><\/p>\n<p><strong><a name=\"1b\"><\/a><span style=\"font-size: x-large;\"> <a href=\"#1a\">1. <strong>DONA<\/strong> &#8211; Convi\u00e9rtete en un Socio de Apoyo Financiero.<\/a> <\/span> <\/strong><\/p>\n<p><strong><strong><img loading=\"lazy\" decoding=\"async\" src=\"http:\/\/witforjesus.org\/images\/home\/donate.png\" alt=\"Copyright policy\" width=\"590\" height=\"261\" \/><\/strong><\/strong><\/p>\n<p><strong><strong><a title=\"Haga una Donaci\u00f3n\" href=\"https:\/\/www.4mormon.org\/es\/haga-una-donacion\/\"><img loading=\"lazy\" decoding=\"async\" title=\"Haz una Donaci\u00f3n\" src=\"http:\/\/witforjesus.org\/images\/buttons\/donate-sp.jpg\" alt=\"Haz una Donaci\u00f3n\" width=\"166\" height=\"23\" \/><\/a><\/strong><\/strong><\/p>\n<p><strong>Estamos agradecidos de haber obtenido el estatus sin fines de lucro <\/strong>501(c)3 con la IRS (Servicio de Impuestos Internos en USA) en el a\u00f1o 2004. Todas las donaciones a este ministerio son deducibles de impuestos. Al igual que con la mayor\u00eda de ministerios, las finanzas representan el mayor recurso para los alcances ministeriales. Si te sientes guiado por el Se\u00f1or para asociarte financieramente con nuestro ministerio, haz clic en el bot\u00f3n \u201cHaz una Donaci\u00f3n\u201d (arriba) para tener mayores detalles. Tu apoyo a nuestro ministerio va dirigido a respaldar los siguientes alcances enumerados en el siguiente enlace:<\/p>\n<p style=\"padding-left: 30px;\"><strong><img decoding=\"async\" src=\"http:\/\/witforjesus.org\/images\/bullets.jpg\" alt=\"bullets\" \/> <a title=\"Haga una Donaci\u00f3n\" href=\"https:\/\/www.4mormon.org\/es\/haga-una-donacion\/\"><strong>C\u00f3mo Apoyarnos Financieramente \u2013 C\u00f3mo Es Que Tu Donaci\u00f3n Afecta Vidas<\/strong><\/a><\/strong><\/p>\n<p><strong><a name=\"2b\"><\/a><span style=\"font-size: x-large;\"> <a href=\"#2a\">2. <strong>\u00daNETE<\/strong> &#8211; <strong>Participa en nuestro Grupo de Oraci\u00f3n en L\u00ednea<\/strong>.<\/a> <\/span><\/strong><\/p>\n<p><strong><strong><img loading=\"lazy\" decoding=\"async\" src=\"http:\/\/witforjesus.org\/images\/long\/4witness\/prayer.png\" alt=\"Prayer Group\" width=\"590\" height=\"265\" \/><\/strong><\/strong><\/p>\n<p><strong><strong><img loading=\"lazy\" decoding=\"async\" class=\"alignleft\" style=\"margin: 10px;\" src=\"http:\/\/witforjesus.org\/images\/events\/prayer-group.jpg\" alt=\"Prayer Group\" width=\"162\" height=\"121\" \/><\/strong><\/strong><\/p>\n<p><strong><strong><strong><strong><strong><a title=\"Add Your Email to our E-Newsletter List!\" href=\"http:\/\/4witness.org\/home\/newsletters\/\"><img loading=\"lazy\" decoding=\"async\" class=\"alignright\" style=\"margin: 10px;\" title=\"Newsletter Sign-up!\" src=\"http:\/\/witforjesus.org\/images\/buttons\/news_signup.png\" alt=\"Free E-Newsletter Signup Link\" width=\"190\" height=\"105\" \/><\/a><\/strong><\/strong><img decoding=\"async\" src=\"http:\/\/witforjesus.org\/images\/bullets.jpg\" alt=\"bullets\" \/><\/strong><\/strong> <\/strong><a title=\"Scriptures to use in Prayer\" href=\"http:\/\/4witness.org\/scriptures-to-use-in-prayer\/\"><strong><strong><span style=\"text-decoration: underline;\">Haz clic aqu\u00ed para ver Escrituras \u00fatiles para Orar<\/span><\/strong><\/strong><\/a> <strong>por tus amigos que sean mormones<\/strong>.<\/p>\n<p style=\"text-align: left;\"><strong>Efesios 6:12 enfatiza que \u201c<\/strong>&#8230;nuestra lucha no es contra sangre y carne, sino contra principados, contra potestades, contra los poderes de este mundo de tinieblas, contra las huestes espirituales de maldad en las regiones celestes.\u201d En vista de esto, hemos desarrollado un equipo de apoyo para orar en l\u00ednea, de modo que puedas unirte y ser animado as\u00ed por otros cristianos mientras oras por tus amigos y familiares que sean mormones.<\/p>\n<p style=\"text-align: left; padding-left: 30px;\"><strong><strong><img decoding=\"async\" src=\"http:\/\/witforjesus.org\/images\/bullets.jpg\" alt=\"bullets\" \/><\/strong> <a title=\"Online Prayer Group\" href=\"http:\/\/www.meetup.com\/wfj-prayer\/\"><strong>Aprende M\u00e1s Acerca De Nuestro Grupo De Oraci\u00f3n En L\u00ednea<\/strong><\/a>.<\/strong><\/p>\n<p><strong><a name=\"3b\"><\/a><span style=\"font-size: large;\"> <a href=\"#3a\">3. <strong>COMPARTE<\/strong> &#8211; Publicita nuestro sitio Web en Facebook y\/o Coloca Anuncios en tu Peri\u00f3dico Local.<\/a> <\/span><\/strong><\/p>\n<p><a title=\"Afiches y Autoadhesivos de 4Jehova\" href=\"\/?page_id=9365\"><strong><strong><strong><img loading=\"lazy\" decoding=\"async\" src=\"http:\/\/witforjesus.org\/images\/stickers\/lds\/sp-4mormon-main.jpg\" alt=\"4mormon.org Website Banner\" width=\"590\" height=\"215\" \/><\/strong><\/strong><\/strong><\/a><\/p>\n<p><strong><strong>3 MANERAS DE PUBLICITAR NUESTRO SITIO WEB<\/strong>:<\/strong><\/p>\n<ul>\n<li>Coloca nuestros gr\u00e1ficos publicitarios de 4Mormon en tu sitio de Facebook o en tu blog.<\/li>\n<li>Imprime nuestros auto-adhesivos web de 4Mormon para pegarlos en Libros de Morm\u00f3n que encuentres en lugares p\u00fablicos.<\/li>\n<li>Coloca anuncios en tu peri\u00f3dico local y revistas de ahorro.<\/li>\n<\/ul>\n<p>Visita el siguiente enlace para obtener m\u00e1s im\u00e1genes para tu blog as\u00ed como sugerencias de textos de publicidad efectiva:<\/p>\n<p style=\"padding-left: 30px;\"><strong><strong><img decoding=\"async\" src=\"http:\/\/witforjesus.org\/images\/bullets.jpg\" alt=\"bullets\" \/> <a title=\"Afiches y Autoadhesivos de 4Jehova\" href=\"\/?page_id=9365\"><strong>Afiches y Auto-adhesivos de <\/strong>4mormon<\/a><br \/>\n<\/strong> <\/strong><\/p>\n<p><strong><strong><img loading=\"lazy\" decoding=\"async\" src=\"http:\/\/witforjesus.org\/images\/bullets.jpg\" alt=\"Link\" width=\"10\" height=\"9\" \/>\u00a0<strong>NOTA<\/strong>: <strong>Por favor lea <strong><a title=\"Pol\u00edtica de Conducta para la Evangelizaci\u00f3n\" href=\"http:\/\/4witness.org\/es\/pagina-principal\/politica-de-conducta-para-la-evangelizacion\/\"><strong><b><strong>NUESTRA POL\u00cdTICA DE CONDUCTA PARA EVANGELIZAR<\/strong><\/b><\/strong><\/a><\/strong><\/strong><strong>\u00a0<\/strong><strong><b>antes de promover nuestro sitio web.<\/b><\/strong><\/strong><\/strong><\/p>\n<p><strong><a name=\"4b\"><\/a> <span style=\"font-size: large;\"><a href=\"#4a\">4. <strong>TRADUCE<\/strong> &#8211; Traducci\u00f3n Voluntaria \u2013 Traduciendo Nuestro Material a Otros Idiomas.<\/a> <\/span><\/strong><\/p>\n<p><strong><strong><img loading=\"lazy\" decoding=\"async\" src=\"http:\/\/witforjesus.org\/images\/long\/4witness\/reflection.png\" alt=\"Prayer Group\" width=\"590\" height=\"242\" \/><\/strong><\/strong><\/p>\n<p>Tenemos muchos pedidos de material en otros idiomas. La mayor\u00eda de nuestro material ha sido traducido al idioma espa\u00f1ol, pero estamos buscando voluntarios para traducir en otros idiomas. Si t\u00fa, o alguien que conozcas pudiera estar interesado en ayudarnos a traducir nuestro material del Ingl\u00e9s a otros idiomas de manera gratuita, por favor <a title=\"Cont\u00e1ctanos\" href=\"https:\/\/www.4mormon.org\/es\/principal\/contactanos\/\"><span style=\"text-decoration: underline;\">cont\u00e1ctanos en <\/span><span style=\"text-decoration: underline;\">Ingl\u00e9s<\/span><\/a>. Necesitamos traductores que tengan la habilidad y los programas para escribir el material traducido directamente en documentos en MicoSoft Word para que podamos transcribirlos al estilo de los tratados y folletos originales de los documentos en Ingl\u00e9s que tenemos en nuestro sitio Web.<\/p>\n<p style=\"padding-left: 30px;\"><img decoding=\"async\" src=\"http:\/\/witforjesus.org\/images\/bullets.jpg\" alt=\"bullets\" \/> <a title=\"Cont\u00e1ctanos\" href=\"https:\/\/www.4mormon.org\/es\/principal\/contactanos\/\"><strong><strong>Haz clic AQU\u00cd para Contactar a nuestro Director del Equipo de Traducci\u00f3n para ofrecer tus Servicios Gratuitos de Traducci\u00f3n Voluntaria <\/strong><\/strong><\/a><\/p>\n<p><strong><a name=\"5b\"><\/a><span style=\"font-size: large;\"> <a href=\"#5a\">5. <strong>PARTICIPA<\/strong> &#8211; \u00danete a nuestro Grupo de Apoyo en L\u00ednea para ex-mormones para ayudar a otros.<\/a> <\/span><\/strong><\/p>\n<p><strong><strong><img loading=\"lazy\" decoding=\"async\" src=\"http:\/\/witforjesus.org\/images\/long\/4mormon\/exlds-support.png\" alt=\"Prayer Group\" width=\"590\" height=\"298\" \/><\/strong><\/strong><\/p>\n<p>Si eres un antiguo morm\u00f3n que ha dejado la iglesia SUD para seguir al verdadero Jesucristo de la Biblia y abrazar la Cristiandad b\u00edblica, recibir\u00edamos con agrado tu participaci\u00f3n en nuestros grupos de apoyo en l\u00ednea organizados por meetup.com. Estamos buscando Ex-mormones que tengan un sincero deseo de ayudar a otros en su camino de salida de esta religi\u00f3n. Nuestro grupo en l\u00ednea tiene varios cientos de miembros, muchos de los cuales se encuentran heridos y en una b\u00fasqueda espiritual, abiertos a recibir una s\u00f3lida direcci\u00f3n b\u00edblica que les lleve \u00fanicamente a Jes\u00fas para sanidad, y no a otra iglesia u organizaci\u00f3n religiosa. Debido a la sensibilidad de los miembros que pudieran seguir heridos, deseamos que la verdad b\u00edblica sea compartida de una manera llena de gracia, con amor y paciencia. Si este ministerio te interesa, considera la posibilidad de unirte a nuestro grupo de apoyo en l\u00ednea gratuito\u00a0 de ex-mormones en el siguiente enlace:<\/p>\n<p style=\"padding-left: 30px;\"><strong><strong><img decoding=\"async\" src=\"http:\/\/witforjesus.org\/images\/bullets.jpg\" alt=\"bullets\" \/> <strong><strong><a title=\"Ex-Jehovah's Witness Online Support Group\" href=\"http:\/\/www.meetup.com\/exlds-worldwide\/\"><strong><strong><strong>Grupo de apoyo y encuentro <strong>en l\u00ednea<\/strong> a nivel mundial de ex-mormones<\/strong><\/strong><\/strong><\/a><\/strong><\/strong><strong> (S\u00f3lo para ex-mormones de habla inglesa)<\/strong><\/strong><\/strong><\/p>\n<\/div>\n","protected":false},"excerpt":{"rendered":"<p>C\u00d3MO AYUDAR A NUESTRO MINISTERIO \u2013 WITNESSES FOR JESUS, INC. (TESTIGOS POR JES\u00daS) 1. DONA 2. \u00daNETE 3. COMPARTE 4. TRADUCE 5. PARTICIPA 1. DONA &#8211; Convi\u00e9rtete en un Socio de Apoyo Financiero. Estamos agradecidos de haber obtenido el estatus sin fines de lucro 501(c)3 con la IRS (Servicio de Impuestos Internos en USA) en&#8230;<\/p>\n","protected":false},"author":1,"featured_media":0,"parent":1150,"menu_order":0,"comment_status":"closed","ping_status":"closed","template":"","meta":{"footnotes":""},"class_list":["post-1965","page","type-page","status-publish","hentry"],"_links":{"self":[{"href":"https:\/\/www.4mormon.org\/es\/wp-json\/wp\/v2\/pages\/1965","targetHints":{"allow":["GET"]}}],"collection":[{"href":"https:\/\/www.4mormon.org\/es\/wp-json\/wp\/v2\/pages"}],"about":[{"href":"https:\/\/www.4mormon.org\/es\/wp-json\/wp\/v2\/types\/page"}],"author":[{"embeddable":true,"href":"https:\/\/www.4mormon.org\/es\/wp-json\/wp\/v2\/users\/1"}],"replies":[{"embeddable":true,"href":"https:\/\/www.4mormon.org\/es\/wp-json\/wp\/v2\/comments?post=1965"}],"version-history":[{"count":12,"href":"https:\/\/www.4mormon.org\/es\/wp-json\/wp\/v2\/pages\/1965\/revisions"}],"predecessor-version":[{"id":4266,"href":"https:\/\/www.4mormon.org\/es\/wp-json\/wp\/v2\/pages\/1965\/revisions\/4266"}],"up":[{"embeddable":true,"href":"https:\/\/www.4mormon.org\/es\/wp-json\/wp\/v2\/pages\/1150"}],"wp:attachment":[{"href":"https:\/\/www.4mormon.org\/es\/wp-json\/wp\/v2\/media?parent=1965"}],"curies":[{"name":"wp","href":"https:\/\/api.w.org\/{rel}","templated":true}]}}