{"id":2000,"date":"2013-06-18T18:19:46","date_gmt":"2013-06-18T18:19:46","guid":{"rendered":"http:\/\/www.4mormon.org\/?page_id=2000"},"modified":"2018-05-15T20:46:58","modified_gmt":"2018-05-15T20:46:58","slug":"pf-acerca-de-noviazgo-y-matrimonio","status":"publish","type":"page","link":"https:\/\/www.4mormon.org\/es\/ex-mormones\/pf-acerca-de-noviazgo-y-matrimonio\/","title":{"rendered":"PF acerca de noviazgo y matrimonio"},"content":{"rendered":"<p><img loading=\"lazy\" decoding=\"async\" src=\"http:\/\/witforjesus.org\/images\/long\/4jehovah\/marriage.png\" alt=\"Seeking Truth\" width=\"590\" height=\"285\" \/><\/p>\n<p><strong><strong><strong>PREGUNTAS FRECUENTES ACERCA DEL NOVIAZGO Y MATRIMONIO<\/strong><\/strong><\/strong><\/p>\n<ul class=\"lcp_catlist\" id=\"lcp_instance_0\"><li><a href=\"https:\/\/www.4mormon.org\/es\/como-puedo-alcanzar-a-mi-hija-que-esta-siendo-criada-como-mormona\/\">\u00bfC\u00f3mo puedo alcanzar a mi hija que est\u00e1 siendo criada como mormona?<\/a><\/li><li><a href=\"https:\/\/www.4mormon.org\/es\/nuestra-hija-esta-saliendo-con-un-mormon\/\">Nuestra hija est\u00e1 saliendo con un morm\u00f3n<\/a><\/li><li><a href=\"https:\/\/www.4mormon.org\/es\/como-puedo-testificar-a-mi-esposo-que-es-mormon-sin-caer-en-una-discusion\/\">\u00bfC\u00f3mo puedo testificar a mi esposo que es morm\u00f3n sin caer en una discusi\u00f3n?<\/a><\/li><\/ul>\n<div class=\"add_posts\"><a class=\"post-thumb alignleft\" style=\"float:left; margin-right:15px; clear:both;\" href=\"https:\/\/www.4mormon.org\/es\/como-puedo-alcanzar-a-mi-hija-que-esta-siendo-criada-como-mormona\/ \"><img loading=\"lazy\" decoding=\"async\" width=\"64\" height=\"64\" src=\"https:\/\/www.4mormon.org\/wp-content\/uploads\/2016\/09\/A_church_interior_granddaughter-crop2-100x100.jpg\" class=\"attachment-64x64 size-64x64 wp-post-image\" alt=\"\" srcset=\"https:\/\/www.4mormon.org\/wp-content\/uploads\/2016\/09\/A_church_interior_granddaughter-crop2-100x100.jpg 100w, https:\/\/www.4mormon.org\/wp-content\/uploads\/2016\/09\/A_church_interior_granddaughter-crop2-150x150.jpg 150w, https:\/\/www.4mormon.org\/wp-content\/uploads\/2016\/09\/A_church_interior_granddaughter-crop2-480x484.jpg 480w\" sizes=\"auto, (max-width: 64px) 100vw, 64px\" \/><\/a><div class=\"add_posts_content\" style=\"clear:both;\"><h2 class=\"title\" style=\"clear: none;\"><a href=\"https:\/\/www.4mormon.org\/es\/como-puedo-alcanzar-a-mi-hija-que-esta-siendo-criada-como-mormona\/\">\u00bfC\u00f3mo puedo alcanzar a mi hija que est\u00e1 siendo criada como mormona?<\/a><\/h2><div class=\"post-content\" style=\"clear:both\";><p style=\"padding-left: 40px;\"><em>\u00bfTienen alg\u00fan consejo? Cuando abandon\u00e9 el mormonismo, mi esposa mormona se divorci\u00f3 de m\u00ed y se mud\u00f3 de vuelta a Utah para vivir con su familia mormona. Mi hija, que ahora tiene ocho a\u00f1os de edad, me pide que le permita ser bautizada como mormona. Con todo lo que yo s\u00e9 acerca del mormonismo, nunca le permitir\u00e9 ser bautizada en la iglesia SUD, a pesar de estar ella siendo criada por mi ex -esposa y su familia con varias generaciones de mormones. Se me ha llamado \u201cel peor pap\u00e1 que existe,\u201d aun cuando todo lo que estoy haciendo es seguir las reglas de los mormones.\u00a0 Para contrarrestar lo que ella ha estado aprendiendo en la escuela, he comprado los libros de educaci\u00f3n primaria del 4 al 7, los cuales me enfermaron de tan s\u00f3lo de leerlos. Pero cuando contradigo sus afirmaciones utilizando la Biblia, mi hija me llama mentiroso. \u00bfQu\u00e9 puedo hacer?<\/em><\/p>\n <a href=\"https:\/\/www.4mormon.org\/es\/como-puedo-alcanzar-a-mi-hija-que-esta-siendo-criada-como-mormona\/\" class=\"readmore\">Read more<\/a><\/div><hr style=\"margin:10px 0\"><\/div><a class=\"post-thumb alignleft\" style=\"float:left; margin-right:15px; clear:both;\" href=\"https:\/\/www.4mormon.org\/es\/nuestra-hija-esta-saliendo-con-un-mormon\/ \"><\/a><div class=\"add_posts_content\" style=\"clear:both;\"><h2 class=\"title\" style=\"clear: none;\"><a href=\"https:\/\/www.4mormon.org\/es\/nuestra-hija-esta-saliendo-con-un-mormon\/\">Nuestra hija est\u00e1 saliendo con un morm\u00f3n<\/a><\/h2><div class=\"post-content\" style=\"clear:both\";><p><strong><strong><strong><strong><img loading=\"lazy\" decoding=\"async\" class=\"alignright\" style=\"margin: 10px;\" src=\"http:\/\/witforjesus.org\/images\/jwarticles\/wedding-dress.jpg\" alt=\"Wedding Dress\" width=\"300\" height=\"370\" \/><\/strong><\/strong><\/strong>NUESTRA HIJA EST\u00c1 SALIENDO CON UN MORM\u00d3N<\/strong> <strong>\u2014<\/strong> <strong>\u00bfCu\u00e1l es la mejor manera en la que un padre cristiano pueda enfrentar esta situaci\u00f3n?<\/strong><\/p>\n<blockquote>\n<p align=\"justify\">\u201cCriamos a nuestros hijos en un hogar cristiano, pero nuestra <strong>hija de 18 a\u00f1os de edad est\u00e1 saliendo con un morm\u00f3n <\/strong>que la convenci\u00f3 a comenzar a reunirse con misioneros mormones. Nos preocupa que ella est\u00e9 pensando convertirse en mormona y necesitamos informaci\u00f3n acerca de c\u00f3mo manejar esta situaci\u00f3n de la mejor manera.\u201d<\/p>\n<\/blockquote>\n<p><strong>NUESTRA RESPUESTA<\/strong>:<\/p>\n<p align=\"justify\">Con frecuencia recibimos preguntas de padres preocupados cuyos hijos o hijas est\u00e1n saliendo con un morm\u00f3n. Lo que hace que esta situaci\u00f3n sea m\u00e1s dif\u00edcil que otras es el elemento emocional que la atracci\u00f3n f\u00edsica y la inseguridad del adolescente\/joven adulto juega en la ecuaci\u00f3n. Cuando se involucran las emociones como sucede en las relaciones rom\u00e1nticas, es dif\u00edcil para cualquiera el poder tomar decisiones objetivas. Por eso la Biblia advierte: \u201cSobre toda cosa guardada, guarda tu coraz\u00f3n; Porque de \u00e9l <em>mana<\/em> la vida.\u201d \u2014Proverbios 4:23<a id=\"fn1a\" name=\"fn1a\"><\/a><a href=\"#fn1b\">1.<\/a><\/p>\n<p align=\"justify\">\n <a href=\"https:\/\/www.4mormon.org\/es\/nuestra-hija-esta-saliendo-con-un-mormon\/\" class=\"readmore\">Read more<\/a><\/div><hr style=\"margin:10px 0\"><\/div><a class=\"post-thumb alignleft\" style=\"float:left; margin-right:15px; clear:both;\" href=\"https:\/\/www.4mormon.org\/es\/como-puedo-testificar-a-mi-esposo-que-es-mormon-sin-caer-en-una-discusion\/ \"><\/a><div class=\"add_posts_content\" style=\"clear:both;\"><h2 class=\"title\" style=\"clear: none;\"><a href=\"https:\/\/www.4mormon.org\/es\/como-puedo-testificar-a-mi-esposo-que-es-mormon-sin-caer-en-una-discusion\/\">\u00bfC\u00f3mo puedo testificar a mi esposo que es morm\u00f3n sin caer en una discusi\u00f3n?<\/a><\/h2><div class=\"post-content\" style=\"clear:both\";><p><strong><img decoding=\"async\" alt=\"Family\" src=\"http:\/\/witforjesus.org\/images\/long\/4mormon\/family-picnic.png\" \/> <\/strong><\/p>\n<p><strong>.:\u00bfC\u00d3MO PUEDO TESTIFICAR A MI ESPOSO QUE ES MORM\u00d3N SIN CAER EN UNA DISCUSI\u00d3N?<\/strong><\/p>\n<blockquote>\n<p style=\"text-align: justify;\">\u201cHe estado casada con un morm\u00f3n ya por casi 9 a\u00f1os. Soy una cristiana comprometida y nunca he sido mormona. <strong>Antes de que mi esposo y yo nos cas\u00e1ramos, dej\u00e9 bien en claro a \u00e9l y a su familia mormona que yo jam\u00e1s me convertir\u00eda al mormonismo.\u00a0 Siempre me han aceptado con los brazos abiertos. <\/strong>Nunca han intentado presionarme en nada.<\/p>\n <a href=\"https:\/\/www.4mormon.org\/es\/como-puedo-testificar-a-mi-esposo-que-es-mormon-sin-caer-en-una-discusion\/\" class=\"readmore\">Read more<\/a><\/div><hr style=\"margin:10px 0\"><\/div><\/div><div style=\"clear: both;\"><\/div>\n","protected":false},"excerpt":{"rendered":"<p>PREGUNTAS FRECUENTES ACERCA DEL NOVIAZGO Y MATRIMONIO<\/p>\n","protected":false},"author":1,"featured_media":0,"parent":1217,"menu_order":0,"comment_status":"closed","ping_status":"closed","template":"","meta":{"footnotes":""},"class_list":["post-2000","page","type-page","status-publish","hentry"],"_links":{"self":[{"href":"https:\/\/www.4mormon.org\/es\/wp-json\/wp\/v2\/pages\/2000","targetHints":{"allow":["GET"]}}],"collection":[{"href":"https:\/\/www.4mormon.org\/es\/wp-json\/wp\/v2\/pages"}],"about":[{"href":"https:\/\/www.4mormon.org\/es\/wp-json\/wp\/v2\/types\/page"}],"author":[{"embeddable":true,"href":"https:\/\/www.4mormon.org\/es\/wp-json\/wp\/v2\/users\/1"}],"replies":[{"embeddable":true,"href":"https:\/\/www.4mormon.org\/es\/wp-json\/wp\/v2\/comments?post=2000"}],"version-history":[{"count":7,"href":"https:\/\/www.4mormon.org\/es\/wp-json\/wp\/v2\/pages\/2000\/revisions"}],"predecessor-version":[{"id":4961,"href":"https:\/\/www.4mormon.org\/es\/wp-json\/wp\/v2\/pages\/2000\/revisions\/4961"}],"up":[{"embeddable":true,"href":"https:\/\/www.4mormon.org\/es\/wp-json\/wp\/v2\/pages\/1217"}],"wp:attachment":[{"href":"https:\/\/www.4mormon.org\/es\/wp-json\/wp\/v2\/media?parent=2000"}],"curies":[{"name":"wp","href":"https:\/\/api.w.org\/{rel}","templated":true}]}}