{"id":2050,"date":"2013-06-18T20:49:31","date_gmt":"2013-06-18T20:49:31","guid":{"rendered":"http:\/\/www.4mormon.org\/?page_id=2050"},"modified":"2013-07-19T02:40:13","modified_gmt":"2013-07-19T02:40:13","slug":"terminos-y-condiciones","status":"publish","type":"page","link":"https:\/\/www.4mormon.org\/es\/principal\/terminos-y-condiciones\/","title":{"rendered":"T\u00e9rminos y condiciones"},"content":{"rendered":"<p><img loading=\"lazy\" decoding=\"async\" alt=\"Who We Are\" src=\"http:\/\/witforjesus.org\/images\/long\/4mormon\/privacy-policy.png\" width=\"590\" height=\"264\" \/><\/p>\n<p><strong>T\u00c9RMINOS Y CONDICIONES de <strong>WITNESSES FOR JESUS<\/strong><br \/>\n<\/strong><\/p>\n<p style=\"padding-left: 30px;\"><strong><strong><img loading=\"lazy\" decoding=\"async\" alt=\"bullets\" src=\"http:\/\/witforjesus.org\/images\/bullets.jpg\" width=\"10\" height=\"9\" \/> <a title=\"Aviso Legal\" href=\"https:\/\/www.4mormon.org\/es\/principal\/terminos-y-condiciones\/aviso-legal\/\">AVISO LEGAL<\/a><\/strong><\/strong><\/p>\n<p style=\"padding-left: 30px;\"><strong><strong><strong><strong><img loading=\"lazy\" decoding=\"async\" alt=\"bullets\" src=\"http:\/\/witforjesus.org\/images\/bullets.jpg\" width=\"10\" height=\"9\" \/> <\/strong><\/strong><\/strong><\/strong><a title=\"Pol\u00edtica de Privacidad\" href=\"https:\/\/www.4mormon.org\/es\/principal\/terminos-y-condiciones\/politica-de-privacidad\/\"><strong>POL\u00cdTICA DE PRIVACIDAD<\/strong><\/a><\/p>\n<p style=\"padding-left: 30px;\"><img loading=\"lazy\" decoding=\"async\" alt=\"bullets\" src=\"http:\/\/witforjesus.org\/images\/bullets.jpg\" width=\"10\" height=\"9\" \/> <a title=\"Declaraci\u00f3n de Derechos de Autor\" href=\"https:\/\/www.4mormon.org\/es\/principal\/terminos-y-condiciones\/declaracion-de-derechos-de-autor\/\"><strong>POL\u00cdTICA DE DERECHOS RESERVADOS<\/strong><\/a><\/p>\n<p style=\"padding-left: 30px;\"><strong><img loading=\"lazy\" decoding=\"async\" alt=\"bullets\" src=\"http:\/\/witforjesus.org\/images\/bullets.jpg\" width=\"10\" height=\"9\" \/><\/strong>\u00a0<a title=\"Pol\u00edtica de Conducta para la Evangelizaci\u00f3n\" href=\"http:\/\/4witness.org\/es\/pagina-principal\/politica-de-conducta-para-la-evangelizacion\/\"><strong>POL\u00cdTICA DE CONDUCTA PARA LA EVANGELIZACI\u00d3N<\/strong> <\/a>(4witness.org)<\/p>\n<p>&nbsp;<\/p>\n","protected":false},"excerpt":{"rendered":"<p>T\u00c9RMINOS Y CONDICIONES de WITNESSES FOR JESUS AVISO LEGAL POL\u00cdTICA DE PRIVACIDAD POL\u00cdTICA DE DERECHOS RESERVADOS \u00a0POL\u00cdTICA DE CONDUCTA PARA LA EVANGELIZACI\u00d3N (4witness.org) &nbsp;<\/p>\n","protected":false},"author":1,"featured_media":0,"parent":1150,"menu_order":0,"comment_status":"closed","ping_status":"closed","template":"","meta":{"footnotes":""},"class_list":["post-2050","page","type-page","status-publish","hentry"],"_links":{"self":[{"href":"https:\/\/www.4mormon.org\/es\/wp-json\/wp\/v2\/pages\/2050","targetHints":{"allow":["GET"]}}],"collection":[{"href":"https:\/\/www.4mormon.org\/es\/wp-json\/wp\/v2\/pages"}],"about":[{"href":"https:\/\/www.4mormon.org\/es\/wp-json\/wp\/v2\/types\/page"}],"author":[{"embeddable":true,"href":"https:\/\/www.4mormon.org\/es\/wp-json\/wp\/v2\/users\/1"}],"replies":[{"embeddable":true,"href":"https:\/\/www.4mormon.org\/es\/wp-json\/wp\/v2\/comments?post=2050"}],"version-history":[{"count":7,"href":"https:\/\/www.4mormon.org\/es\/wp-json\/wp\/v2\/pages\/2050\/revisions"}],"predecessor-version":[{"id":2062,"href":"https:\/\/www.4mormon.org\/es\/wp-json\/wp\/v2\/pages\/2050\/revisions\/2062"}],"up":[{"embeddable":true,"href":"https:\/\/www.4mormon.org\/es\/wp-json\/wp\/v2\/pages\/1150"}],"wp:attachment":[{"href":"https:\/\/www.4mormon.org\/es\/wp-json\/wp\/v2\/media?parent=2050"}],"curies":[{"name":"wp","href":"https:\/\/api.w.org\/{rel}","templated":true}]}}