{"id":2128,"date":"2013-06-20T05:42:40","date_gmt":"2013-06-20T05:42:40","guid":{"rendered":"http:\/\/www.4mormon.org\/?page_id=2128"},"modified":"2014-05-29T23:13:02","modified_gmt":"2014-05-29T23:13:02","slug":"proteja-a-su-vecindario","status":"publish","type":"page","link":"https:\/\/www.4mormon.org\/es\/herramientas-para-misioneros\/proteja-a-su-vecindario\/","title":{"rendered":"Proteja a su vecindario"},"content":{"rendered":"<p>A\u00fan cuando es posible que est\u00e9s preparado para compartir la verdad con el pr\u00f3ximo grupo de mormones que visite tu hogar, tus vecinos probablemente no lo est\u00e9n. Utiliza estos autoadhesivos para proteger los hogares de tus vecinos, amigos y familiares, en los que se pide a los mormones que no los visiten.<\/p>\n<p><strong><b><b><strong><strong><img loading=\"lazy\" decoding=\"async\" src=\"http:\/\/witforjesus.org\/images\/bullets.jpg\" alt=\"bullets\" width=\"10\" height=\"9\" \/><\/strong><\/strong><\/b><\/b>\u00a0<a title=\"NO DESEAMOS VISITAS DE MORMONES\" href=\"http:\/\/witforjesus.org\/downloads\/spanish\/stickers\/lds\/sp-lds-sticker-labels-5163.pdf\">NO DESEAMOS VISITAS DE MORMONES<\/a> Etiquetas Autoadhesivas para Etiquetas <a title=\"Avery Labels 5163\" href=\"http:\/\/www.avery.com\/avery\/en_us\/Products\/Labels\/Shipping-Labels\/White-Shipping-Labels_05163.htm?N=0&amp;Ns=&amp;refchannel=c042fd03ab30a110VgnVCM1000002118140aRCRD\">Avery 5163<\/a> \/\u00a0<a title=\"Avery5163 Water-resistant Vinyl Labels for InkJet Only\" href=\"https:\/\/www.planetlabel.com\/labels\/product\/inkjet\/white-inkjet-water-resistant-vinyl-2-x-4-rectangle\">De Vinil Resistentes al Agua para Impresoras a inyecci\u00f3n de tinta<\/a> \/\u00a0<a title=\"Avery5163  Vinyl Labels for Laser Only\" href=\"http:\/\/www.data-labels.com\/400200-lsrgls.html\">De Vinil Resistentes al Agua para Impresoras Laser<\/a><\/strong><\/p>\n<p><a title=\"No Visits by Mormons Sticker\" href=\"http:\/\/witforjesus.org\/downloads\/spanish\/stickers\/lds\/sp-lds-sticker-labels-5163.pdf\"><strong><b><b><strong><strong><img loading=\"lazy\" decoding=\"async\" src=\"http:\/\/witforjesus.org\/images\/stickers\/lds\/sp-lds-sticker.jpg\" alt=\"No Visits by Mormons\" width=\"599\" height=\"240\" \/><\/strong><\/strong><\/b><\/b><\/strong><\/a><\/p>\n<p>&nbsp;<\/p>\n<p><strong><img loading=\"lazy\" decoding=\"async\" src=\"http:\/\/witforjesus.org\/images\/bullets.jpg\" alt=\"bullets\" width=\"10\" height=\"9\" \/> <a title=\"POR FAVOR NO DESEAMOS VISITAS DE TESTIGOS DE JEHOV\u00c1 O MORMONES\" href=\"http:\/\/witforjesus.org\/downloads\/spanish\/stickers\/jw\/sp-jwlds-sticker-labels-5163.pdf\"><strong>POR FAVOR NO DESEAMOS VISITAS DE TESTIGOS DE JEHOV\u00c1 O MORMONES<\/strong><\/a><\/strong><\/p>\n<p>&nbsp;<\/p>\n<p><a title=\"No Visits by Jehovah's Witnesses or Mormons Please Sticker\" href=\"http:\/\/witforjesus.org\/downloads\/spanish\/stickers\/jw\/sp-jwlds-sticker-labels-5163.pdf\"><strong><b><b><strong><strong><img loading=\"lazy\" decoding=\"async\" src=\"http:\/\/witforjesus.org\/images\/stickers\/jw\/sp-jwlds-sticker.jpg\" alt=\"No  Visits by Jehovah's Witnesses or Mormons Please\" width=\"590\" height=\"240\" \/><\/strong><\/strong><\/b><\/b><\/strong><\/a><\/p>\n<p>&nbsp;<\/p>\n","protected":false},"excerpt":{"rendered":"<p>A\u00fan cuando es posible que est\u00e9s preparado para compartir la verdad con el pr\u00f3ximo grupo de mormones que visite tu hogar, tus vecinos probablemente no lo est\u00e9n. Utiliza estos autoadhesivos para proteger los hogares de tus vecinos, amigos y familiares, en los que se pide a los mormones que no los visiten. \u00a0NO DESEAMOS VISITAS&#8230;<\/p>\n","protected":false},"author":1,"featured_media":0,"parent":1022,"menu_order":0,"comment_status":"closed","ping_status":"closed","template":"","meta":{"footnotes":""},"class_list":["post-2128","page","type-page","status-publish","hentry"],"_links":{"self":[{"href":"https:\/\/www.4mormon.org\/es\/wp-json\/wp\/v2\/pages\/2128","targetHints":{"allow":["GET"]}}],"collection":[{"href":"https:\/\/www.4mormon.org\/es\/wp-json\/wp\/v2\/pages"}],"about":[{"href":"https:\/\/www.4mormon.org\/es\/wp-json\/wp\/v2\/types\/page"}],"author":[{"embeddable":true,"href":"https:\/\/www.4mormon.org\/es\/wp-json\/wp\/v2\/users\/1"}],"replies":[{"embeddable":true,"href":"https:\/\/www.4mormon.org\/es\/wp-json\/wp\/v2\/comments?post=2128"}],"version-history":[{"count":7,"href":"https:\/\/www.4mormon.org\/es\/wp-json\/wp\/v2\/pages\/2128\/revisions"}],"predecessor-version":[{"id":3913,"href":"https:\/\/www.4mormon.org\/es\/wp-json\/wp\/v2\/pages\/2128\/revisions\/3913"}],"up":[{"embeddable":true,"href":"https:\/\/www.4mormon.org\/es\/wp-json\/wp\/v2\/pages\/1022"}],"wp:attachment":[{"href":"https:\/\/www.4mormon.org\/es\/wp-json\/wp\/v2\/media?parent=2128"}],"curies":[{"name":"wp","href":"https:\/\/api.w.org\/{rel}","templated":true}]}}