{"id":2136,"date":"2013-06-20T06:17:46","date_gmt":"2013-06-20T06:17:46","guid":{"rendered":"http:\/\/www.4mormon.org\/?page_id=2136"},"modified":"2016-09-23T23:18:24","modified_gmt":"2016-09-23T23:18:24","slug":"manual-de-entrenamiento-lo-que-usted-necesita-saber","status":"publish","type":"page","link":"https:\/\/www.4mormon.org\/es\/herramientas-para-misioneros\/manual-de-entrenamiento-lo-que-usted-necesita-saber\/","title":{"rendered":"Manual de entrenamiento \u2013 Lo que usted necesita saber"},"content":{"rendered":"<p><img loading=\"lazy\" decoding=\"async\" title=\"Evangelism\" src=\"http:\/\/witforjesus.org\/images\/long\/4mormon\/missionary-tools.png\" alt=\"Evangelism\" width=\"590\" height=\"243\" \/><\/p>\n<p><strong><strong><strong><strong><strong><strong>GU\u00cdAS DE CAPACITACI\u00d3N &#8211; LO QUE NECESITAS SABER PARA RESCATAR A TUS AMIGOS MORMONES<\/strong><\/strong><\/strong><\/strong><\/strong><\/strong><\/p>\n<div class=\"add_posts\"><a class=\"post-thumb alignleft\" style=\"float:left; margin-right:15px; clear:both;\" href=\"https:\/\/www.4mormon.org\/es\/como-predicar-de-manera-eficaz-a-los-mormones\/ \"><\/a><div class=\"add_posts_content\" style=\"clear:both;\"><h2 class=\"title\" style=\"clear: none;\"><a href=\"https:\/\/www.4mormon.org\/es\/como-predicar-de-manera-eficaz-a-los-mormones\/\">Como predicar de manera eficaz a los mormones<\/a><\/h2><div class=\"post-content\" style=\"clear:both\";><p><img loading=\"lazy\" decoding=\"async\" src=\"http:\/\/witforjesus.org\/images\/long\/4mormon\/lds-temple-up.png\" alt=\"LDS Temple\" width=\"590\" height=\"358\" \/><\/p>\n<p><strong>COMO PREDICAR DE MANERA EFICAZ A LOS MORMONES<\/strong>\u2014<strong>Rompiendo la barrera de la autoridad mormona, paso a paso <\/strong><\/p>\n<blockquote>\n<p style=\"text-align: justify;\">\u00a1Siento l\u00e1stima por ustedes!\u201d, exclam\u00f3 una se\u00f1ora mormona de mediana edad a un adolescente cristiano que estaba repartiendo unos tratados en un evento morm\u00f3n. \u201cUstedes tienen algo de la verdad, pero no tienen la plenitud del evangelio como lo tenemos nosotros. Tenemos la autoridad sacerdotal y profetas y ap\u00f3stoles modernos que nos gu\u00edan. \u00bfQu\u00e9 podr\u00eda\u00a0 ofrecernos su iglesia?<\/p>\n<\/blockquote>\n<p>&nbsp;<\/p>\n<p style=\"text-align: justify;\">Esta actitud de soberbia es com\u00fan entre los miembros de la Iglesia de Jesucristo de los Santos de los \u00daltimos D\u00edas (SUD). Ellos creen que algunas doctrinas \u201cclaras y sumamente preciosas\u201d del evangelio han sido eliminadas de la Biblia cristiana, de modo que los libros adicionales de la escritura mormona (i.e., El Libro de Morm\u00f3n, Doctrina y Convenios, y La Perla de Gran Precio) son necesarios para lograr tener un entendimiento completo del evangelio. La iglesia mormona ense\u00f1a que cuando los ap\u00f3stoles b\u00edblicos murieron, la \u201cautoridad sacerdotal\u201d especial para actuar en el nombre de Dios fue quitada de la tierra. Por eso, los mormones afirman que Jesucristo us\u00f3 a Juan el Bautista, Pedro, Santiago y Juan para conferir a Jos\u00e9 Smith los sacerdocios perdidos de Aar\u00f3n y de Melquisedec, para que pudiera ejercer la autoridad necesaria para \u201crestaurar\u201d la verdadera iglesia de Dios sobre la tierra en 1830. Debido a estas afirmaciones de superioridad espiritual, \u00bfc\u00f3mo deber\u00edan los cristianos dirigirse a los mormones que piensan que la Iglesia SUD tiene m\u00e1s para ofrecer que las dem\u00e1s iglesias? Sugerimos los siguientes pasos para vencer estas barreras fundamentales de la autoridad mormona.<\/p>\n <a href=\"https:\/\/www.4mormon.org\/es\/como-predicar-de-manera-eficaz-a-los-mormones\/\" class=\"readmore\">Read more<\/a><\/div><hr style=\"margin:10px 0\"><\/div><a class=\"post-thumb alignleft\" style=\"float:left; margin-right:15px; clear:both;\" href=\"https:\/\/www.4mormon.org\/es\/preguntas-para-los-misioneros-mormones\/ \"><\/a><div class=\"add_posts_content\" style=\"clear:both;\"><h2 class=\"title\" style=\"clear: none;\"><a href=\"https:\/\/www.4mormon.org\/es\/preguntas-para-los-misioneros-mormones\/\">Preguntas para los misioneros mormones<\/a><\/h2><div class=\"post-content\" style=\"clear:both\";><p><img loading=\"lazy\" decoding=\"async\" src=\"http:\/\/witforjesus.org\/images\/long\/4mormon\/meeting-missionaries.png\" alt=\"ldsmissionaries\" width=\"590\" height=\"292\" \/><\/p>\n<p><strong>PREGUNTAS PARA LOS MISIONEROS MORMONES\u2013-Una gu\u00eda, paso a paso, para los cristianos que predican a los mormones que tocan de puerta en puerta <\/strong><\/p>\n<p><strong>\u00bfQUI\u00c9NES SON LOS MISIONEROS MORMONES?<\/strong><\/p>\n<p style=\"text-align: justify;\"><strong>\u00a0<\/strong>Los misioneros mormones son representantes de la Iglesia de Jesucristo de los Santos de los \u00daltimos D\u00edas (SUD o iglesia mormona). Mientras que los mormones afirman ser \u201ccristianos,\u201d su negaci\u00f3n de creencias cristianas claves tales como, la creencia que Dios el Padre es un esp\u00edritu, no un hombre glorificado, que el Hijo es Dios eterno y no creado, y no el hermano espiritual de Lucifer, que la meta del hombre es adorar a Dios, y no convertirse en un \u201cdios,\u201d y que el infierno eterno es para los incr\u00e9dulos que rechazan a Cristo sin una segunda oportunidad despu\u00e9s de la muerte, ha causado que muchos cristianos denuncien a este grupo como un movimiento her\u00e9tico. <a href=\"#fn1b\">1.<\/a><a id=\"fn1a\" name=\"fn1a\"><\/a> Adem\u00e1s de la versi\u00f3n de la Biblia, Reina Valera, los mormones consideran como \u201cEscrituras\u201d otros tres libros, los cuales fueron producidos por Jos\u00e9 Smith, el fundador del mormonismo. Estos libros se titulan: <em>El Libro de Morm\u00f3n<\/em> (una traducci\u00f3n de tablas de oro que supuestamente conten\u00edan el registro de los habitantes antiguos de Am\u00e9rica), <em>Doctrina y Convenios<\/em> (una transcripci\u00f3n de profec\u00edas y revelaciones que Jos\u00e9 Smith afirm\u00f3 haber recibido de Dios), y <em>The Pearl of Great Price (La perla de gran precio\u2026<\/em>una traducci\u00f3n de un papiro egipcio antiguo titulado \u201cBook of Breathings\u201d o \u201cLibro de respiraciones\u201d que Smith aleg\u00f3 conten\u00eda las escrituras de Abraham, el patriarca b\u00edblico).<\/p>\n <a href=\"https:\/\/www.4mormon.org\/es\/preguntas-para-los-misioneros-mormones\/\" class=\"readmore\">Read more<\/a><\/div><hr style=\"margin:10px 0\"><\/div><\/div><div style=\"clear: both;\"><\/div>\n<p><b><strong><img loading=\"lazy\" decoding=\"async\" src=\"http:\/\/witforjesus.org\/images\/bullets.jpg\" alt=\"bullets\" width=\"10\" height=\"9\" \/><\/strong><\/b> <strong><a title=\"Respondiendo Objeciones De Los Mormones\" href=\"https:\/\/www.4mormon.org\/es\/respondiendo-objeciones-de-los-mormones\/\">RESPONDIENDO OBJECIONES DE LOS MORMONES<\/a><\/strong><\/p>\n<p>&nbsp;<\/p>\n<p>&nbsp;<\/p>\n","protected":false},"excerpt":{"rendered":"<p>GU\u00cdAS DE CAPACITACI\u00d3N &#8211; LO QUE NECESITAS SABER PARA RESCATAR A TUS AMIGOS MORMONES RESPONDIENDO OBJECIONES DE LOS MORMONES &nbsp; &nbsp;<\/p>\n","protected":false},"author":1,"featured_media":0,"parent":1022,"menu_order":0,"comment_status":"closed","ping_status":"closed","template":"","meta":{"footnotes":""},"class_list":["post-2136","page","type-page","status-publish","hentry"],"_links":{"self":[{"href":"https:\/\/www.4mormon.org\/es\/wp-json\/wp\/v2\/pages\/2136","targetHints":{"allow":["GET"]}}],"collection":[{"href":"https:\/\/www.4mormon.org\/es\/wp-json\/wp\/v2\/pages"}],"about":[{"href":"https:\/\/www.4mormon.org\/es\/wp-json\/wp\/v2\/types\/page"}],"author":[{"embeddable":true,"href":"https:\/\/www.4mormon.org\/es\/wp-json\/wp\/v2\/users\/1"}],"replies":[{"embeddable":true,"href":"https:\/\/www.4mormon.org\/es\/wp-json\/wp\/v2\/comments?post=2136"}],"version-history":[{"count":15,"href":"https:\/\/www.4mormon.org\/es\/wp-json\/wp\/v2\/pages\/2136\/revisions"}],"predecessor-version":[{"id":4806,"href":"https:\/\/www.4mormon.org\/es\/wp-json\/wp\/v2\/pages\/2136\/revisions\/4806"}],"up":[{"embeddable":true,"href":"https:\/\/www.4mormon.org\/es\/wp-json\/wp\/v2\/pages\/1022"}],"wp:attachment":[{"href":"https:\/\/www.4mormon.org\/es\/wp-json\/wp\/v2\/media?parent=2136"}],"curies":[{"name":"wp","href":"https:\/\/api.w.org\/{rel}","templated":true}]}}