{"id":2140,"date":"2013-06-20T06:24:28","date_gmt":"2013-06-20T06:24:28","guid":{"rendered":"http:\/\/www.4mormon.org\/?page_id=2140"},"modified":"2013-07-20T16:53:50","modified_gmt":"2013-07-20T16:53:50","slug":"mormones-son-ustedes-dignos","status":"publish","type":"page","link":"https:\/\/www.4mormon.org\/es\/principal\/mormones-son-ustedes-dignos\/","title":{"rendered":"Mormones, \u00bfSon ustedes dignos?"},"content":{"rendered":"<p><span style=\"font-size: large;\"><strong>.:<b>Lo que Cada Morm\u00f3n Deber\u00eda Saber antes de Entrar a la Eternidad<\/b><\/strong><\/span><\/p>\n<table style=\"width: 99%;\" border=\"0\">\n<tbody>\n<tr>\n<td align=\"left\" valign=\"top\" width=\"66%\">\n<p align=\"center\"><img decoding=\"async\" style=\"margin: 5px 10px;\" alt=\"heavenlysunset\" src=\"http:\/\/witforjesus.org\/images\/ldsarticles\/heavenlysunset.jpg\" \/><\/p>\n<h3 align=\"center\"><span style=\"font-size: medium;\"><strong><a title=\"\u00bfEst\u00e1s Preparado Para Comparecer Ante Dios?\" href=\"https:\/\/www.4mormon.org\/es\/estas-preparado-para-comparecer-ante-dios\/\">\u00bfEST\u00c1S PREPARADO PARA COMPARECER ANTE DIOS? &#8211; Una prueba simple para los Santos de los \u00daltimos D\u00edas que son honestos<\/a><\/strong><\/span><\/h3>\n<p align=\"justify\">\u201c\u00bfHab\u00e9is caminado, <b>conserv\u00e1ndoos irreprensibles<\/b> delante de Dios? Si os tocase morir <b>en este momento<\/b>, \u00bfpodr\u00edais decir, dentro de vosotros, que hab\u00e9is sido <b>suficientemente humildes<\/b>? \u2026He aqu\u00ed, \u00bf<b>os hall\u00e1is despojados de orgullo<\/b>? <b>Si no, yo os digo que no est\u00e1is preparados para comparecer ante Dios<\/b>.\u00a0 He aqu\u00ed, deb\u00e9is disponeros prontamente; porque el reino de los cielos pronto se acerca, y <b>el que no est\u00e9 preparado no tendr\u00e1 vida eterna<\/b>.\u201d \u2014Alma 5:27-28, <i>Libro de Morm\u00f3n<\/i> &#8211; <b><a title=\"\u00bfEst\u00e1s Preparado Para Comparecer Ante Dios?\" href=\"https:\/\/www.4mormon.org\/es\/estas-preparado-para-comparecer-ante-dios\/\">Haz esta prueba para ver si est\u00e1s preparado para comparecer ante Dios.<\/a>\u00a0 <a title=\"\u00bfEst\u00e1s Preparado Para Comparecer Ante Dios?\" href=\"https:\/\/www.4mormon.org\/es\/estas-preparado-para-comparecer-ante-dios\/\"><strong><strong><b><b><strong><strong><img loading=\"lazy\" decoding=\"async\" alt=\"bullets\" src=\"http:\/\/witforjesus.org\/images\/buttons\/read-more.jpg\" width=\"26\" height=\"12\" \/><\/strong><\/strong><\/b><\/b><\/strong><\/strong><\/a> <\/b><strong><\/strong><\/p>\n<p align=\"justify\"><img loading=\"lazy\" decoding=\"async\" style=\"margin: 10px;\" alt=\"ldssteps\" src=\"http:\/\/witforjesus.org\/images\/ldsarticles\/ldssteps.jpg\" width=\"320\" height=\"240\" \/><\/p>\n<p align=\"center\"><span class=\"style5 style2 style1\"><strong><strong><a href=\"mormon-saved.php\"><br \/>\n<\/a><span style=\"font-size: medium;\"><a title=\"\u00bfSalvo o no Salvo? \u2014He all\u00ed el dilema\" href=\"https:\/\/www.4mormon.org\/es\/salvo-o-no-salvo-he-alli-el-dilema\/\"><b>\u00bfQu\u00e9 tan DIGNO tienes que ser para recibir la Vida Eterna y Salvaci\u00f3n?<\/b><\/a><\/span><\/strong><\/strong><\/span><\/p>\n<p align=\"justify\">En su libro, <i>El Milagro del Perd\u00f3n, <\/i>un antiguo Morm\u00f3n, el Ap\u00f3stol y Profeta Spencer W. Kimball, defini\u00f3 el \u201cevangelio\u201d del Mormonismo como un \u201cc\u00f3digo de leyes y mandamientos mediante los cuales podemos lograr la perfecci\u00f3n y, finalmente la divinidad.\u201d\u00a0 De acuerdo con Kimball, \u201cEste <b>conjunto de leyes<\/b> y <b>ordenanzas<\/b>\u2026es el <i>\u00fanico<\/i> <b>plan<\/b> que exaltar\u00e1 al g\u00e9nero humano.\u201d<span style=\"text-decoration: underline;\"><a id=\"#footnote1a\" name=\"#footnote1a\"><\/a> <\/span>&#8230;En consecuencia, el <i>Libro de Morm\u00f3n<\/i> establece:\u00a0 \u201c\u2026pues sabemos <b>que es por la gracia por la que nos salvamos, despu\u00e9s de hacer cuanto podamos.<\/b>\u201d Por lo tanto, de acuerdo con el Diccionario de la Biblia SUD, \u201cEsta <b>gracia es un poder habilitador<\/b> que permite que hombres y mujeres obtengan la vida eternal y la exaltaci\u00f3n <b>despu\u00e9s<\/b> de que hayan <b>agotado sus mejores esfuerzos<\/b>.\u201d <b>\u00bfHas hecho Todo lo que puedes hacer? <a title=\"\u00bfSalvo o no Salvo? \u2014He all\u00ed el dilema\" href=\"https:\/\/www.4mormon.org\/es\/salvo-o-no-salvo-he-alli-el-dilema\/\">Lee este articulo para determinar si eres Salvo o no<\/a>.\u00a0 <a title=\"\u00bfSalvo o no Salvo? \u2014He all\u00ed el dilema\" href=\"https:\/\/www.4mormon.org\/es\/salvo-o-no-salvo-he-alli-el-dilema\/\"><strong><strong><b><b><strong><strong><img loading=\"lazy\" decoding=\"async\" alt=\"bullets\" src=\"http:\/\/witforjesus.org\/images\/buttons\/read-more.jpg\" width=\"26\" height=\"12\" \/><\/strong><\/strong><\/b><\/b><\/strong><\/strong><\/a><\/b><strong><\/strong><\/p>\n<p align=\"justify\"><strong><img loading=\"lazy\" decoding=\"async\" class=\"alignleft\" style=\"margin: 10px;\" alt=\"mountain-path\" src=\"http:\/\/witforjesus.org\/images\/ldsarticles\/mountain-path.jpg\" width=\"197\" height=\"253\" \/><\/strong><\/p>\n<p style=\"text-align: left;\" align=\"justify\"><span style=\"font-size: medium;\"><a title=\"Preguntas Para los Mormones Acerca del Evangelio Imposible Del Mormonismo\" href=\"https:\/\/www.4mormon.org\/es\/preguntas-para-los-mormones-acerca-del-evangelio-imposible-del-mormonismo\/\"><b>\u00bfES S\u00d3LO POR GRACIA DEMASIADO F\u00c1CIL?<\/b><\/a><\/span><\/p>\n<p align=\"justify\">Mientras que los mormones creen que la fe en Cristo otorga el primer nivel de salvaci\u00f3n (i.e., la resurrecci\u00f3n), <b>a la vez piensan que se requieren las buenas obras (como el matrimonio por la eternidad en un Templo morm\u00f3n) para obtener el nivel m\u00e1s alto en el Cielo.<\/b>\u00a0 Al citar Santiago 2:20: \u201c&#8230;la fe sin obras es muerta,\u201d y otros pasajes que hablan acerca de las recompensas otorgadas en el cielo, muchos mormones sienten que el Evangelio cristiano es \u201cdemasiado f\u00e1cil.\u201d Ellos creen que aunque los cristianos tienen \u201cun poco de la verdad,\u201d la religi\u00f3n mormona es la \u00fanica que contiene la plenitud del Evangelio eterno. <b>\u00bfEs el Evangelio cristiano solamente gracia barata?<\/b> \u00bf<b>Es la fe en Cristo todo lo que importa, o necesita uno ejecutar obras justas para ganar una m\u00e1s alta posici\u00f3n en el Cielo?<\/b> \u00bfQu\u00e9 tan dif\u00edcil es el Plan del Evangelio descrito en el Mormonismo? \u00bfEs Imposible? \u00bfPuede la humanidad ser exaltada al m\u00e1s alto nivel del Cielo mediante la obediencia a sus requerimientos?\u00a0 <a title=\"Preguntas Para los Mormones Acerca del Evangelio Imposible Del Mormonismo\" href=\"https:\/\/www.4mormon.org\/es\/preguntas-para-los-mormones-acerca-del-evangelio-imposible-del-mormonismo\/\"><b>Se t\u00fa el juez mientras examinamos el Evangelio usando s\u00f3lo los libros oficiales de las Escrituras sostenidos por los Profetas y Ap\u00f3stoles<\/b><\/a><b>. <\/b><a title=\"Preguntas Para los Mormones Acerca del Evangelio Imposible Del Mormonismo\" href=\"https:\/\/www.4mormon.org\/es\/preguntas-para-los-mormones-acerca-del-evangelio-imposible-del-mormonismo\/\"><b><strong><strong><b><b><strong><strong><img loading=\"lazy\" decoding=\"async\" alt=\"bullets\" src=\"http:\/\/witforjesus.org\/images\/buttons\/read-more.jpg\" width=\"26\" height=\"12\" \/><\/strong><\/strong><\/b><\/b><\/strong><\/strong><\/b><\/a><\/p>\n<p align=\"center\"><strong><img loading=\"lazy\" decoding=\"async\" style=\"margin: 10px; float: right;\" alt=\"bible\" src=\"http:\/\/witforjesus.org\/images\/ldsarticles\/bible.jpg\" width=\"219\" height=\"164\" \/><\/strong><\/p>\n<p align=\"center\"><span style=\"font-size: medium;\"><b><a title=\"\u00bfDeber\u00edamos Confiar En La Biblia?\" href=\"https:\/\/www.4mormon.org\/es\/deberiamos-confiar-en-la-biblia\/\">\u00bfDeber\u00edamos CONFIAR en la Biblia?<\/a><\/b><\/span><b><\/b><\/p>\n<p align=\"justify\">La completitud de la revelaci\u00f3n B\u00edblica fue registrada cerca de 2.000 a\u00f1os atr\u00e1s. <b>Dada la edad y circulaci\u00f3n de la Biblia, la gente a menudo se pregunta si lo que tenemos hoy es lo que fue originalmente escrito por los Profetas y Ap\u00f3stoles. <\/b>De la misma manera, el criticismo SUD de la exactitud de la Biblia refleja estas preocupaciones. Mientras los mormones consideran la Versi\u00f3n de la Biblia Reina-Valera 1960 como la Escritura inspirada y dada por Dios, ellos afirman que muchos errores se han introducido en el texto. \u00bfQu\u00e9 tal la Versi\u00f3n Inspirada de la Biblia de Jos\u00e9 Smith, que \u00e9l tradujo para corregir los errores percibidos en le texto? \u00bfQu\u00e9 tan confiable son sus cambios?\u00a0<b>\u00a0<\/b> <a title=\"\u00bfDeber\u00edamos Confiar En La Biblia?\" href=\"https:\/\/www.4mormon.org\/es\/deberiamos-confiar-en-la-biblia\/\"><b>\u00bfQu\u00e9 Evidencia Existe para la Exactitud de la Biblia<\/b><strong>?<\/strong><\/a><strong>\u00a0<\/strong><strong> <strong><strong><b><b><strong><strong><\/strong><\/strong><\/b><\/b><\/strong><\/strong><\/strong><a title=\"\u00bfDeber\u00edamos Confiar En La Biblia?\" href=\"https:\/\/www.4mormon.org\/es\/deberiamos-confiar-en-la-biblia\/\"><strong><strong><strong><b><b><strong><strong><img loading=\"lazy\" decoding=\"async\" alt=\"bullets\" src=\"http:\/\/witforjesus.org\/images\/buttons\/read-more.jpg\" width=\"26\" height=\"12\" \/><\/strong><\/strong><\/b><\/b><\/strong><\/strong><\/strong><\/a><\/p>\n<\/td>\n<td width=\"2%\"><\/td>\n<td valign=\"top\" width=\"32%\">\n<p class=\"style16\" align=\"center\"><img decoding=\"async\" alt=\"family\" src=\"http:\/\/witforjesus.org\/images\/ldsarticles\/family.jpg\" \/><\/p>\n<p class=\"style16  style1\" align=\"center\"><strong><b><a title=\"\u00bfTu Familia Estar\u00e1 Junta Para Siempre? \" href=\"https:\/\/www.4mormon.org\/es\/la-familia-eterna\/\">\u00bfTu Familia Estar\u00e1 Junta Para Siempre?<\/a><\/b><b>\u00a0<\/b><\/strong><\/p>\n<p class=\"style2\" align=\"center\"><img loading=\"lazy\" decoding=\"async\" style=\"margin: 5px; vertical-align: top;\" alt=\"thinking\" src=\"http:\/\/witforjesus.org\/images\/ldsarticles\/thinking.jpg\" width=\"155\" height=\"155\" \/><\/p>\n<p class=\"style16\" align=\"center\"><a title=\"\u00bfHas Sido Perdonado de Todos tus Pecados?\" href=\"https:\/\/www.4mormon.org\/es\/has-sido-perdonado-de-todos-tus-pecados\/\"><strong><b>\u00bfHas Sido Perdonado De TODOS Tus Pecados?<\/b><\/strong><\/a><\/p>\n<p class=\"style2\" align=\"center\"><img loading=\"lazy\" decoding=\"async\" alt=\"jesussonofgod\" src=\"http:\/\/witforjesus.org\/images\/ldsarticles\/jesussonofgod.jpg\" width=\"155\" height=\"145\" \/><\/p>\n<p class=\"style2\" align=\"center\"><a title=\"\u00bfEs Jes\u00fas El Hijo Primog\u00e9nito De Dios?\" href=\"https:\/\/www.4mormon.org\/es\/es-jesus-el-hijo-primogenito-de-dios\/\"><b>\u00bfEs Jes\u00fas El Hijo Primog\u00e9nito De Dios?<\/b><\/a><\/p>\n<p class=\"style2\" align=\"center\"><img loading=\"lazy\" decoding=\"async\" alt=\"ldspriesthood\" src=\"http:\/\/witforjesus.org\/images\/ldscards\/ldspriesthood.jpg\" width=\"155\" height=\"206\" \/><\/p>\n<p class=\"style6\" align=\"center\"><a title=\"\u00bfLa Autoridad del Sacerdocio fue Restaurada a Trav\u00e9s del Mormonismo?\" href=\"https:\/\/www.4mormon.org\/es\/la-autoridad-del-sacerdocio-fue-restaurada-a-traves-del-mormonismo\/\"><b>\u00bfLa Autoridad Del Sacerdocio Fue RESTAURADA A Trav\u00e9s Del Mormonismo?<\/b><\/a><\/p>\n<p style=\"text-align: center;\"><img loading=\"lazy\" decoding=\"async\" alt=\"ldsbible\" src=\"http:\/\/witforjesus.org\/images\/ldscards\/ldsbible.jpg\" width=\"155\" height=\"191\" \/><\/p>\n<p style=\"text-align: center;\"><a title=\"\u00bfFueron Retiradas Doctrinas Preciosas de la Biblia?\" href=\"https:\/\/www.4mormon.org\/es\/fueron-retiradas-doctrinas-preciosas-de-la-biblia\/\"><b>\u00bfFueron Retiradas Doctrinas Preciosas De La Biblia?<\/b><\/a><\/p>\n<p style=\"text-align: center;\"><strong><img loading=\"lazy\" decoding=\"async\" style=\"margin: 5px; vertical-align: top;\" alt=\"templesquare-ldsjesus\" src=\"http:\/\/witforjesus.org\/images\/ldsarticles\/templesquare-ldsjesus.jpg\" width=\"155\" height=\"205\" \/><\/strong><\/p>\n<p style=\"text-align: center;\"><a title=\"\u00bfEl Jes\u00fas de los Mormones es el Mismo de la Biblia?\" href=\"https:\/\/www.4mormon.org\/es\/el-jesus-de-los-mormones-es-el-mismo-de-la-biblia\/\"><b>\u00bfEl Jes\u00fas De Los Mormones Es El Mismo De La Biblia?<\/b><\/a><\/p>\n<p style=\"text-align: center;\"><strong><img loading=\"lazy\" decoding=\"async\" alt=\"templesquare-ldsjesus\" src=\"http:\/\/witforjesus.org\/images\/ldscards\/ldsprayer.jpg\" width=\"155\" height=\"179\" \/><\/strong><\/p>\n<p style=\"text-align: center;\"><a title=\"\u00bfLe Oras a Jes\u00fas?\" href=\"https:\/\/www.4mormon.org\/es\/le-oras-a-jesus\/\"><strong>\u00bfLe Oras a Jes\u00fas?<\/strong><\/a><\/p>\n<p style=\"text-align: center;\"><strong><img loading=\"lazy\" decoding=\"async\" alt=\"templesquare-ldsjesus\" src=\"http:\/\/witforjesus.org\/images\/ldscards\/lds_joseph_smith.jpg\" width=\"155\" height=\"197\" \/><\/strong><\/p>\n<p style=\"text-align: center;\"><a title=\"\u00bfCambi\u00f3 Jos\u00e9 Smith su opini\u00f3n sobre Dios?\" href=\"https:\/\/www.4mormon.org\/es\/cambio-jose-smith-su-opinion-sobre-dios\/\"><strong>\u00bfCambi\u00f3 Jos\u00e9 Smith su opini\u00f3n sobre Dios?<\/strong><\/a><\/p>\n<p style=\"text-align: center;\"><strong><img loading=\"lazy\" decoding=\"async\" alt=\"templesquare-ldsjesus\" src=\"http:\/\/witforjesus.org\/images\/ldscards\/ldsimage.jpg\" width=\"155\" height=\"191\" \/><\/strong><\/p>\n<p style=\"text-align: center;\"><a title=\"\u00bfEs Dios un Hombre Glorificado?\" href=\"https:\/\/www.4mormon.org\/es\/es-dios-un-hombre-glorificado\/\"><strong>\u00bfEs Dios un hombre glorificado?<\/strong><\/a><\/p>\n<\/td>\n<\/tr>\n<\/tbody>\n<\/table>\n","protected":false},"excerpt":{"rendered":"<p>.:Lo que Cada Morm\u00f3n Deber\u00eda Saber antes de Entrar a la Eternidad \u00bfEST\u00c1S PREPARADO PARA COMPARECER ANTE DIOS? &#8211; Una prueba simple para los Santos de los \u00daltimos D\u00edas que son honestos \u201c\u00bfHab\u00e9is caminado, conserv\u00e1ndoos irreprensibles delante de Dios? Si os tocase morir en este momento, \u00bfpodr\u00edais decir, dentro de vosotros, que hab\u00e9is sido suficientemente&#8230;<\/p>\n","protected":false},"author":1,"featured_media":0,"parent":1150,"menu_order":0,"comment_status":"closed","ping_status":"closed","template":"","meta":{"footnotes":""},"class_list":["post-2140","page","type-page","status-publish","hentry"],"_links":{"self":[{"href":"https:\/\/www.4mormon.org\/es\/wp-json\/wp\/v2\/pages\/2140","targetHints":{"allow":["GET"]}}],"collection":[{"href":"https:\/\/www.4mormon.org\/es\/wp-json\/wp\/v2\/pages"}],"about":[{"href":"https:\/\/www.4mormon.org\/es\/wp-json\/wp\/v2\/types\/page"}],"author":[{"embeddable":true,"href":"https:\/\/www.4mormon.org\/es\/wp-json\/wp\/v2\/users\/1"}],"replies":[{"embeddable":true,"href":"https:\/\/www.4mormon.org\/es\/wp-json\/wp\/v2\/comments?post=2140"}],"version-history":[{"count":14,"href":"https:\/\/www.4mormon.org\/es\/wp-json\/wp\/v2\/pages\/2140\/revisions"}],"predecessor-version":[{"id":3101,"href":"https:\/\/www.4mormon.org\/es\/wp-json\/wp\/v2\/pages\/2140\/revisions\/3101"}],"up":[{"embeddable":true,"href":"https:\/\/www.4mormon.org\/es\/wp-json\/wp\/v2\/pages\/1150"}],"wp:attachment":[{"href":"https:\/\/www.4mormon.org\/es\/wp-json\/wp\/v2\/media?parent=2140"}],"curies":[{"name":"wp","href":"https:\/\/api.w.org\/{rel}","templated":true}]}}