{"id":2602,"date":"2013-07-08T22:13:37","date_gmt":"2013-07-08T22:13:37","guid":{"rendered":"http:\/\/www.4mormon.org\/?page_id=2602"},"modified":"2014-01-18T23:22:17","modified_gmt":"2014-01-18T23:22:17","slug":"respondiendo-objeciones-de-los-mormones","status":"publish","type":"page","link":"https:\/\/www.4mormon.org\/es\/respondiendo-objeciones-de-los-mormones\/","title":{"rendered":"Respondiendo Objeciones De Los Mormones"},"content":{"rendered":"<p><strong><strong><strong><strong><img loading=\"lazy\" decoding=\"async\" class=\"alignright\" style=\"margin: 10px;\" title=\"Answering Mormon Objections\" alt=\"Answering Mormon Objections\" src=\"http:\/\/witforjesus.org\/images\/ldsmedia\/sp-cd-anmo.jpg\" width=\"319\" height=\"340\" \/><\/strong><\/strong><\/strong><strong><strong><strong><strong><strong><strong><strong><a href=\"http:\/\/witforjesus.org\/downloads\/english\/mp3\/cd-anmo\/01-anmo-all.mp3\"><b><b><strong><strong><img loading=\"lazy\" decoding=\"async\" class=\"alignright\" alt=\"MP3\" src=\"http:\/\/witforjesus.org\/images\/buttons\/mp3.jpg\" width=\"44\" height=\"21\" \/><\/strong><\/strong><\/b><\/b><\/a><\/strong><\/strong><\/strong><\/strong><\/strong><\/strong><\/strong><\/strong><\/p>\n<p><strong><strong><strong><strong><strong><strong><strong><strong><strong><strong><a href=\"http:\/\/witforjesus.org\/downloads\/spanish\/articles\/lds\/slds-objections.pdf\"><img loading=\"lazy\" decoding=\"async\" alt=\"PDF\" src=\"http:\/\/witforjesus.org\/images\/buttons\/pdf.jpg\" width=\"44\" height=\"21\" \/><\/a><\/strong><\/strong><\/strong><\/strong><\/strong><\/strong><\/strong><\/strong><\/strong><\/strong><\/p>\n<p><span style=\"color: #000080;\"><strong><b>RESPONDIENDO OBJECIONES DE LOS MORMONES<\/b> \u2013<em> <\/em>Respuestas simples a los argumentos mormones comunes<br \/>\n<\/strong><\/span><\/p>\n<p><b>1. \u201c\u00bfHas orado acerca del Libro de Morm\u00f3n?\u201d <\/b><\/p>\n<ul>\n<li><b><span style=\"text-decoration: underline;\">Doctrina y Convenios Secci\u00f3n 9:8<\/span><\/b>: \u201cPero he aqu\u00ed, te digo que debes <b>estudiarlo en tu mente; entonces<\/b> has de preguntarme si est\u00e1 bien.\u2026\u201d<\/li>\n<\/ul>\n<ul>\n<li><i>Doctrina y Convenios <\/i>dice que debemos primeramente \u201cestudiarlo\u201d en nuestras mentes antes de orar acerca de ello. Mientras lo estaba estudiando, le\u00ed un vers\u00edculo interesante: Moroni 10:32.\u00a0 \u00bfPuedes ayudarme a entender c\u00f3mo debo \u201cabstenerme de <b>TODA<\/b> impiedad\u201d en mi vida as\u00ed como lo dice este vers\u00edculo?<\/li>\n<\/ul>\n<p><b>2. \u00a0\u201cNosotros tenemos la \u2018plenitud del evangelio eterno.\u2019 \u201d <\/b><\/p>\n<ul>\n<li>Jos\u00e9 Smith ense\u00f1\u00f3 que el <i>Libro de Morm\u00f3n <\/i>\u201cera el m\u00e1s correcto de todos los libros sobre la tierra&#8230;y que un hombre se <b>acercar\u00eda m\u00e1s<\/b> a Dios por <b>seguir sus preceptos<\/b> que los de <b>cualquier<\/b> otro libro.\u201d \u2014D.H.C. 4:461. (Nov. 28 de 1841.) <i>Ense\u00f1anzas del Profeta Jos\u00e9 Smith, <\/i>pp. 233, 234.<\/li>\n<\/ul>\n<ul>\n<li>\u00bfCu\u00e1les son los \u201cpreceptos\u201d que se ense\u00f1an en el <i>Libro de Morm\u00f3n<\/i> que <b>no se encuentran<\/b> en ning\u00fan otro libro? \u00bfEn qu\u00e9 parte del <i>Libro de Morm\u00f3n<\/i> se encuentran las siguientes doctrinas mormonas?\n<ul>\n<li>Dios tiene un cuerpo de carne y huesos<\/li>\n<li>Dios est\u00e1 casado en el cielo<\/li>\n<li>Existen muchos Dioses<\/li>\n<li>Los hombres pueden llegar a ser Dioses<\/li>\n<li>Participar en el Templo es necesario para la exaltaci\u00f3n<\/li>\n<li>Los hombres deben tener los sacerdocios Aar\u00f3nico y de Melquisedec<\/li>\n<\/ul>\n<\/li>\n<\/ul>\n<ul>\n<li><b><span style=\"text-decoration: underline;\">3 Nefi 11:39-40<\/span><\/b><b>:<\/b> \u201cDe cierto, de cierto os digo que esta es mi doctrina\u2026y quienes declaren <b>m\u00e1s o menos<\/b> que esto, y lo establezcan como mi doctrina, tales proceden del mal&#8230;\u201d (V\u00e9ase tambi\u00e9n G\u00e1latas 1:6-9)<\/li>\n<\/ul>\n<p><b>3. \u00a0\u201c\u00bfTu iglesia tiene un profeta viviente?\u00a0 Nosotros tenemos la revelaci\u00f3n de los \u00daltimos d\u00edas.\u201d <\/b><\/p>\n<ul>\n<li><b><span style=\"text-decoration: underline;\">Lucas 16:16<\/span><\/b>: \u201cLa ley y los <b>profetas <i>eran<\/i> hasta Juan<\/b>; desde entonces el reino de Dios es anunciado, y todos se esfuerzan por entrar en \u00e9l.\u201d<\/li>\n<\/ul>\n<ul>\n<li><b><span style=\"text-decoration: underline;\">Hebreos 1:1-2<\/span><\/b>: \u201cDios, <b>habiendo hablado<\/b> muchas veces y de muchas maneras <b>en otro tiempo<\/b> a los padres <b>por los profetas<\/b>, <b>en estos postreros d\u00edas<\/b> nos ha hablado <b>por el Hijo<\/b>.\u2026\u201d<\/li>\n<\/ul>\n<ul>\n<li>Ya que los \u201cprofetas\u201d existieron \u201chasta\u201d Juan el Bautista, \u00bfpor qu\u00e9 habr\u00eda yo de necesitar un \u201cprofeta\u201d viviente, cuando la Biblia dice que puedo acudir directamente a Jes\u00fas para tener su revelaci\u00f3n diaria a trav\u00e9s de la oraci\u00f3n y del estudio de su Palabra?<\/li>\n<\/ul>\n<p><b>4. \u201cNosotros somos cristianos al igual que ustedes.\u00a0 Tenemos a Jesucristo en el nombre de nuestra Iglesia.\u201d <\/b><\/p>\n<ul>\n<li>Si t\u00fa eres un cristiano al igual que yo, \u00bfquiere esto decir que yo soy un morm\u00f3n al igual que t\u00fa? Si ser cristiano no me hace morm\u00f3n, entonces, \u00bfcu\u00e1les son las diferencias que separan al mormonismo del cristianismo?<\/li>\n<\/ul>\n<ul>\n<li>\u00a0\u201cAl dar testimonio acerca de Jesucristo, el <b>Presidente Hinckley<\/b> habl\u00f3 acerca de aquellos que no son de la iglesia, quienes dicen que los Santos de los \u00daltimos D\u00edas \u2018no creen en el Cristo tradicional. <b>No, <\/b>no creo.\u00a0 <b>El Cristo tradicional del que ellos hablan no es el mismo del que hablo yo<\/b>.\u2026\u2019 \u201d\u2014<i>Church News (Noticias de la iglesia), <\/i>20 de Junio, 1998, p. 7 <i>(Traducido del ingl\u00e9s)<\/i><\/li>\n<\/ul>\n<p><b>5. \u00a0\u201cCreemos en Jesucristo, \u00bfesto no hace que seamos salvos?\u201d<\/b><\/p>\n<ul>\n<li><b><span style=\"text-decoration: underline;\">Mateo 7:21-23<\/span><\/b>: \u201c<b>No todo<\/b> el que me dice: <b>Se\u00f1or, Se\u00f1or<\/b>, entrar\u00e1 en el reino de los cielos&#8230; <b>Muchos<\/b> me dir\u00e1n en aquel d\u00eda: Se\u00f1or, Se\u00f1or, \u00bfno profetizamos <b>en tu nombre&#8230;<\/b> y <b>en tu nombre<\/b> hicimos muchos milagros? Y entonces les declarar\u00e9: <b>Nunca os conoc\u00ed<\/b>; apartaos de m\u00ed, hacedores de maldad.\u201d<\/li>\n<\/ul>\n<ul>\n<li>Es f\u00e1cil obtener conocimiento acerca de alguien, pero una persona \u00fanicamente puede \u201cconocer\u201d a alguien a trav\u00e9s de una relaci\u00f3n. Jes\u00fas dijo que \u201cmuchos\u201d le llamar\u00edan \u201cSe\u00f1or,\u201d pero s\u00f3lo aquellos que le \u201cconocieran\u201d personalmente ser\u00edan salvos.\u00a0 \u00bfTienes una relaci\u00f3n personal con Jes\u00fas? \u00bfOras a Jes\u00fas?\u00a0 \u00bfC\u00f3mo puedes tener una relaci\u00f3n personal con alguien con el que nunca conversas?\u00a0 Pablo or\u00f3 a Jes\u00fas en <b>2 Corintios 12:8-9<\/b> y Esteban or\u00f3 en <b>Hechos 7:59<\/b>.<\/li>\n<\/ul>\n<p><b>6. \u201c\u00bfPor qu\u00e9 creen ustedes en la Trinidad?\u201d <\/b><\/p>\n<ul>\n<li><b><span style=\"text-decoration: underline;\">Mateo 1:18, 20<\/span><\/b>: \u201cEl nacimiento de Jesucristo fue as\u00ed: Estando desposada Mar\u00eda su madre con Jos\u00e9&#8230;se hall\u00f3 <b>que hab\u00eda concebido del Esp\u00edritu Santo<\/b>&#8230;porque lo que en ella es <b>engendrado, del Esp\u00edritu Santo<\/b> es.\u201d<\/li>\n<\/ul>\n<ul>\n<li>Si el Esp\u00edritu Santo es un Dios separado de Dios el Padre (como ense\u00f1a el mormonismo), \u00bfpor qu\u00e9 Jes\u00fas es llamado el \u201cHijo de Dios\u201d\u2014en lugar del \u201cHijo del Esp\u00edritu Santo\u201d? \u00bfNo comprueba esto que el Esp\u00edritu Santo es el mismo Dios que Dios el Padre?<\/li>\n<\/ul>\n<ul>\n<li>La Trinidad no es un Trite\u00edsmo (3 Dioses), ni tampoco es un Modalismo (1 Persona en 3 modos diferentes).\u00a0 El Padre es Dios (Filipenses 1:11), el Hijo es Dios (Juan 1:1; 20:28), el Esp\u00edritu Santo es Dios (Hechos 5:3-4) y a\u00fan as\u00ed s\u00f3lo existe un Dios verdadero (Isa\u00edas 44:6, 8).\u00a0 \u00bfPuedes ver por qu\u00e9 definimos a la Trinidad como 3 personas en un s\u00f3lo Dios (Mateo 28:19)?<\/li>\n<\/ul>\n<p><b>\u00a07. \u201c\u00bfHas sido bautizado con alguien que tenga la autoridad apropiada?\u201d <\/b><\/p>\n<ul>\n<li>El <i>Libro de Morm\u00f3n<\/i> declara ser la \u201cplenitud del evangelio eterno\u201d \u00bfEn qu\u00e9 parte del <i>Libro de Morm\u00f3n <\/i>dice que uno debe ser bautizado por alguien que tenga los sacerdocios \u201cAar\u00f3nico\u201d y de \u201cMelquisedec\u201d? Jes\u00fas es el <b>\u00fanico<\/b> que est\u00e1 habilitado para tener el sacerdocio de \u201cMelquisedec\u201d (Hebreos 7:3), y \u00c9l no pudo tener el sacerdocio \u201cAar\u00f3nico,\u201d porque \u00c9l no era de la tribu de Lev\u00ed, entonces, \u00bfc\u00f3mo podr\u00edan los hombres mormones afirmar que son ordenados bajo estos sacerdocios?<\/li>\n<\/ul>\n<ul>\n<li>Tu bautismo en la iglesia mormona, \u00bfte da la seguridad de que si murieras el d\u00eda de hoy, tendr\u00edas vida eterna con el Padre Celestial? A pesar de tu bautismo, el <i>Libro de Morm\u00f3n <\/i>dice que si no te \u201cdespojas\u201d de orgullo y envidia, \u201cno est\u00e1is preparados para comparecer ante Dios\u201d (Alma 5:27-31). \u00bfTe has limpiado de \u201ctoda impiedad\u201d (Moroni 10:32)?\u00a0 \u00bfHas vuelto a cometer alg\u00fan pecado despu\u00e9s de haber pedido perd\u00f3n (D&amp;C 82:7)? Si has repetido cualquier pecado, eres responsable por los pecados anteriores y culpable de haber \u201cdemorado el d\u00eda de tu arrepentimiento\u201d (Alma 34:33-35).\u00a0 \u00bfTe has arrepentido de <b>TODOS <\/b>tus pecados? Si no es as\u00ed, \u201cos hab\u00e9is sujetado al esp\u00edritu del diablo y \u00e9l os sella como cosa suya&#8230;\u201d\u00a0 Entonces, \u00bfc\u00f3mo puede el mormonismo salvarme a trav\u00e9s del bautismo? \u00bfQu\u00e9 me ofrece el mormonismo?<\/li>\n<\/ul>\n<p><b>8. \u00a0\u201c\u00bfPor qu\u00e9 creen ustedes que la salvaci\u00f3n es \u00fanicamente por fe? La Biblia ense\u00f1a que la fe sin obras es muerta (Santiago 2:17).\u201d<\/b><\/p>\n<ul>\n<li><b><span style=\"text-decoration: underline;\">Romanos 11:6<\/span><\/b>: \u201c\u2026Y si por gracia, <b>ya no es por obras<\/b>; de otra manera la gracia ya no es gracia \u2026\u201d<\/li>\n<\/ul>\n<ul>\n<li>Tienes raz\u00f3n que una fe muerta no puede salvar, as\u00ed como una fe verdadera y viva produce obras, pero, \u00bfqu\u00e9 dir\u00edas si te traigo un regalo de cumplea\u00f1os que me cost\u00f3 $5,000 d\u00f3lares y t\u00fa, como retribuci\u00f3n me ofreces 5 centavos? \u00bfC\u00f3mo crees que esto me har\u00eda sentir? El regalo de la salvaci\u00f3n de Dios es bastante similar a un regalo de cumplea\u00f1os de $5,000 d\u00f3lares, s\u00f3lo que much\u00edsimo mayor. A Dios le cost\u00f3 todo, y que tratemos nosotros de pagarle por este regalo es como insultarlo a \u00c9l.\u00a0 Es como decirle a Dios que su regalo fue insuficiente\u2014que la muerte de su Hijo no fue suficiente para pagar por nuestros pecados. \u00bfPuedes ver por qu\u00e9 no podemos ganar nuestra salvaci\u00f3n?<\/li>\n<\/ul>\n<p><b>9. \u201cSiento un esp\u00edritu de \u2018discordia\u2019 aqu\u00ed. \u00bfPor qu\u00e9 nos persiguen? Nosotros no vamos a sus iglesias para tratar de probar que ustedes est\u00e1n equivocados.\u201d<\/b><\/p>\n<ul>\n<li>\u00bfAlguna vez has servido en alguna \u201cmisi\u00f3n\u201d para tu iglesia, o conoces a alguien que lo haya hecho? Bueno, esa es la raz\u00f3n por la que yo estoy aqu\u00ed hablando contigo. Yo tengo una \u201cmisi\u00f3n\u201d de compartir el verdadero \u201cevangelio\u201d de Jesucristo.\u00a0 La Biblia manda a los verdaderos cristianos a \u201ccontender\u201d ardientemente por la fe (Judas 3). Si ves una casa en llamas, \u00bfno te impulsar\u00eda el amor por las personas que se encuentran adentro a \u201ccontender\u201d ardientemente por ellos para persuadirles de que abandonaran la casa y de esta manera escapar de las llamas? Pues esa es la raz\u00f3n por la cual me preocupo lo suficiente como para compartir contigo acerca de lo que he descubierto.\u00a0 He visto las llamas del mormonismo y he venido a alcanzar a todos los que quieran escuchar. El amor por los mormones hace que yo quiera verte salvo.<\/li>\n<\/ul>\n<p>&nbsp;<\/p>\n","protected":false},"excerpt":{"rendered":"<p>RESPONDIENDO OBJECIONES DE LOS MORMONES \u2013 Respuestas simples a los argumentos mormones comunes 1. \u201c\u00bfHas orado acerca del Libro de Morm\u00f3n?\u201d Doctrina y Convenios Secci\u00f3n 9:8: \u201cPero he aqu\u00ed, te digo que debes estudiarlo en tu mente; entonces has de preguntarme si est\u00e1 bien.\u2026\u201d Doctrina y Convenios dice que debemos primeramente \u201cestudiarlo\u201d en nuestras mentes&#8230;<\/p>\n","protected":false},"author":1,"featured_media":0,"parent":0,"menu_order":0,"comment_status":"closed","ping_status":"closed","template":"","meta":{"footnotes":""},"class_list":["post-2602","page","type-page","status-publish","hentry"],"_links":{"self":[{"href":"https:\/\/www.4mormon.org\/es\/wp-json\/wp\/v2\/pages\/2602","targetHints":{"allow":["GET"]}}],"collection":[{"href":"https:\/\/www.4mormon.org\/es\/wp-json\/wp\/v2\/pages"}],"about":[{"href":"https:\/\/www.4mormon.org\/es\/wp-json\/wp\/v2\/types\/page"}],"author":[{"embeddable":true,"href":"https:\/\/www.4mormon.org\/es\/wp-json\/wp\/v2\/users\/1"}],"replies":[{"embeddable":true,"href":"https:\/\/www.4mormon.org\/es\/wp-json\/wp\/v2\/comments?post=2602"}],"version-history":[{"count":7,"href":"https:\/\/www.4mormon.org\/es\/wp-json\/wp\/v2\/pages\/2602\/revisions"}],"predecessor-version":[{"id":3625,"href":"https:\/\/www.4mormon.org\/es\/wp-json\/wp\/v2\/pages\/2602\/revisions\/3625"}],"wp:attachment":[{"href":"https:\/\/www.4mormon.org\/es\/wp-json\/wp\/v2\/media?parent=2602"}],"curies":[{"name":"wp","href":"https:\/\/api.w.org\/{rel}","templated":true}]}}