{"id":306,"date":"2013-02-06T16:48:09","date_gmt":"2013-02-06T16:48:09","guid":{"rendered":"http:\/\/www.4mormon.org\/?page_id=306"},"modified":"2018-12-11T21:34:59","modified_gmt":"2018-12-11T21:34:59","slug":"tarjetas-de-preguntas-para-mormones","status":"publish","type":"page","link":"https:\/\/www.4mormon.org\/es\/herramientas-para-misioneros\/tarjetas-de-preguntas-para-mormones\/","title":{"rendered":"Tarjetas distribuibles con preguntas para mormones"},"content":{"rendered":"<p><strong><strong><b><a title=\"Download PDF Business Card\" href=\"http:\/\/www.witforjesus.org\/downloads\/english\/bcards\/jw\/cards-all-jw-lines.pdf\"><img loading=\"lazy\" decoding=\"async\" src=\"http:\/\/witforjesus.org\/images\/ldscards\/lds_card-sp.jpg\" alt=\"bcard-download\" width=\"528\" height=\"293\" \/><\/a><\/b><\/strong><\/strong><\/p>\n<p>.:<strong>TARJETAS CRISTIANAS EVANGEL\u00cdSTICAS PARA PREDICARLES A LOS SANTOS DE LOS \u00daLTIMOS D\u00cdAS (LOS MORMONES)<\/strong><\/p>\n<p>Donde sea posible en estas tarjetas de preguntas, usamos la <em>Versi\u00f3n Reina Valera 1960<\/em> de la Biblia, porque \u00e9sta es la traducci\u00f3n en la cual los mormones conf\u00edan m\u00e1s. Tu puedes imprimir gratuitamente estas tarjetas de preguntas desde nuestro sitio Web al hacer clic en los enlaces listados m\u00e1s abajo.<\/p>\n<p><strong><strong><img loading=\"lazy\" decoding=\"async\" src=\"http:\/\/witforjesus.org\/images\/bullets.jpg\" alt=\"Link\" width=\"10\" height=\"9\" \/>\u00a0<strong>Por favor lea <strong><a title=\"Pol\u00edtica de Conducta para la Evangelizaci\u00f3n\" href=\"http:\/\/4witness.org\/es\/pagina-principal\/politica-de-conducta-para-la-evangelizacion\/\"><strong><b><strong>NUESTRA POL\u00cdTICA DE CONDUCTA PARA EVANGELIZAR<\/strong><\/b><\/strong><\/a><\/strong><\/strong><strong> y <a title=\"Pol\u00edtica de derechos reservados\" href=\"https:\/\/www.4mormon.org\/es\/principal\/terminos-y-condiciones\/declaracion-de-derechos-de-autor\/\"><strong><strong>NUESTRA POL\u00cdTICA DE DERECHOS RESERVADOS<\/strong><\/strong><\/a> <\/strong><strong>antes de utilizar nuestros recursos.<\/strong><\/strong><\/strong><\/p>\n<div align=\"center\"><strong>TODO-EN-UNO <\/strong><strong>TARJETA DE NEGOCIO<\/strong><strong>PLANTILLA<\/strong><\/div>\n<div>\n<div align=\"center\"><strong>Una copia de cada una de las tarjetas listadas abajo en un documento PDF<\/strong><\/div>\n<\/div>\n<div align=\"center\"><\/div>\n<div align=\"center\">\n<p><a title=\"Business Cards with Cut Lines\" href=\"http:\/\/www.witforjesus.org\/downloads\/spanish\/bcards\/lds\/scard-all-lds-lines.pdf\"><strong>Con L\u00edneas para Recortar<\/strong><\/a><\/p>\n<p><strong><a title=\"Download PDF Business Card\" href=\"http:\/\/www.witforjesus.org\/downloads\/spanish\/bcards\/lds\/scard-all-lds-lines.pdf\"><img loading=\"lazy\" decoding=\"async\" src=\"http:\/\/witforjesus.org\/images\/buttons\/sp-bcard-download.jpg\" alt=\"bcard-download\" width=\"158\" height=\"44\" \/><\/a><\/strong><\/p>\n<div><a title=\"Download PDF Business Card\" href=\"http:\/\/www.witforjesus.org\/downloads\/spanish\/bcards\/lds\/scard-all-lds.pdf\"><strong>Sin L\u00edneas para Recortar<\/strong><\/a><\/div>\n<p><a href=\"http:\/\/www.witforjesus.org\/downloads\/spanish\/bcards\/lds\/scard-all-lds.pdf\"><img loading=\"lazy\" decoding=\"async\" src=\"http:\/\/witforjesus.org\/images\/buttons\/sp-bcard-download.jpg\" alt=\"bcard-download\" width=\"158\" height=\"44\" \/><\/a><\/p>\n<p><strong>TODO-EN-UNO-POSTALPLANTILLA<\/strong><\/p>\n<p><strong>\u00a0Una copia de cada una de las tarjetas listadas abajo en un documento \u00a0PDF\u00a0<\/strong><\/p>\n<\/div>\n<div align=\"center\"><\/div>\n<div align=\"center\">\n<p><a href=\"http:\/\/witforjesus.org\/downloads\/spanish\/postcards\/lds\/spcard-all-lds-lines.pdf\"><strong>Con L\u00edneas para Recortar<\/strong><\/a><\/p>\n<p><a href=\"http:\/\/witforjesus.org\/downloads\/spanish\/postcards\/lds\/spcard-all-lds-lines.pdf\"><strong><img loading=\"lazy\" decoding=\"async\" src=\"http:\/\/witforjesus.org\/images\/buttons\/sp-postcard-download.jpg\" alt=\"postcard-download\" width=\"158\" height=\"44\" \/><\/strong><\/a><\/p>\n<p><a title=\"Without Cut-Lines\" href=\"http:\/\/witforjesus.org\/downloads\/spanish\/postcards\/lds\/spcard-all-lds.pdf\"><strong>Sin L\u00edneas para Recortar<\/strong><\/a><\/p>\n<div><a title=\"Without Cut-Lines\" href=\"http:\/\/witforjesus.org\/downloads\/spanish\/postcards\/lds\/spcard-all-lds.pdf\"><strong><img loading=\"lazy\" decoding=\"async\" src=\"http:\/\/witforjesus.org\/images\/buttons\/sp-postcard-download.jpg\" alt=\"postcard-download\" width=\"158\" height=\"44\" \/><\/strong><\/a><\/div>\n<\/div>\n<p>&nbsp;<\/p>\n<p style=\"text-align: center;\"><strong>COMPRA O IMPRIME NUESTRAS TARJETAS DE PREGUNTAS DE LOS MORMONES<\/strong><\/p>\n<ul class=\"lcp_catlist\" id=\"lcp_instance_0\"><li><a href=\"https:\/\/www.4mormon.org\/es\/perteneces-a-la-iglesia-de-jose-smith-de-los-santos-de-los-ultimos-dias\/\">\u00bfPerteneces a LA IGLESIA DE JOS\u00c9 SMITH DE LOS SANTOS DE LOS \u00daLTIMOS D\u00cdAS?<\/a><\/li><li><a href=\"https:\/\/www.4mormon.org\/es\/la-autoridad-del-sacerdocio-fue-restaurada-a-traves-del-mormonismo\/\">\u00bfLa autoridad del sacerdocio fue restaurada a trav\u00e9s del mormonismo?<\/a><\/li><li><a href=\"https:\/\/www.4mormon.org\/es\/has-sido-perdonado-de-todos-tus-pecados\/\">\u00bfHas sido perdonado de todos tus pecados?<\/a><\/li><li><a href=\"https:\/\/www.4mormon.org\/es\/los-mormones-son-cristianos\/\">\u00bfLos mormones son \u201cCristianos?\u201d<\/a><\/li><li><a href=\"https:\/\/www.4mormon.org\/es\/estaba-jose-smith-calificado-para-guiar-al-pueblo-de-dios\/\">\u00bfEstaba Jos\u00e9 Smith calificado para guiar al pueblo de Dios?<\/a><\/li><li><a href=\"https:\/\/www.4mormon.org\/es\/por-que-jose-smith-fallecio-siendo-tan-joven\/\">\u00bfPor qu\u00e9 Jos\u00e9 Smith falleci\u00f3 siendo tan joven?<\/a><\/li><li><a href=\"https:\/\/www.4mormon.org\/es\/era-necesaria-una-restauracion-del-evangelio\/\">\u00bfEra necesaria una \u00abrestauraci\u00f3n\u00bb del evangelio?<\/a><\/li><li><a href=\"https:\/\/www.4mormon.org\/es\/deberiamos-escuchar-a-los-espiritus-de-los-muertos\/\">\u00bfDeber\u00edamos escuchar a los \u201cesp\u00edritus de los muertos?\u201d<\/a><\/li><li><a href=\"https:\/\/www.4mormon.org\/es\/fueron-retiradas-doctrinas-preciosas-de-la-biblia\/\">\u00bfFueron retiradas doctrinas preciosas de la biblia?<\/a><\/li><li><a href=\"https:\/\/www.4mormon.org\/es\/puede-satanas-dar-alguna-revelacion\/\">\u00bfPuede Satan\u00e1s dar alguna \u201crevelaci\u00f3n?\u201d<\/a><\/li><li><a href=\"https:\/\/www.4mormon.org\/es\/a-cual-iglesia-pertenecen-los-mormones\/\">\u00bfA cu\u00e1l iglesia pertenecen los mormones?<\/a><\/li><li><a href=\"https:\/\/www.4mormon.org\/es\/donde-se-llevo-acabo-la-expiacion\/\">\u00bfD\u00f3nde se llev\u00f3 acabo la expiaci\u00f3n?<\/a><\/li><li><a href=\"https:\/\/www.4mormon.org\/es\/es-jesus-un-dios-aparte-del-padre\/\">\u00bfEs Jes\u00fas un dios aparte del padre?<\/a><\/li><li><a href=\"https:\/\/www.4mormon.org\/es\/el-jesus-de-los-mormones-es-el-mismo-de-la-biblia\/\">\u00bfEl Jes\u00fas de los mormones es el mismo de la biblia?<\/a><\/li><li><a href=\"https:\/\/www.4mormon.org\/es\/le-oras-a-jesus\/\">\u00bfLe oras a Jes\u00fas?<\/a><\/li><li><a href=\"https:\/\/www.4mormon.org\/es\/como-seria-ser-un-dios\/\">\u00bfC\u00f3mo ser\u00eda ser un \u201cDios?\u201d<\/a><\/li><li><a href=\"https:\/\/www.4mormon.org\/es\/habra-matrimonios-en-el-cielo\/\">\u00bfHabr\u00e1 matrimonios en el cielo?<\/a><\/li><li><a href=\"https:\/\/www.4mormon.org\/es\/no-hay-dios-sino-yo-no-hay-fuerte-no-conozco-ninguno-isaias-448-reina-valera-1960\/\">\u00bfCu\u00e1l es la mentira de Satan\u00e1s?<\/a><\/li><li><a href=\"https:\/\/www.4mormon.org\/es\/adoras-a-un-dios-o-a-muchos-dioses\/\">\u00bfAdoras a un Dios o a muchos dioses?<\/a><\/li><li><a href=\"https:\/\/www.4mormon.org\/es\/es-dios-un-hombre-glorificado\/\">\u00bfEs Dios un hombre glorificado?<\/a><\/li><li><a href=\"https:\/\/www.4mormon.org\/es\/cambio-jose-smith-su-opinion-sobre-dios\/\">\u00bfCambi\u00f3 Jos\u00e9 Smith su opini\u00f3n sobre Dios?<\/a><\/li><li><a href=\"https:\/\/www.4mormon.org\/es\/vio-jose-smith-a-dios-el-padre\/\">\u00bfVio Jos\u00e9 Smith a Dios el padre?<\/a><\/li><\/ul>\n<p><strong>TAMA<\/strong><strong>\u00d1O<strong> DE IMPRESI\u00d3N DE LAS TARJETAS DE NEGOCIO:<\/strong><\/strong><\/p>\n<p>Estas Tarjetas de Negocio en PDF descargable est\u00e1n en un formato compatible que cabe en las <strong>Tarjetas de Negocio Imprimibles de Dos-Caras y Borde Limpio\u00ae de Avery\u00ae. Recomendamos: <a title=\"Avery\u00ae Two-Side Printable Clean Edge\u00ae Business Cards for Laser Printers 5871, White, Pack of 200\" href=\"http:\/\/www.avery.com\/avery\/en_us\/Products\/Cards\/Business-Cards\/Two_Side-Printable-Color-Mono-Laser-Clean-Edge-Business-Cards_05871.htm?N=4294967275&amp;Ns=&amp;refchannel=f51d27e814d0a110VgnVCM1000002118140aRCRD\">Avery\u00ae 5871, Blancas, Paquete de 200<\/a><\/strong> o <a title=\"Avery\u00ae Two-Side Printable Clean Edge\u00ae Business Cards for Laser Printers 5870, White, Box of 2000\" href=\"http:\/\/www.avery.com\/avery\/en_us\/Products\/Cards\/Business-Cards\/Two_Side-Printable-Color-Mono-Laser-Clean-Edge-Business-Cards_05870.htm?N=4294967275&amp;Ns=&amp;refchannel=f51d27e814d0a110VgnVCM1000002118140aRCRD\"><strong>Avery\u00ae 5870, Blancas, Caja de 2000<\/strong><\/a>, pero nuestra plantilla en PDF descargable es tambi\u00e9n compatible con Avery\u00ae 15871, 18871, 27871, 27881, 27882, 27883, 28371, 28865, 28877, 28878, 38871, 38873, 38876, 5371, 5376, 5377, 55876, 5870, 5871, 5874, 5876, 5877, 5882, 5911, 8371, 8376, 8377, 8471, 8476, 8870, 8871, 8873, 8874, 8875, 8876, 8877, 8879, 8372, 5872, 5873, 8872, 8873.<\/p>\n<p><strong>IMPRESI\u00d3N <strong>DE POSTALES:<\/strong><\/strong><\/p>\n<p>Imprime postales 4 en una p\u00e1gina en p\u00e1ginas de cartulina de tama\u00f1o 8-1\/2 x 11 pulgadas o m\u00e1s grandes, y corta cada postal a un tama\u00f1o ajustado de 5 x 3-1\/2 pulgadas.<\/p>\n<p><strong>NOTA IMPORTANTE PARA IMPRIMIR:<\/strong><\/p>\n<p><strong>El lado de frente y de atr\u00e1s de cada tarjeta de negocio de 2-lados y la plantilla de postal toda-en-una son mostrados lado a lado en nuestras p\u00e1ginas de plantilla. Para imprimir de dos lados, simplemente hay que re-insertar e imprimir nuestra p\u00e1gina de plantilla en la parte de atr\u00e1s de tu cartulina.<\/strong><\/p>\n<p>&nbsp;<\/p>\n","protected":false},"excerpt":{"rendered":"<p>.:TARJETAS CRISTIANAS EVANGEL\u00cdSTICAS PARA PREDICARLES A LOS SANTOS DE LOS \u00daLTIMOS D\u00cdAS (LOS MORMONES) Donde sea posible en estas tarjetas de preguntas, usamos la Versi\u00f3n Reina Valera 1960 de la Biblia, porque \u00e9sta es la traducci\u00f3n en la cual los mormones conf\u00edan m\u00e1s. Tu puedes imprimir gratuitamente estas tarjetas de preguntas desde nuestro sitio Web&#8230;<\/p>\n","protected":false},"author":1,"featured_media":0,"parent":1022,"menu_order":0,"comment_status":"closed","ping_status":"closed","template":"","meta":{"footnotes":""},"class_list":["post-306","page","type-page","status-publish","hentry"],"_links":{"self":[{"href":"https:\/\/www.4mormon.org\/es\/wp-json\/wp\/v2\/pages\/306","targetHints":{"allow":["GET"]}}],"collection":[{"href":"https:\/\/www.4mormon.org\/es\/wp-json\/wp\/v2\/pages"}],"about":[{"href":"https:\/\/www.4mormon.org\/es\/wp-json\/wp\/v2\/types\/page"}],"author":[{"embeddable":true,"href":"https:\/\/www.4mormon.org\/es\/wp-json\/wp\/v2\/users\/1"}],"replies":[{"embeddable":true,"href":"https:\/\/www.4mormon.org\/es\/wp-json\/wp\/v2\/comments?post=306"}],"version-history":[{"count":40,"href":"https:\/\/www.4mormon.org\/es\/wp-json\/wp\/v2\/pages\/306\/revisions"}],"predecessor-version":[{"id":5057,"href":"https:\/\/www.4mormon.org\/es\/wp-json\/wp\/v2\/pages\/306\/revisions\/5057"}],"up":[{"embeddable":true,"href":"https:\/\/www.4mormon.org\/es\/wp-json\/wp\/v2\/pages\/1022"}],"wp:attachment":[{"href":"https:\/\/www.4mormon.org\/es\/wp-json\/wp\/v2\/media?parent=306"}],"curies":[{"name":"wp","href":"https:\/\/api.w.org\/{rel}","templated":true}]}}