{"id":1051,"date":"2013-05-17T22:54:33","date_gmt":"2013-05-17T22:54:33","guid":{"rendered":"http:\/\/www.4mormon.org\/?page_id=1051"},"modified":"2019-12-05T03:48:40","modified_gmt":"2019-12-05T03:48:40","slug":"pagina-principal","status":"publish","type":"page","link":"https:\/\/www.4mormon.org\/pt-pt\/","title":{"rendered":"Santos dos \u00daltimos Dias \u2013 Para a F\u00e9 e Pesquisa M\u00f3rmon"},"content":{"rendered":"<p><span style=\"font-size: x-large;\"><strong><strong>Bem-Vindos Santos dos \u00daltimos Dias Crist\u00e3os para Jesus!<\/strong><\/strong><\/span><\/p>\n<p><img loading=\"lazy\" decoding=\"async\" src=\"http:\/\/witforjesus.org\/images\/long\/4mormon\/meet-god.png\" alt=\"TRUE FREEDOM\" width=\"400\" height=\"300\" \/><\/p>\n<p><a title=\"Voc\u00ea est\u00e1 preparado para comparecer diante de Deus?\" href=\"https:\/\/www.4mormon.org\/pt-pt\/voce-esta-preparado-para-comparecer-diante-de-deus\/\"><strong>VOC\u00ca EST\u00c1 PREPARADO PARA COMPARECER PERANTE DEUS?<\/strong><\/a><\/p>\n<p>\u201cTende-vos conservado inocentes diante de Deus? \u2026Eis que estais <b>despidos de orgulho<\/b>? Digo-vos que, se n\u00e3o o estais, <b>n\u00e3o estais preparados para comparecer perante Deus<\/b>. Eis que deveis preparar-vos rapidamente&#8230;\u201d \u2014 Alma 5:27-28, <i>O Livro de M\u00f3rmon<\/i>\u201d <a href=\"https:\/\/www.4mormon.org\/pt-pt\/voce-esta-preparado-para-comparecer-diante-de-deus\/\"><strong><span class=\"style1\">Um simples teste para um Santo dos \u00daltimos Dias honesto<\/span><\/strong> <\/a><b><\/b><a href=\"https:\/\/www.4mormon.org\/pt-pt\/voce-esta-preparado-para-comparecer-diante-de-deus\/\"><img loading=\"lazy\" decoding=\"async\" class=\"alignnone\" src=\"http:\/\/witforjesus.org\/images\/buttons\/read-more.jpg\" alt=\"bullets\" width=\"26\" height=\"12\" \/><\/a><\/p>\n<p><img loading=\"lazy\" decoding=\"async\" src=\"http:\/\/witforjesus.org\/images\/home\/space2.jpg\" alt=\"TRUE FREEDOM\" width=\"200\" height=\"13\" \/><\/p>\n<figure style=\"width: 590px\" class=\"wp-caption alignnone\"><a href=\"http:\/\/get.theapp.co\/d177\/\"><img loading=\"lazy\" decoding=\"async\" src=\"http:\/\/witforjesus.org\/images\/home\/app-long.jpg\" alt=\"\" width=\"590\" height=\"332\" \/><\/a><figcaption class=\"wp-caption-text\">Aplica\u00e7\u00e3o de Witnesses for Jesus para celulares e tablets<\/figcaption><\/figure>\n<p>&nbsp;<\/p>\n<p><img loading=\"lazy\" decoding=\"async\" class=\"alignnone\" src=\"http:\/\/www.witforjesus.org\/images\/long\/4mormon\/exlds-support.png\" alt=\"\" width=\"590\" height=\"298\" \/><\/p>\n<h2><a title=\"Sobre N\u00f3s\" href=\"https:\/\/www.4mormon.org\/pt-pt\/pagina-principal\/sobre-nos\/\"><span style=\"font-size: large;\"><strong>SOBRE N\u00d3S<\/strong><\/span><\/a><\/h2>\n<p><img loading=\"lazy\" decoding=\"async\" class=\"alignnone\" src=\"http:\/\/witforjesus.org\/images\/long\/4mormon\/bible-answers.png\" alt=\"Bible Answers\" width=\"590\" height=\"251\" \/><\/p>\n<h2><a title=\"Respostas B\u00edblicas\" href=\"https:\/\/www.4mormon.org\/pt-pt\/respostas-biblicas\/\"><span style=\"font-size: large;\"><strong><b>RESPOSTAS <\/b>DA B\u00cdBLIA<\/strong><\/span><\/a><\/h2>\n<ul>\n<li><strong>As Cren\u00e7as e Pr\u00e1ticas do Mormonismo<br \/>\n<\/strong><\/li>\n<li><strong>A Hist\u00f3ria e Esc\u00e2ndalos da Igreja de Jesus Cristo dos Santos dos \u00daltimos Dias<br \/>\n<\/strong><\/li>\n<\/ul>\n<p><img loading=\"lazy\" decoding=\"async\" class=\"alignnone\" src=\"http:\/\/witforjesus.org\/images\/long\/4mormon\/lds-faq.png\" alt=\"Folding Tracts\" width=\"590\" height=\"283\" \/><\/p>\n<p><a title=\"Ex-M\u00f3rmons\" href=\"https:\/\/www.4mormon.org\/pt-pt\/ex-mormons\/#faq\"><span style=\"font-size: large;\"><strong>FAQ \u2013 AJUDA<\/strong><\/span><\/a><\/p>\n<ul>\n<li><strong>Determinando a Verdade<\/strong><\/li>\n<li><strong>Deixando da Igreja M\u00f3rmon<\/strong><\/li>\n<li><strong>Namoro e Casamento<\/strong><\/li>\n<li><strong>Alcan\u00e7ando os Entes-Queridos<\/strong><\/li>\n<\/ul>\n<p>&nbsp;<\/p>\n<p><strong><img loading=\"lazy\" decoding=\"async\" class=\"alignnone\" title=\"Evangelism\" src=\"http:\/\/witforjesus.org\/images\/long\/4mormon\/missionary-tools.png\" alt=\"Evangelism\" width=\"590\" height=\"243\" \/><\/strong><\/p>\n<h2><span style=\"font-size: medium;\"><strong><a title=\"Ferramentas Mission\u00e1rias\" href=\"https:\/\/www.4mormon.org\/pt-pt\/ferramentas-missionarias\/\">FERRAMENTAS <b>PARA MISSION\u00c1RIOS<\/b><\/a><br \/>\n<\/strong><\/span><\/h2>\n<ul>\n<li><strong>Guias de Treinamento para Evangelismo<br \/>\n<\/strong><\/li>\n<li><strong>Perguntas para M\u00f3rmons<\/strong><\/li>\n<li><strong>Cart\u00f5es para M\u00f3rmons<\/strong><\/li>\n<li><strong>Tratados para M\u00f3rmons<\/strong><\/li>\n<\/ul>\n<p><a title=\"Testemunhos de Ex-M\u00f3rmons\" href=\"https:\/\/www.4mormon.org\/pt-pt\/testemunhos-de-ex-mormons\/\"><img loading=\"lazy\" decoding=\"async\" src=\"http:\/\/witforjesus.org\/images\/ldsstories\/ldsstories2.jpg\" alt=\"Ex-Mormons\" width=\"596\" height=\"141\" \/><\/a><\/p>\n<p><a title=\"Testemunhos de Ex-M\u00f3rmons\" href=\"https:\/\/www.4mormon.org\/pt-pt\/testemunhos-de-ex-mormons\/\"><span style=\"font-size: x-large;\"><strong>MAIS HIST\u00d3RIAS DE EX-M\u00d3RMONS<\/strong><\/span><\/a><\/p>\n<p>&nbsp;<\/p>\n<p class=\"story\" style=\"padding-left: 30px;\">\n","protected":false},"excerpt":{"rendered":"<p>Bem-Vindos Santos dos \u00daltimos Dias Crist\u00e3os para Jesus! VOC\u00ca EST\u00c1 PREPARADO PARA COMPARECER PERANTE DEUS? \u201cTende-vos conservado inocentes diante de Deus? \u2026Eis que estais despidos de orgulho? Digo-vos que, se n\u00e3o o estais, n\u00e3o estais preparados para comparecer perante Deus. Eis que deveis preparar-vos rapidamente&#8230;\u201d \u2014 Alma 5:27-28, O Livro de M\u00f3rmon\u201d Um simples teste&#8230;<\/p>\n","protected":false},"author":1,"featured_media":5036,"parent":0,"menu_order":0,"comment_status":"closed","ping_status":"closed","template":"","meta":{"footnotes":""},"class_list":["post-1051","page","type-page","status-publish","has-post-thumbnail","hentry"],"_links":{"self":[{"href":"https:\/\/www.4mormon.org\/pt-pt\/wp-json\/wp\/v2\/pages\/1051","targetHints":{"allow":["GET"]}}],"collection":[{"href":"https:\/\/www.4mormon.org\/pt-pt\/wp-json\/wp\/v2\/pages"}],"about":[{"href":"https:\/\/www.4mormon.org\/pt-pt\/wp-json\/wp\/v2\/types\/page"}],"author":[{"embeddable":true,"href":"https:\/\/www.4mormon.org\/pt-pt\/wp-json\/wp\/v2\/users\/1"}],"replies":[{"embeddable":true,"href":"https:\/\/www.4mormon.org\/pt-pt\/wp-json\/wp\/v2\/comments?post=1051"}],"version-history":[{"count":37,"href":"https:\/\/www.4mormon.org\/pt-pt\/wp-json\/wp\/v2\/pages\/1051\/revisions"}],"predecessor-version":[{"id":5459,"href":"https:\/\/www.4mormon.org\/pt-pt\/wp-json\/wp\/v2\/pages\/1051\/revisions\/5459"}],"wp:featuredmedia":[{"embeddable":true,"href":"https:\/\/www.4mormon.org\/pt-pt\/wp-json\/wp\/v2\/media\/5036"}],"wp:attachment":[{"href":"https:\/\/www.4mormon.org\/pt-pt\/wp-json\/wp\/v2\/media?parent=1051"}],"curies":[{"name":"wp","href":"https:\/\/api.w.org\/{rel}","templated":true}]}}