{"id":1207,"date":"2013-05-21T18:39:45","date_gmt":"2013-05-21T18:39:45","guid":{"rendered":"http:\/\/www.4mormon.org\/?page_id=1207"},"modified":"2018-04-03T20:27:43","modified_gmt":"2018-04-03T20:27:43","slug":"respostas-biblicas","status":"publish","type":"page","link":"https:\/\/www.4mormon.org\/pt-pt\/respostas-biblicas\/","title":{"rendered":"Respostas B\u00edblicas"},"content":{"rendered":"<p><a title=\"Jehovah\u2019s Witness Beliefs Answered\" href=\"\/?page_id=4542\"><img loading=\"lazy\" decoding=\"async\" src=\"http:\/\/witforjesus.org\/images\/long\/4mormon\/bible-answers.png\" alt=\"Bible Answers\" width=\"590\" height=\"251\" \/><\/a><\/p>\n<p><span style=\"font-size: x-large;\"><strong><strong><a title=\"Cren\u00e7as e Pr\u00e1ticas M\u00f3rmons\" href=\"https:\/\/www.4mormon.org\/pt-pt\/respostas-biblicas\/crencas-e-praticas-mormons\/\">CREN\u00c7AS M\u00d3RMONS E PR\u00c1TICAS<\/a> <\/strong><\/strong><a title=\"Jehovah\u2019s Witness Beliefs and Practices Answered\" href=\"\/?page_id=4542\"><strong><br \/>\n<\/strong><\/a><\/span><\/p>\n<ul class=\"lcp_catlist\" id=\"lcp_instance_0\"><li><a href=\"https:\/\/www.4mormon.org\/pt-pt\/o-que-sao-as-aliancas-mormon\/\">O Que S\u00e3o As Alian\u00e7as M\u00f3rmon?<\/a><\/li><li><a href=\"https:\/\/www.4mormon.org\/pt-pt\/sao-necessarios-profetas-e-apostolos-para-a-igreja-de-hoje\/\">S\u00e3o necess\u00e1rios profetas e ap\u00f3stolos para a igreja de hoje?<\/a><\/li><li><a href=\"https:\/\/www.4mormon.org\/pt-pt\/doutrinas-do-livro-de-mormon-comparadas-com-a-biblia-e-ensinos-mormon\/\">Doutrinas do Livro de M\u00f3rmon comparadas com a B\u00edblia e ensinos M\u00f3rmon<\/a><\/li><li><a href=\"https:\/\/www.4mormon.org\/pt-pt\/batismo-pelos-mortos\/\">Batismo Pelos Mortos<\/a><\/li><li><a href=\"https:\/\/www.4mormon.org\/pt-pt\/salvo-ou-nao-salvo\/\">Salvo Ou N\u00e3o Salvo?<\/a><\/li><li><a href=\"https:\/\/www.4mormon.org\/pt-pt\/podemos-confiar-na-biblia\/\">Podemos confiar na B\u00edblia?<\/a><\/li><li><a href=\"https:\/\/www.4mormon.org\/pt-pt\/e-jesus-o-filho-primogenito-de-deus\/\">\u00c9 Jesus O Filho Primog\u00eanito De Deus?<\/a><\/li><li><a href=\"https:\/\/www.4mormon.org\/pt-pt\/quem-sao-os-mormons-a-sua-historia-crencas-e-praticas\/\">QUEM S\u00c3O OS M\u00d3RMONS? \u2013 A sua Hist\u00f3ria, Cren\u00e7as e Pr\u00e1ticas<\/a><\/li><\/ul>\n<p><strong><strong><strong><strong><strong><strong><strong><strong><strong><strong><strong><strong><strong><strong><strong><strong><strong><strong><strong><strong><strong><strong><strong><strong><strong><strong><strong><strong><strong><strong><strong><strong><strong><strong><strong><strong><strong><img loading=\"lazy\" decoding=\"async\" src=\"http:\/\/witforjesus.org\/images\/long\/4mormon\/bible-answers-history.png\" alt=\"Mormon History and Scandals\" width=\"590\" height=\"298\" \/><\/strong><\/strong><\/strong><\/strong><\/strong><\/strong><\/strong><\/strong><\/strong><\/strong><\/strong><\/strong><\/strong><\/strong><\/strong><\/strong><\/strong><\/strong><\/strong><\/strong><\/strong><\/strong><\/strong><\/strong><\/strong><\/strong><\/strong><\/strong><\/strong><\/strong><\/strong><\/strong><\/strong><\/strong><\/strong><\/strong><\/strong><\/p>\n<p><a title=\"Hist\u00f3ria e Esc\u00e2ndalos M\u00f3rmon\" href=\"https:\/\/www.4mormon.org\/pt-pt\/respostas-biblicas\/historia-e-escandalos-mormon\/\"><span style=\"font-size: x-large;\"><strong><strong><strong><strong>HIST\u00d3RIA M\u00d3RMON E ESC\u00c2NDALOS<\/strong><\/strong><\/strong><\/strong><\/span><\/a><\/p>\n<ul class=\"lcp_catlist\" id=\"lcp_instance_0\"><li><a href=\"https:\/\/www.4mormon.org\/pt-pt\/contradicoes-no-mormonismo\/\">Contradi\u00e7\u00f5es no Mormonismo<\/a><\/li><li><a href=\"https:\/\/www.4mormon.org\/pt-pt\/sera-que-a-primeira-visao-de-joseph-smith-e-um-facto-historico\/\">Ser\u00e1 que a primeira vis\u00e3o de Joseph Smith \u00e9 um facto hist\u00f3rico?<\/a><\/li><li><a href=\"https:\/\/www.4mormon.org\/pt-pt\/quem-sao-os-mormons-a-sua-historia-crencas-e-praticas\/\">QUEM S\u00c3O OS M\u00d3RMONS? \u2013 A sua Hist\u00f3ria, Cren\u00e7as e Pr\u00e1ticas<\/a><\/li><\/ul>\n","protected":false},"excerpt":{"rendered":"<p>CREN\u00c7AS M\u00d3RMONS E PR\u00c1TICAS HIST\u00d3RIA M\u00d3RMON E ESC\u00c2NDALOS<\/p>\n","protected":false},"author":2,"featured_media":0,"parent":0,"menu_order":0,"comment_status":"closed","ping_status":"closed","template":"","meta":{"footnotes":""},"class_list":["post-1207","page","type-page","status-publish","hentry"],"_links":{"self":[{"href":"https:\/\/www.4mormon.org\/pt-pt\/wp-json\/wp\/v2\/pages\/1207","targetHints":{"allow":["GET"]}}],"collection":[{"href":"https:\/\/www.4mormon.org\/pt-pt\/wp-json\/wp\/v2\/pages"}],"about":[{"href":"https:\/\/www.4mormon.org\/pt-pt\/wp-json\/wp\/v2\/types\/page"}],"author":[{"embeddable":true,"href":"https:\/\/www.4mormon.org\/pt-pt\/wp-json\/wp\/v2\/users\/2"}],"replies":[{"embeddable":true,"href":"https:\/\/www.4mormon.org\/pt-pt\/wp-json\/wp\/v2\/comments?post=1207"}],"version-history":[{"count":5,"href":"https:\/\/www.4mormon.org\/pt-pt\/wp-json\/wp\/v2\/pages\/1207\/revisions"}],"predecessor-version":[{"id":4896,"href":"https:\/\/www.4mormon.org\/pt-pt\/wp-json\/wp\/v2\/pages\/1207\/revisions\/4896"}],"wp:attachment":[{"href":"https:\/\/www.4mormon.org\/pt-pt\/wp-json\/wp\/v2\/media?parent=1207"}],"curies":[{"name":"wp","href":"https:\/\/api.w.org\/{rel}","templated":true}]}}