{"id":1210,"date":"2013-05-21T19:00:17","date_gmt":"2013-05-21T19:00:17","guid":{"rendered":"http:\/\/www.4mormon.org\/?page_id=1210"},"modified":"2018-12-11T22:52:47","modified_gmt":"2018-12-11T22:52:47","slug":"ex-mormons","status":"publish","type":"page","link":"https:\/\/www.4mormon.org\/pt-pt\/ex-mormons\/","title":{"rendered":"FAQ &#8211; Ex-M\u00f3rmons"},"content":{"rendered":"<p><span style=\"font-size: large;\"><strong>BEM-VINDOS EX-M\u00d3RMONS E CRIST\u00c3OS INTERESSADOS!<\/strong><\/span><\/p>\n<p><a title=\"Ex-Mormon Testimonies\" href=\"https:\/\/www.4mormon.org\/ex-mormon-testimonies\/\"><img loading=\"lazy\" decoding=\"async\" src=\"http:\/\/witforjesus.org\/images\/ldsstories\/ldsstories2.jpg\" alt=\"Ex-Mormons\" width=\"590\" height=\"142\" \/><\/a><\/p>\n<p><a title=\"Testemunhos de Ex-M\u00f3rmons\" href=\"https:\/\/www.4mormon.org\/pt-pt\/testemunhos-de-ex-mormons\/\"><span style=\"font-size: x-large;\"><strong>TESTEMUNHOS DE EX-M\u00d3RMONS<\/strong><\/span><\/a><\/p>\n<p><strong><a name=\"faq\"><\/a><\/strong><\/p>\n<p><a title=\"Ex-Jehovah\u2019s Witnesses\" href=\"https:\/\/www.4mormon.org\/pt-pt\/?p=1791\"><img loading=\"lazy\" decoding=\"async\" src=\"http:\/\/witforjesus.org\/images\/long\/4mormon\/lds-faq.png\" alt=\"Folding Tracts\" width=\"590\" height=\"283\" \/><\/a><\/p>\n<p><span style=\"font-size: x-large;\"><strong>FAQ \u2013 AJUDA PARA EX-M\u00d3RMONS<\/strong><\/span><\/p>\n<p><img loading=\"lazy\" decoding=\"async\" class=\"alignnone size-medium\" src=\"http:\/\/www.witforjesus.org\/images\/long\/4mormon\/determining-truth.png\" width=\"590\" height=\"283\" \/><\/p>\n<p><strong><span style=\"font-size: x-large;\"><a title=\"FAQ Sobre Determinar a Verdade\" href=\"https:\/\/www.4mormon.org\/pt-pt\/ex-mormons\/faq-sobre-determinar-a-verdade\/\">DETERMINANDO A VERDADE<\/a><\/span><\/strong><\/p>\n<ul class=\"lcp_catlist\" id=\"lcp_instance_0\"><li><a href=\"https:\/\/www.4mormon.org\/pt-pt\/creem-voces-que-o-espirito-santo-responde-a-oracoes\/\">Creem Voc\u00eas Que O Esp\u00edrito Santo Responde A Ora\u00e7\u00f5es?<\/a><\/li><\/ul>\n<p><img loading=\"lazy\" decoding=\"async\" class=\"alignnone size-medium\" src=\"http:\/\/www.witforjesus.org\/images\/long\/4mormon\/out-lds.png\" width=\"590\" height=\"286\" \/><\/p>\n<p><strong><a title=\"FAQ Acerca de Deixando da Igreja M\u00f3rmon\" href=\"https:\/\/www.4mormon.org\/pt-pt\/ex-mormons\/faq-acerca-de-sair-do-mormonismo\/\"><span style=\"font-size: x-large;\">DEIXANDO DA IGREJA M\u00d3RMON<\/span><\/a><\/strong><\/p>\n<ul class=\"lcp_catlist\" id=\"lcp_instance_0\"><li><a href=\"https:\/\/www.4mormon.org\/pt-pt\/e-depois-do-mormonismo\/\">E Depois do Mormonismo?<\/a><\/li><\/ul>\n<p><img loading=\"lazy\" decoding=\"async\" class=\"alignnone size-medium\" src=\"http:\/\/www.witforjesus.org\/images\/long\/4jehovah\/marriage.png\" width=\"590\" height=\"285\" \/><\/p>\n<p><a title=\"FAQ Sobre Namoro e Casamento\" href=\"https:\/\/www.4mormon.org\/pt-pt\/ex-mormons\/faq-sobre-namoro-e-casamento\/\"><strong><span style=\"font-size: x-large;\">NAMORO E CASAMENTO<\/span><\/strong><\/a><\/p>\n<ul class=\"lcp_catlist\" id=\"lcp_instance_0\"><\/ul>\n<p><img loading=\"lazy\" decoding=\"async\" class=\"alignnone size-medium\" src=\"http:\/\/www.witforjesus.org\/images\/long\/4mormon\/reaching-loved-ones.png\" width=\"590\" height=\"291\" \/><\/p>\n<p><a title=\"FAQ Acerca de Alcan\u00e7ar Entes Queridos\" href=\"https:\/\/www.4mormon.org\/pt-pt\/ex-mormons\/faq-acerca-de-alcancar-entes-queridos\/\"><strong><span style=\"font-size: x-large;\">ALCAN\u00c7ANDO OS ENTES-QUERIDOS<\/span><\/strong><\/a><\/p>\n<ul class=\"lcp_catlist\" id=\"lcp_instance_0\"><li><a href=\"https:\/\/www.4mormon.org\/pt-pt\/estou-frustrado\/\">Estou frustrado! Como posso conseguir falar com os m\u00f3rmons?<\/a><\/li><\/ul>\n<p>&nbsp;<\/p>\n<p>&nbsp;<\/p>\n","protected":false},"excerpt":{"rendered":"<p>BEM-VINDOS EX-M\u00d3RMONS E CRIST\u00c3OS INTERESSADOS! TESTEMUNHOS DE EX-M\u00d3RMONS FAQ \u2013 AJUDA PARA EX-M\u00d3RMONS DETERMINANDO A VERDADE DEIXANDO DA IGREJA M\u00d3RMON NAMORO E CASAMENTO ALCAN\u00c7ANDO OS ENTES-QUERIDOS &nbsp; &nbsp;<\/p>\n","protected":false},"author":2,"featured_media":0,"parent":0,"menu_order":0,"comment_status":"closed","ping_status":"closed","template":"","meta":{"footnotes":""},"class_list":["post-1210","page","type-page","status-publish","hentry"],"_links":{"self":[{"href":"https:\/\/www.4mormon.org\/pt-pt\/wp-json\/wp\/v2\/pages\/1210","targetHints":{"allow":["GET"]}}],"collection":[{"href":"https:\/\/www.4mormon.org\/pt-pt\/wp-json\/wp\/v2\/pages"}],"about":[{"href":"https:\/\/www.4mormon.org\/pt-pt\/wp-json\/wp\/v2\/types\/page"}],"author":[{"embeddable":true,"href":"https:\/\/www.4mormon.org\/pt-pt\/wp-json\/wp\/v2\/users\/2"}],"replies":[{"embeddable":true,"href":"https:\/\/www.4mormon.org\/pt-pt\/wp-json\/wp\/v2\/comments?post=1210"}],"version-history":[{"count":10,"href":"https:\/\/www.4mormon.org\/pt-pt\/wp-json\/wp\/v2\/pages\/1210\/revisions"}],"predecessor-version":[{"id":5071,"href":"https:\/\/www.4mormon.org\/pt-pt\/wp-json\/wp\/v2\/pages\/1210\/revisions\/5071"}],"wp:attachment":[{"href":"https:\/\/www.4mormon.org\/pt-pt\/wp-json\/wp\/v2\/media?parent=1210"}],"curies":[{"name":"wp","href":"https:\/\/api.w.org\/{rel}","templated":true}]}}