{"id":1212,"date":"2013-05-21T19:09:16","date_gmt":"2013-05-21T19:09:16","guid":{"rendered":"http:\/\/www.4mormon.org\/?page_id=1212"},"modified":"2013-10-11T03:25:18","modified_gmt":"2013-10-11T03:25:18","slug":"ferramentas-missionarias","status":"publish","type":"page","link":"https:\/\/www.4mormon.org\/pt-pt\/ferramentas-missionarias\/","title":{"rendered":"Ferramentas Mission\u00e1rias"},"content":{"rendered":"<p style=\"text-align: left;\"><span style=\"font-size: large;\"><strong><strong><strong><strong><strong><strong><strong><strong><strong><strong><strong><strong><strong><strong><strong><strong><strong><strong><strong><strong><strong><strong><strong><strong><strong><strong><strong><strong><strong><strong><strong><strong><strong><strong><strong>FERRAMENTAS CRIST\u00c3S MISSION\u00c1RIAS PARA EVANGELIZA\u00c7\u00c3O DE M\u00d3RMONS<\/strong><\/strong><\/strong><\/strong><\/strong><\/strong><\/strong><\/strong><\/strong><\/strong><\/strong><\/strong><\/strong><\/strong><\/strong><\/strong><\/strong><\/strong><\/strong><\/strong><\/strong><\/strong><\/strong><\/strong><\/strong><\/strong><\/strong><\/strong><\/strong><\/strong><\/strong><\/strong><\/strong><\/strong><\/strong><\/span><\/p>\n<p><a title=\"Training Guides \u2013 What You Need to Know\" href=\"\/?page_id=5944\"><strong><strong><strong><strong><strong><strong><strong><strong><strong><strong><strong><strong><strong><strong><strong><strong><strong><img loading=\"lazy\" decoding=\"async\" title=\"Evangelism\" alt=\"Evangelism\" src=\"http:\/\/witforjesus.org\/images\/long\/4mormon\/missionary-tools.png\" width=\"590\" height=\"243\" \/><\/strong><\/strong><\/strong><\/strong><\/strong><\/strong><\/strong><\/strong><\/strong><\/strong><\/strong><\/strong><\/strong><\/strong><\/strong><\/strong><\/strong><\/a><\/p>\n<p><a title=\"Guias de Treino \u2013 O que Voc\u00ea Precisa de Saber\" href=\"https:\/\/www.4mormon.org\/pt-pt\/ferramentas-missionarias\/guias-de-treino-o-que-voce-precisa-de-saber\/\"><span style=\"font-size: x-large;\"><strong>GUIAS DE TREINO \u2013 O QUE PRECISA SABER<\/strong><\/span><\/a><\/p>\n<p><a title=\"Questions for Jehovah\u2019s Witnesses\" href=\"https:\/\/www.4mormon.org\/pt-pt\/respostas-biblicas\/\"><strong><strong><strong><strong><strong><strong><strong><strong><strong><strong><strong><strong><strong><strong><strong><strong><strong><img decoding=\"async\" title=\"Evangelism\" alt=\"Evangelism\" src=\"http:\/\/witforjesus.org\/images\/long\/4mormon\/questions-for-mormons.png\" \/><\/strong><\/strong><\/strong><\/strong><\/strong><\/strong><\/strong><\/strong><\/strong><\/strong><\/strong><\/strong><\/strong><\/strong><\/strong><\/strong><\/strong><br \/>\n<\/a><\/p>\n<p><a title=\"Quest\u00f5es Passo-a-Passo para M\u00f3rmons\" href=\"https:\/\/www.4mormon.org\/pt-pt\/ferramentas-missionarias\/questoes-passo-a-passo-para-mormons\/\"><span style=\"font-size: x-large;\"><strong>PERGUNTAS PASSO-A-PASSO PARA M\u00d3RMONS<\/strong><\/span><\/a><\/p>\n<p><a title=\"Cart\u00f5es de perguntas para M\u00f3rmons\" href=\"https:\/\/www.4mormon.org\/pt-pt\/ferramentas-missionarias\/cartoes-de-perguntas-para-mormons\/\"><strong><strong><strong><strong><strong><strong><strong><strong><strong><strong><strong><strong><strong><strong><strong><strong><strong><img loading=\"lazy\" decoding=\"async\" title=\"Cards\" alt=\"Cards\" src=\"http:\/\/witforjesus.org\/images\/ldscards\/lds_card-pt.jpg\" width=\"456\" height=\"247\" \/><\/strong><\/strong><\/strong><\/strong><\/strong><\/strong><\/strong><\/strong><\/strong><\/strong><\/strong><\/strong><\/strong><\/strong><\/strong><\/strong><\/strong><\/a><\/p>\n<p><a title=\"Cart\u00f5es de perguntas para M\u00f3rmons\" href=\"https:\/\/www.4mormon.org\/pt-pt\/ferramentas-missionarias\/cartoes-de-perguntas-para-mormons\/\"><span style=\"font-size: x-large;\"><strong>CART\u00d5ES DE PERGUNTAS PARA M\u00d3RMONS<\/strong><\/span><\/a><\/p>\n<p><a title=\"Tracts for Jehovah\u2019s Witnesses\" href=\"https:\/\/www.4mormon.org\/pt-pt\/?p=2975\"><strong><strong><strong><strong><strong><strong><strong><strong><strong><strong><strong><strong><strong><strong><strong><strong><strong><img loading=\"lazy\" decoding=\"async\" title=\"Tracts \" alt=\"Tracts\" src=\"http:\/\/witforjesus.org\/images\/long\/4mormon\/tracts.png\" width=\"590\" height=\"280\" \/><\/strong><\/strong><\/strong><\/strong><\/strong><\/strong><\/strong><\/strong><\/strong><\/strong><\/strong><\/strong><\/strong><\/strong><\/strong><\/strong><\/strong><\/a><\/p>\n<p><a title=\"Folhetos para M\u00f3rmons\" href=\"https:\/\/www.4mormon.org\/pt-pt\/ferramentas-missionarias\/folhetos-para-mormons\/\"><span style=\"font-size: x-large;\"><strong>FOLHETOS PARA M\u00d3RMONS<\/strong><\/span><\/a><\/p>\n<p><a title=\"Banners 4Mormon e Etiquetas\" href=\"https:\/\/www.4mormon.org\/pt-pt\/ferramentas-missionarias\/banners-4mormon-e-etiquetas\/\"><strong><strong><strong><strong><strong><strong><strong><strong><strong><strong><strong><strong><strong><strong><strong><strong><strong><img loading=\"lazy\" decoding=\"async\" title=\"Ex-Jehovah's Witnesses Living for Jehovah God - Serving in Freedom! 4Jehovah.org\" alt=\"Ex-Jehovah's Witnesses Living for Jehovah God - Serving in Freedom! 4Jehovah.org\" src=\"http:\/\/witforjesus.org\/images\/stickers\/lds\/pt-4mormon-main.jpg\" width=\"604\" height=\"218\" \/><\/strong><\/strong><\/strong><\/strong><\/strong><\/strong><\/strong><\/strong><\/strong><\/strong><\/strong><\/strong><\/strong><\/strong><\/strong><\/strong><\/strong><\/a><\/p>\n<p><a title=\"Banners 4Mormon e Etiquetas\" href=\"https:\/\/www.4mormon.org\/pt-pt\/ferramentas-missionarias\/banners-4mormon-e-etiquetas\/\"><span style=\"font-size: x-large;\"><strong>BANNERS E ETIQUETAS 4MORMON.ORG<\/strong><\/span><\/a><\/p>\n<p><a title=\"Proteja a Sua Vizinhan\u00e7a\" href=\"https:\/\/www.4mormon.org\/pt-pt\/ferramentas-missionarias\/proteja-a-sua-vizinhanca\/\"><strong><strong><strong><strong><strong><strong><strong><strong><strong><strong><strong><strong><strong><strong><strong><strong><strong><img loading=\"lazy\" decoding=\"async\" title=\"No Visits by Mormons Please\" alt=\"No Visits by Mormons Please\" src=\"http:\/\/witforjesus.org\/images\/stickers\/lds\/pt-lds-sticker.jpg\" width=\"590\" height=\"227\" \/><\/strong><\/strong><\/strong><\/strong><\/strong><\/strong><\/strong><\/strong><\/strong><\/strong><\/strong><\/strong><\/strong><\/strong><\/strong><\/strong><\/strong><\/a><\/p>\n<p><a title=\"Proteja a Sua Vizinhan\u00e7a\" href=\"https:\/\/www.4mormon.org\/pt-pt\/ferramentas-missionarias\/proteja-a-sua-vizinhanca\/\"><span style=\"font-size: x-large;\"><strong><b>PROTEGENDO A SUA VIZINHAN\u00c7A<\/b><\/strong><\/span><\/a><\/p>\n<p>&nbsp;<\/p>\n<p>&nbsp;<\/p>\n<p>&nbsp;<\/p>\n","protected":false},"excerpt":{"rendered":"<p>FERRAMENTAS CRIST\u00c3S MISSION\u00c1RIAS PARA EVANGELIZA\u00c7\u00c3O DE M\u00d3RMONS GUIAS DE TREINO \u2013 O QUE PRECISA SABER PERGUNTAS PASSO-A-PASSO PARA M\u00d3RMONS CART\u00d5ES DE PERGUNTAS PARA M\u00d3RMONS FOLHETOS PARA M\u00d3RMONS BANNERS E ETIQUETAS 4MORMON.ORG PROTEGENDO A SUA VIZINHAN\u00c7A &nbsp; &nbsp; &nbsp;<\/p>\n","protected":false},"author":2,"featured_media":0,"parent":0,"menu_order":0,"comment_status":"closed","ping_status":"closed","template":"","meta":{"footnotes":""},"class_list":["post-1212","page","type-page","status-publish","hentry"],"_links":{"self":[{"href":"https:\/\/www.4mormon.org\/pt-pt\/wp-json\/wp\/v2\/pages\/1212","targetHints":{"allow":["GET"]}}],"collection":[{"href":"https:\/\/www.4mormon.org\/pt-pt\/wp-json\/wp\/v2\/pages"}],"about":[{"href":"https:\/\/www.4mormon.org\/pt-pt\/wp-json\/wp\/v2\/types\/page"}],"author":[{"embeddable":true,"href":"https:\/\/www.4mormon.org\/pt-pt\/wp-json\/wp\/v2\/users\/2"}],"replies":[{"embeddable":true,"href":"https:\/\/www.4mormon.org\/pt-pt\/wp-json\/wp\/v2\/comments?post=1212"}],"version-history":[{"count":8,"href":"https:\/\/www.4mormon.org\/pt-pt\/wp-json\/wp\/v2\/pages\/1212\/revisions"}],"predecessor-version":[{"id":3348,"href":"https:\/\/www.4mormon.org\/pt-pt\/wp-json\/wp\/v2\/pages\/1212\/revisions\/3348"}],"wp:attachment":[{"href":"https:\/\/www.4mormon.org\/pt-pt\/wp-json\/wp\/v2\/media?parent=1212"}],"curies":[{"name":"wp","href":"https:\/\/api.w.org\/{rel}","templated":true}]}}