{"id":1992,"date":"2013-06-18T18:12:29","date_gmt":"2013-06-18T18:12:29","guid":{"rendered":"http:\/\/www.4mormon.org\/?page_id=1992"},"modified":"2018-05-15T20:44:48","modified_gmt":"2018-05-15T20:44:48","slug":"faq-sobre-determinar-a-verdade","status":"publish","type":"page","link":"https:\/\/www.4mormon.org\/pt-pt\/ex-mormons\/faq-sobre-determinar-a-verdade\/","title":{"rendered":"FAQ Sobre Determinar a Verdade"},"content":{"rendered":"<p><img loading=\"lazy\" decoding=\"async\" src=\"http:\/\/witforjesus.org\/images\/long\/4mormon\/determining-truth.png\" alt=\"Seeking Truth\" width=\"590\" height=\"283\" \/><\/p>\n<p><strong><strong><strong>PERGUNTAS FREQUENTES SOBRE DETERMINAR A VERDADE<\/strong><\/strong><br \/>\n<\/strong><\/p>\n<ul class=\"lcp_catlist\" id=\"lcp_instance_0\"><li><a href=\"https:\/\/www.4mormon.org\/pt-pt\/creem-voces-que-o-espirito-santo-responde-a-oracoes\/\">Creem Voc\u00eas Que O Esp\u00edrito Santo Responde A Ora\u00e7\u00f5es?<\/a><\/li><\/ul>\n<div class=\"add_posts\"><a class=\"post-thumb alignleft\" style=\"float:left; margin-right:15px; clear:both;\" href=\"https:\/\/www.4mormon.org\/pt-pt\/creem-voces-que-o-espirito-santo-responde-a-oracoes\/ \"><img loading=\"lazy\" decoding=\"async\" width=\"64\" height=\"64\" src=\"https:\/\/www.4mormon.org\/wp-content\/uploads\/2013\/05\/Man-question-FAQ-1K-100x100.png\" class=\"attachment-64x64 size-64x64 wp-post-image\" alt=\"\" srcset=\"https:\/\/www.4mormon.org\/wp-content\/uploads\/2013\/05\/Man-question-FAQ-1K-100x100.png 100w, https:\/\/www.4mormon.org\/wp-content\/uploads\/2013\/05\/Man-question-FAQ-1K-150x150.png 150w, https:\/\/www.4mormon.org\/wp-content\/uploads\/2013\/05\/Man-question-FAQ-1K-480x480.png 480w\" sizes=\"auto, (max-width: 64px) 100vw, 64px\" \/><\/a><div class=\"add_posts_content\" style=\"clear:both;\"><h2 class=\"title\" style=\"clear: none;\"><a href=\"https:\/\/www.4mormon.org\/pt-pt\/creem-voces-que-o-espirito-santo-responde-a-oracoes\/\">Creem Voc\u00eas Que O Esp\u00edrito Santo Responde A Ora\u00e7\u00f5es?<\/a><\/h2><div class=\"post-content\" style=\"clear:both\";><p><strong><img loading=\"lazy\" decoding=\"async\" src=\"http:\/\/witforjesus.org\/images\/long\/4mormon\/determining-truth.png\" alt=\"bullets\" width=\"590\" height=\"283\" \/><br \/>\n<\/strong><\/p>\n<p><span class=\"style1\"><strong><img loading=\"lazy\" decoding=\"async\" class=\"alignright\" style=\"margin: 10px;\" src=\"http:\/\/witforjesus.org\/images\/ldsarticles\/ldsgirlpray.jpg\" alt=\"ldsgirlpray\" width=\"200\" height=\"231\" \/><\/strong><\/span><strong>.: <strong>CREEM VOC\u00caS QUE O ESP\u00cdRITO SANTO RESPONDE A ORA\u00c7\u00d5ES?<\/strong><br \/>\n<\/strong><\/p>\n<blockquote>\n<p align=\"justify\">\u201cEstava navegando pela Internet quando me deparei com seu site. Pareceu\u00a0informativo, mas eu tenho\u00a0uma pergunta sobre\u00a0uma declara\u00e7\u00e3o que voc\u00eas fizeram. Em seu\u00a0artigo \u2018Grupos\u00a0Dissidentes dos\u00a0M\u00f3rmons\u2019 (<a title=\"Mormon splinter groups\" href=\"\/?p=608\"><strong>Mormon Splinter Groups<\/strong><\/a>), foi lan\u00e7ada a seguinte quest\u00e3o:\u00a0\u2018Visto que todos\u00a0estes movimentos\u00a0baseiam\u00a0a sua autoridade\u00a0no <em>Livro de\u00a0M\u00f3rmon<\/em> e\u00a0no Profeta\u00a0Joseph Smith,\u00a0como pode um\u00a0\u2018testemunho\u2019\u00a0adquirido atrav\u00e9s de\u00a0ora\u00e7\u00e3o em rela\u00e7\u00e3o\u00a0ao Livro de M\u00f3rmon ser suficiente para\u00a0provar\u00a0em qual\u00a0igreja, dentre esses tantos movimentos\u00a0existentes, deve uma pessoa participar?\u2019 <strong>Estou curioso para\u00a0saber se,\u00a0por acaso, voc\u00eas acreditam que as\u00a0ora\u00e7\u00f5es\u00a0s\u00e3o\u00a0respondidas\u00a0por Deus.<\/strong> Eu n\u00e3o sei\u00a0se isso provaria alguma coisa, mas acredito que\u00a0Deus responde\u00a0\u00e0s ora\u00e7\u00f5es, e se Ele\u00a0disse que era\u00a0verdade, ent\u00e3o\u00a0deve ser verdade, mas se Ele\u00a0disse que n\u00e3o era, ent\u00e3o n\u00e3o \u00e9\u00a0verdade.\u00a0<strong>Uma coisa que eu\u00a0realmente acredito \u00e9 que Ele \u00e9 tamb\u00e9m\u00a0o Esp\u00edrito Santo, <\/strong>o qual \u00e9 conhecido como\u00a0o Consolador, um\u00a0Testificador.\u00a0Se\u00a0eu n\u00e3o posso sentir\u00a0conforto, ent\u00e3o n\u00e3o sei como\u00a0o Esp\u00edrito Santo pode\u00a0chegar a mim\u00a0para ajudar a\u00a0me confortar.\u00a0Sendo assim, eu acredito\u00a0que o Esp\u00edrito\u00a0de Deus\u00a0pode se comunicar com\u00a0os nossos esp\u00edritos\u00a0atrav\u00e9s de um\u00a0sentimento, pois n\u00e3o podemos\u00a0v\u00ea-Lo.\u00a0E voc\u00eas, em que acreditam?\u201d<\/p>\n <a href=\"https:\/\/www.4mormon.org\/pt-pt\/creem-voces-que-o-espirito-santo-responde-a-oracoes\/\" class=\"readmore\">Read more<\/a><\/div><hr style=\"margin:10px 0\"><\/div><\/div><div style=\"clear: both;\"><\/div>\n<p>&nbsp;<\/p>\n","protected":false},"excerpt":{"rendered":"<p>PERGUNTAS FREQUENTES SOBRE DETERMINAR A VERDADE &nbsp;<\/p>\n","protected":false},"author":1,"featured_media":0,"parent":1210,"menu_order":0,"comment_status":"closed","ping_status":"closed","template":"","meta":{"footnotes":""},"class_list":["post-1992","page","type-page","status-publish","hentry"],"_links":{"self":[{"href":"https:\/\/www.4mormon.org\/pt-pt\/wp-json\/wp\/v2\/pages\/1992","targetHints":{"allow":["GET"]}}],"collection":[{"href":"https:\/\/www.4mormon.org\/pt-pt\/wp-json\/wp\/v2\/pages"}],"about":[{"href":"https:\/\/www.4mormon.org\/pt-pt\/wp-json\/wp\/v2\/types\/page"}],"author":[{"embeddable":true,"href":"https:\/\/www.4mormon.org\/pt-pt\/wp-json\/wp\/v2\/users\/1"}],"replies":[{"embeddable":true,"href":"https:\/\/www.4mormon.org\/pt-pt\/wp-json\/wp\/v2\/comments?post=1992"}],"version-history":[{"count":8,"href":"https:\/\/www.4mormon.org\/pt-pt\/wp-json\/wp\/v2\/pages\/1992\/revisions"}],"predecessor-version":[{"id":4957,"href":"https:\/\/www.4mormon.org\/pt-pt\/wp-json\/wp\/v2\/pages\/1992\/revisions\/4957"}],"up":[{"embeddable":true,"href":"https:\/\/www.4mormon.org\/pt-pt\/wp-json\/wp\/v2\/pages\/1210"}],"wp:attachment":[{"href":"https:\/\/www.4mormon.org\/pt-pt\/wp-json\/wp\/v2\/media?parent=1992"}],"curies":[{"name":"wp","href":"https:\/\/api.w.org\/{rel}","templated":true}]}}