{"id":1994,"date":"2013-06-18T18:14:54","date_gmt":"2013-06-18T18:14:54","guid":{"rendered":"http:\/\/www.4mormon.org\/?page_id=1994"},"modified":"2018-05-15T20:44:19","modified_gmt":"2018-05-15T20:44:19","slug":"faq-acerca-de-sair-do-mormonismo","status":"publish","type":"page","link":"https:\/\/www.4mormon.org\/pt-pt\/ex-mormons\/faq-acerca-de-sair-do-mormonismo\/","title":{"rendered":"FAQ Acerca de Sair do Mormonismo"},"content":{"rendered":"<p><img loading=\"lazy\" decoding=\"async\" src=\"http:\/\/witforjesus.org\/images\/long\/4mormon\/out-lds.png\" alt=\"Seeking Truth\" width=\"590\" height=\"286\" \/><\/p>\n<p><strong><strong>PERGUNTAS FEITAS FREQUENTEMENTE SOBRE SAIR DA IGREJA M\u00d3RMON<\/strong><br \/>\n<\/strong><\/p>\n<ul class=\"lcp_catlist\" id=\"lcp_instance_0\"><li><a href=\"https:\/\/www.4mormon.org\/pt-pt\/e-depois-do-mormonismo\/\">E Depois do Mormonismo?<\/a><\/li><\/ul>\n<div class=\"add_posts\"><a class=\"post-thumb alignleft\" style=\"float:left; margin-right:15px; clear:both;\" href=\"https:\/\/www.4mormon.org\/pt-pt\/e-depois-do-mormonismo\/ \"><img loading=\"lazy\" decoding=\"async\" width=\"64\" height=\"64\" src=\"https:\/\/www.4mormon.org\/wp-content\/uploads\/2013\/03\/out-lds-100x100.png\" class=\"attachment-64x64 size-64x64 wp-post-image\" alt=\"\" srcset=\"https:\/\/www.4mormon.org\/wp-content\/uploads\/2013\/03\/out-lds-100x100.png 100w, https:\/\/www.4mormon.org\/wp-content\/uploads\/2013\/03\/out-lds-150x150.png 150w\" sizes=\"auto, (max-width: 64px) 100vw, 64px\" \/><\/a><div class=\"add_posts_content\" style=\"clear:both;\"><h2 class=\"title\" style=\"clear: none;\"><a href=\"https:\/\/www.4mormon.org\/pt-pt\/e-depois-do-mormonismo\/\">E Depois do Mormonismo?<\/a><\/h2><div class=\"post-content\" style=\"clear:both\";><p align=\"left\"><strong>\u00a0<\/strong><strong><strong><img loading=\"lazy\" decoding=\"async\" class=\"alignleft\" style=\"margin: 10px;\" src=\"http:\/\/witforjesus.org\/images\/ldsarticles\/confusedboy.jpg\" alt=\"confusedboy\" width=\"255\" height=\"286\" \/><\/strong>.:<\/strong><strong>E DEPOIS DO MORMONISMO? <i>\u2014 O que uma pessoa SUD faz quando ele ou ela se liberta do Mormonismo?<\/i><\/strong><\/p>\n<p>Voc\u00ea deve estar perguntando-se: \u201cEnt\u00e3o o que eu fa\u00e7o agora?\u201d Voc\u00ea finalmente libertou-se do \u201crebanho\u201d do Mormonismo, mas sente-se agora irremediavelmente perdido e sem dire\u00e7\u00e3o...<\/p>\n<p><strong> <b>COMO VOC\u00ca CHEGOU AQUI?<\/b><\/strong><\/p>\n<p align=\"justify\"><b>Na Igreja SUD, foi-lhe dito o que pensar, para onde ir, o que fazer e como o fazer. <\/b>Voc\u00ea tinha o <i>Manual da Igreja<\/i> que fora aprovado pela Presid\u00eancia da Igreja, para o seu estudo e edifica\u00e7\u00e3o espiritual. Voc\u00ea manteve a f\u00e9 junto com a irmandade e l\u00edderes locais da Igreja. <b>Foi-lhe dito para simplesmente seguir o Profeta e tudo seria realizado com toda a certeza. <\/b>Voc\u00ea portava um cart\u00e3o de identifica\u00e7\u00e3o que permitia entrar no templo. Voc\u00ea passou os exames com o Bispo local, o Presidente da Estaca e qualquer um que tivesse sido proclamado como autoridade sobre si.<\/p>\n<p align=\"justify\">Voc\u00ea memorizou todas as can\u00e7\u00f5es desde a prim\u00e1ria, memorizou algumas poucas Escrituras do <i>Livro de M\u00f3rmon<\/i>, vestiu-se como todos os outros na Igreja, falou como todos os outros, serviu sem reservas assim como todos os outros. <b>Voc\u00ea era de facto, um clone vivo de todos os outros no Mormonismo<\/b>.<\/p>\n <a href=\"https:\/\/www.4mormon.org\/pt-pt\/e-depois-do-mormonismo\/\" class=\"readmore\">Read more<\/a><\/div><hr style=\"margin:10px 0\"><\/div><\/div><div style=\"clear: both;\"><\/div>\n<p>&nbsp;<\/p>\n<p>&nbsp;<\/p>\n","protected":false},"excerpt":{"rendered":"<p>PERGUNTAS FEITAS FREQUENTEMENTE SOBRE SAIR DA IGREJA M\u00d3RMON &nbsp; &nbsp;<\/p>\n","protected":false},"author":1,"featured_media":0,"parent":1210,"menu_order":0,"comment_status":"closed","ping_status":"closed","template":"","meta":{"footnotes":""},"class_list":["post-1994","page","type-page","status-publish","hentry"],"_links":{"self":[{"href":"https:\/\/www.4mormon.org\/pt-pt\/wp-json\/wp\/v2\/pages\/1994","targetHints":{"allow":["GET"]}}],"collection":[{"href":"https:\/\/www.4mormon.org\/pt-pt\/wp-json\/wp\/v2\/pages"}],"about":[{"href":"https:\/\/www.4mormon.org\/pt-pt\/wp-json\/wp\/v2\/types\/page"}],"author":[{"embeddable":true,"href":"https:\/\/www.4mormon.org\/pt-pt\/wp-json\/wp\/v2\/users\/1"}],"replies":[{"embeddable":true,"href":"https:\/\/www.4mormon.org\/pt-pt\/wp-json\/wp\/v2\/comments?post=1994"}],"version-history":[{"count":9,"href":"https:\/\/www.4mormon.org\/pt-pt\/wp-json\/wp\/v2\/pages\/1994\/revisions"}],"predecessor-version":[{"id":4956,"href":"https:\/\/www.4mormon.org\/pt-pt\/wp-json\/wp\/v2\/pages\/1994\/revisions\/4956"}],"up":[{"embeddable":true,"href":"https:\/\/www.4mormon.org\/pt-pt\/wp-json\/wp\/v2\/pages\/1210"}],"wp:attachment":[{"href":"https:\/\/www.4mormon.org\/pt-pt\/wp-json\/wp\/v2\/media?parent=1994"}],"curies":[{"name":"wp","href":"https:\/\/api.w.org\/{rel}","templated":true}]}}