{"id":1996,"date":"2013-06-18T18:17:05","date_gmt":"2013-06-18T18:17:05","guid":{"rendered":"http:\/\/www.4mormon.org\/?page_id=1996"},"modified":"2018-05-15T20:43:12","modified_gmt":"2018-05-15T20:43:12","slug":"faq-acerca-de-alcancar-entes-queridos","status":"publish","type":"page","link":"https:\/\/www.4mormon.org\/pt-pt\/ex-mormons\/faq-acerca-de-alcancar-entes-queridos\/","title":{"rendered":"FAQ Acerca de Alcan\u00e7ar Entes Queridos"},"content":{"rendered":"<p><img loading=\"lazy\" decoding=\"async\" src=\"http:\/\/witforjesus.org\/images\/long\/4mormon\/reaching-loved-ones.png\" alt=\"Seeking Truth\" width=\"590\" height=\"291\" \/><\/p>\n<p><strong><strong><strong>PERGUNTAS FEITAS FREQUENTEMENTE ACERCA DE ALCAN\u00c7AR ENTES QUERIDOS<\/strong><\/strong><\/strong><\/p>\n<ul class=\"lcp_catlist\" id=\"lcp_instance_0\"><li><a href=\"https:\/\/www.4mormon.org\/pt-pt\/estou-frustrado\/\">Estou frustrado! Como posso conseguir falar com os m\u00f3rmons?<\/a><\/li><\/ul>\n<p><a title=\"QUE RECURSOS EST\u00c3O DISPON\u00cdVEIS PARA DESLOCA\u00c7\u00d5ES DE MISS\u00d5ES DE IGREJA AO UTAH?\" href=\"https:\/\/www.4mormon.org\/what-resources-are-there-for-church-mission-trips-to-utah\/\"><strong>QUE RECURSOS EST\u00c3O DISPON\u00cdVEIS PARA DESLOCA\u00c7\u00d5ES DE MISS\u00d5ES DE IGREJA AO UTAH?<\/strong><\/a> (apenas em Ingl\u00eas)<\/p>\n<p>&nbsp;<\/p>\n","protected":false},"excerpt":{"rendered":"<p>PERGUNTAS FEITAS FREQUENTEMENTE ACERCA DE ALCAN\u00c7AR ENTES QUERIDOS QUE RECURSOS EST\u00c3O DISPON\u00cdVEIS PARA DESLOCA\u00c7\u00d5ES DE MISS\u00d5ES DE IGREJA AO UTAH? (apenas em Ingl\u00eas) &nbsp;<\/p>\n","protected":false},"author":1,"featured_media":0,"parent":1210,"menu_order":0,"comment_status":"closed","ping_status":"closed","template":"","meta":{"footnotes":""},"class_list":["post-1996","page","type-page","status-publish","hentry"],"_links":{"self":[{"href":"https:\/\/www.4mormon.org\/pt-pt\/wp-json\/wp\/v2\/pages\/1996","targetHints":{"allow":["GET"]}}],"collection":[{"href":"https:\/\/www.4mormon.org\/pt-pt\/wp-json\/wp\/v2\/pages"}],"about":[{"href":"https:\/\/www.4mormon.org\/pt-pt\/wp-json\/wp\/v2\/types\/page"}],"author":[{"embeddable":true,"href":"https:\/\/www.4mormon.org\/pt-pt\/wp-json\/wp\/v2\/users\/1"}],"replies":[{"embeddable":true,"href":"https:\/\/www.4mormon.org\/pt-pt\/wp-json\/wp\/v2\/comments?post=1996"}],"version-history":[{"count":7,"href":"https:\/\/www.4mormon.org\/pt-pt\/wp-json\/wp\/v2\/pages\/1996\/revisions"}],"predecessor-version":[{"id":4955,"href":"https:\/\/www.4mormon.org\/pt-pt\/wp-json\/wp\/v2\/pages\/1996\/revisions\/4955"}],"up":[{"embeddable":true,"href":"https:\/\/www.4mormon.org\/pt-pt\/wp-json\/wp\/v2\/pages\/1210"}],"wp:attachment":[{"href":"https:\/\/www.4mormon.org\/pt-pt\/wp-json\/wp\/v2\/media?parent=1996"}],"curies":[{"name":"wp","href":"https:\/\/api.w.org\/{rel}","templated":true}]}}