{"id":2052,"date":"2013-06-18T20:49:59","date_gmt":"2013-06-18T20:49:59","guid":{"rendered":"http:\/\/www.4mormon.org\/?page_id=2052"},"modified":"2013-11-26T06:58:01","modified_gmt":"2013-11-26T06:58:01","slug":"termos-e-condicoes","status":"publish","type":"page","link":"https:\/\/www.4mormon.org\/pt-pt\/pagina-principal\/termos-e-condicoes\/","title":{"rendered":"Termos e condi\u00e7\u00f5es"},"content":{"rendered":"<p><img loading=\"lazy\" decoding=\"async\" alt=\"Who We Are\" src=\"http:\/\/witforjesus.org\/images\/long\/4mormon\/privacy-policy.png\" width=\"590\" height=\"264\" \/><\/p>\n<p><strong>WITNESSES FOR JESUS &#8211; <strong><strong>NOSSOS TERMOS E CONDI\u00c7\u00d5ES<\/strong><\/strong><br \/>\n<\/strong><\/p>\n<p style=\"padding-left: 30px;\"><strong><strong><img loading=\"lazy\" decoding=\"async\" alt=\"bullets\" src=\"http:\/\/witforjesus.org\/images\/bullets.jpg\" width=\"10\" height=\"9\" \/> LEGAL DISCLAIMER<br \/>\n<\/strong><br \/>\n<img loading=\"lazy\" decoding=\"async\" alt=\"bullets\" src=\"http:\/\/witforjesus.org\/images\/bullets.jpg\" width=\"10\" height=\"9\" \/> PRIVACY POLICY<\/strong><\/p>\n<p style=\"padding-left: 30px;\"><img loading=\"lazy\" decoding=\"async\" alt=\"bullets\" src=\"http:\/\/witforjesus.org\/images\/bullets.jpg\" width=\"10\" height=\"9\" \/>\u00a0<a href=\"https:\/\/www.4mormon.org\/pt-pt\/pagina-principal\/termos-e-condicoes\/nossa-politica-de-direitos-de-autor\/\"><strong>A NOSSA POL\u00cdTICA DE DIREITOS DE AUTOR<\/strong><\/a><\/p>\n<p style=\"padding-left: 30px;\"><strong><img loading=\"lazy\" decoding=\"async\" alt=\"bullets\" src=\"http:\/\/witforjesus.org\/images\/bullets.jpg\" width=\"10\" height=\"9\" \/><\/strong> <a href=\"http:\/\/4witness.org\/pt-pt\/principal\/politica-de-codigo-de-conduta-para-evangelismo\/\"><strong><b>POL\u00cdTICA DE C\u00d3DIGO DE CONDUTA PARA EVANGELISMO<\/b><\/strong><\/a><strong><b> <\/b><\/strong>(4witness.org)<\/p>\n<p>&nbsp;<\/p>\n","protected":false},"excerpt":{"rendered":"<p>WITNESSES FOR JESUS &#8211; NOSSOS TERMOS E CONDI\u00c7\u00d5ES LEGAL DISCLAIMER PRIVACY POLICY \u00a0A NOSSA POL\u00cdTICA DE DIREITOS DE AUTOR POL\u00cdTICA DE C\u00d3DIGO DE CONDUTA PARA EVANGELISMO (4witness.org) &nbsp;<\/p>\n","protected":false},"author":1,"featured_media":0,"parent":1051,"menu_order":0,"comment_status":"closed","ping_status":"closed","template":"","meta":{"footnotes":""},"class_list":["post-2052","page","type-page","status-publish","hentry"],"_links":{"self":[{"href":"https:\/\/www.4mormon.org\/pt-pt\/wp-json\/wp\/v2\/pages\/2052","targetHints":{"allow":["GET"]}}],"collection":[{"href":"https:\/\/www.4mormon.org\/pt-pt\/wp-json\/wp\/v2\/pages"}],"about":[{"href":"https:\/\/www.4mormon.org\/pt-pt\/wp-json\/wp\/v2\/types\/page"}],"author":[{"embeddable":true,"href":"https:\/\/www.4mormon.org\/pt-pt\/wp-json\/wp\/v2\/users\/1"}],"replies":[{"embeddable":true,"href":"https:\/\/www.4mormon.org\/pt-pt\/wp-json\/wp\/v2\/comments?post=2052"}],"version-history":[{"count":5,"href":"https:\/\/www.4mormon.org\/pt-pt\/wp-json\/wp\/v2\/pages\/2052\/revisions"}],"predecessor-version":[{"id":2065,"href":"https:\/\/www.4mormon.org\/pt-pt\/wp-json\/wp\/v2\/pages\/2052\/revisions\/2065"}],"up":[{"embeddable":true,"href":"https:\/\/www.4mormon.org\/pt-pt\/wp-json\/wp\/v2\/pages\/1051"}],"wp:attachment":[{"href":"https:\/\/www.4mormon.org\/pt-pt\/wp-json\/wp\/v2\/media?parent=2052"}],"curies":[{"name":"wp","href":"https:\/\/api.w.org\/{rel}","templated":true}]}}