{"id":2205,"date":"2013-06-27T17:47:05","date_gmt":"2013-06-27T17:47:05","guid":{"rendered":"http:\/\/www.4mormon.org\/?page_id=2205"},"modified":"2014-05-29T23:14:31","modified_gmt":"2014-05-29T23:14:31","slug":"proteja-a-sua-vizinhanca","status":"publish","type":"page","link":"https:\/\/www.4mormon.org\/pt-pt\/ferramentas-missionarias\/proteja-a-sua-vizinhanca\/","title":{"rendered":"Proteja a Sua Vizinhan\u00e7a"},"content":{"rendered":"<p>Enquanto voc\u00ea poder\u00e1 estar preparado para partilhar a verdade com o pr\u00f3ximo grupo de M\u00f3rmons que visitarem sua casa, os seus vizinhos poder\u00e3o n\u00e3o estar. Use estes autocolantes para proteger os lares dos seus vizinhos, amigos e membros da fam\u00edlia por pedir que os M\u00f3rmons n\u00e3o os visitem.<\/p>\n<p><strong><b><b><strong><strong><img loading=\"lazy\" decoding=\"async\" src=\"http:\/\/witforjesus.org\/images\/bullets.jpg\" alt=\"bullets\" width=\"10\" height=\"9\" \/><\/strong><\/strong><\/b><\/b> <a title=\"N\u00c3O QUEREMOS VISITAS DE M\u00d3RMONS\" href=\"http:\/\/witforjesus.org\/downloads\/portuguese\/stickers\/lds\/pt-lds-sticker-labels-5163.pdf\">N\u00c3O QUEREMOS VISITAS DE M\u00d3RMONS<\/a> Etiquetas autocolantes para autocolantes <a title=\"Avery Labels 5163\" href=\"http:\/\/www.avery.com\/avery\/en_us\/Products\/Labels\/Shipping-Labels\/White-Shipping-Labels_05163.htm?N=0&amp;Ns=&amp;refchannel=c042fd03ab30a110VgnVCM1000002118140aRCRD\">Avery 5163 <\/a> \/\u00a0<a title=\"Avery5163 Water-resistant Vinyl Labels for InkJet Only\" href=\"https:\/\/www.planetlabel.com\/labels\/product\/inkjet\/white-inkjet-water-resistant-vinyl-2-x-4-rectangle\">Vinil \u00e0 prova de \u00e1gua para jacto de tinta<\/a> \/\u00a0<a title=\"Avery5163  Vinyl Labels for Laser Only\" href=\"http:\/\/www.data-labels.com\/400200-lsrgls.html\">Vinil para laser \u00e0 prova de \u00e1gua<\/a><a title=\"Avery Labels 5160\" href=\"http:\/\/www.avery.com\/avery\/en_us\/Products\/Labels\/Addressing-Labels\/Easy-Peel-White-Address-Labels_05160.htm?N=0&amp;Ns=&amp;refchannel=c042fd03ab30a110VgnVCM1000002118140aRCRD\"><br \/>\n<\/a><\/strong><\/p>\n<p><a title=\"No Visits by Mormons Sticker\" href=\"http:\/\/witforjesus.org\/downloads\/portuguese\/stickers\/lds\/pt-lds-sticker-labels-5163.pdf\"><strong><b><b><strong><strong><img loading=\"lazy\" decoding=\"async\" src=\"http:\/\/witforjesus.org\/images\/stickers\/lds\/pt-lds-sticker.jpg\" alt=\"No Visits by Mormons\" width=\"599\" height=\"228\" \/><\/strong><\/strong><\/b><\/b><\/strong><\/a><\/p>\n<p>&nbsp;<\/p>\n<p><strong><img loading=\"lazy\" decoding=\"async\" src=\"http:\/\/witforjesus.org\/images\/bullets.jpg\" alt=\"bullets\" width=\"10\" height=\"9\" \/> <a title=\"N\u00c3O QUEREMOS VISITAS DE TESTEMUNHAS DE JEOV\u00c1 OU M\u00d3RMONS\" href=\"http:\/\/witforjesus.org\/downloads\/portuguese\/stickers\/jw\/pt-jwlds-sticker-labels-5163.pdf\">N\u00c3O QUEREMOS VISITAS DE TESTEMUNHAS DE JEOV\u00c1 OU M\u00d3RMONS<\/a><\/strong><\/p>\n<p>&nbsp;<\/p>\n<p><a title=\"No Visits by Jehovah's Witnesses or Mormons Please Sticker\" href=\"http:\/\/witforjesus.org\/downloads\/portuguese\/stickers\/jw\/pt-jwlds-sticker-labels-5163.pdf\"><strong><b><b><strong><strong><img loading=\"lazy\" decoding=\"async\" src=\"http:\/\/witforjesus.org\/images\/stickers\/jw\/pt-jwlds-sticker.jpg\" alt=\"No  Visits by Jehovah's Witnesses or Mormons Please\" width=\"590\" height=\"259\" \/><\/strong><\/strong><\/b><\/b><\/strong><\/a><\/p>\n<p>&nbsp;<\/p>\n","protected":false},"excerpt":{"rendered":"<p>Enquanto voc\u00ea poder\u00e1 estar preparado para partilhar a verdade com o pr\u00f3ximo grupo de M\u00f3rmons que visitarem sua casa, os seus vizinhos poder\u00e3o n\u00e3o estar. Use estes autocolantes para proteger os lares dos seus vizinhos, amigos e membros da fam\u00edlia por pedir que os M\u00f3rmons n\u00e3o os visitem. N\u00c3O QUEREMOS VISITAS DE M\u00d3RMONS Etiquetas autocolantes&#8230;<\/p>\n","protected":false},"author":1,"featured_media":0,"parent":1212,"menu_order":0,"comment_status":"closed","ping_status":"closed","template":"","meta":{"footnotes":""},"class_list":["post-2205","page","type-page","status-publish","hentry"],"_links":{"self":[{"href":"https:\/\/www.4mormon.org\/pt-pt\/wp-json\/wp\/v2\/pages\/2205","targetHints":{"allow":["GET"]}}],"collection":[{"href":"https:\/\/www.4mormon.org\/pt-pt\/wp-json\/wp\/v2\/pages"}],"about":[{"href":"https:\/\/www.4mormon.org\/pt-pt\/wp-json\/wp\/v2\/types\/page"}],"author":[{"embeddable":true,"href":"https:\/\/www.4mormon.org\/pt-pt\/wp-json\/wp\/v2\/users\/1"}],"replies":[{"embeddable":true,"href":"https:\/\/www.4mormon.org\/pt-pt\/wp-json\/wp\/v2\/comments?post=2205"}],"version-history":[{"count":7,"href":"https:\/\/www.4mormon.org\/pt-pt\/wp-json\/wp\/v2\/pages\/2205\/revisions"}],"predecessor-version":[{"id":3914,"href":"https:\/\/www.4mormon.org\/pt-pt\/wp-json\/wp\/v2\/pages\/2205\/revisions\/3914"}],"up":[{"embeddable":true,"href":"https:\/\/www.4mormon.org\/pt-pt\/wp-json\/wp\/v2\/pages\/1212"}],"wp:attachment":[{"href":"https:\/\/www.4mormon.org\/pt-pt\/wp-json\/wp\/v2\/media?parent=2205"}],"curies":[{"name":"wp","href":"https:\/\/api.w.org\/{rel}","templated":true}]}}