{"id":2217,"date":"2013-06-27T21:59:53","date_gmt":"2013-06-27T21:59:53","guid":{"rendered":"http:\/\/www.4mormon.org\/?page_id=2217"},"modified":"2016-09-23T23:09:30","modified_gmt":"2016-09-23T23:09:30","slug":"questoes-passo-a-passo-para-mormons","status":"publish","type":"page","link":"https:\/\/www.4mormon.org\/pt-pt\/ferramentas-missionarias\/questoes-passo-a-passo-para-mormons\/","title":{"rendered":"Quest\u00f5es Passo-a-Passo para M\u00f3rmons"},"content":{"rendered":"<p><a title=\"Questions for Jehovah\u2019s Witnesses\" href=\"https:\/\/www.4mormon.org\/pt-pt\/respostas-biblicas\/\"><strong><strong><strong><strong><strong><strong><strong><strong><strong><strong><strong><strong><strong><strong><strong><strong><strong><img decoding=\"async\" title=\"Evangelism\" src=\"http:\/\/witforjesus.org\/images\/long\/4mormon\/questions-for-mormons.png\" alt=\"Evangelism\" \/><\/strong><\/strong><\/strong><\/strong><\/strong><\/strong><\/strong><\/strong><\/strong><\/strong><\/strong><\/strong><\/strong><\/strong><\/strong><\/strong><\/strong><\/a><\/p>\n<p><span style=\"font-size: large;\"><strong>QUEST\u00d5ES PASSO-A-PASSO PARA M\u00d3RMONS<\/strong><\/span><\/p>\n<p><strong><img loading=\"lazy\" decoding=\"async\" src=\"http:\/\/witforjesus.org\/images\/bullets.jpg\" alt=\"Link\" width=\"10\" height=\"9\" \/> Por favor leia o <a href=\"http:\/\/4witness.org\/pt-pt\/principal\/politica-de-codigo-de-conduta-para-evangelismo\/\">NOSSO C\u00d3DIGO DE POL\u00cdTICA PARA EVANGELISMO<\/a> e A <a title=\"NOSSA POL\u00cdTICA DE DIREITOS DE AUTOR\" href=\"https:\/\/www.4mormon.org\/pt-pt\/pagina-principal\/termos-e-condicoes\/nossa-politica-de-direitos-de-autor\/\">NOSSA POL\u00cdTICA DE DIREITOS DE AUTOR<\/a> antes de usar os nossos recursos.<\/strong><\/p>\n<div class=\"add_posts\"><\/div><div style=\"clear: both;\"><\/div>\n<p>&nbsp;<\/p>\n","protected":false},"excerpt":{"rendered":"<p>QUEST\u00d5ES PASSO-A-PASSO PARA M\u00d3RMONS Por favor leia o NOSSO C\u00d3DIGO DE POL\u00cdTICA PARA EVANGELISMO e A NOSSA POL\u00cdTICA DE DIREITOS DE AUTOR antes de usar os nossos recursos. &nbsp;<\/p>\n","protected":false},"author":1,"featured_media":0,"parent":1212,"menu_order":0,"comment_status":"closed","ping_status":"closed","template":"","meta":{"footnotes":""},"class_list":["post-2217","page","type-page","status-publish","hentry"],"_links":{"self":[{"href":"https:\/\/www.4mormon.org\/pt-pt\/wp-json\/wp\/v2\/pages\/2217","targetHints":{"allow":["GET"]}}],"collection":[{"href":"https:\/\/www.4mormon.org\/pt-pt\/wp-json\/wp\/v2\/pages"}],"about":[{"href":"https:\/\/www.4mormon.org\/pt-pt\/wp-json\/wp\/v2\/types\/page"}],"author":[{"embeddable":true,"href":"https:\/\/www.4mormon.org\/pt-pt\/wp-json\/wp\/v2\/users\/1"}],"replies":[{"embeddable":true,"href":"https:\/\/www.4mormon.org\/pt-pt\/wp-json\/wp\/v2\/comments?post=2217"}],"version-history":[{"count":4,"href":"https:\/\/www.4mormon.org\/pt-pt\/wp-json\/wp\/v2\/pages\/2217\/revisions"}],"predecessor-version":[{"id":4790,"href":"https:\/\/www.4mormon.org\/pt-pt\/wp-json\/wp\/v2\/pages\/2217\/revisions\/4790"}],"up":[{"embeddable":true,"href":"https:\/\/www.4mormon.org\/pt-pt\/wp-json\/wp\/v2\/pages\/1212"}],"wp:attachment":[{"href":"https:\/\/www.4mormon.org\/pt-pt\/wp-json\/wp\/v2\/media?parent=2217"}],"curies":[{"name":"wp","href":"https:\/\/api.w.org\/{rel}","templated":true}]}}