{"id":2221,"date":"2013-06-27T22:07:26","date_gmt":"2013-06-27T22:07:26","guid":{"rendered":"http:\/\/www.4mormon.org\/?page_id=2221"},"modified":"2018-12-11T21:28:40","modified_gmt":"2018-12-11T21:28:40","slug":"folhetos-para-mormons","status":"publish","type":"page","link":"https:\/\/www.4mormon.org\/pt-pt\/ferramentas-missionarias\/folhetos-para-mormons\/","title":{"rendered":"Folhetos para M\u00f3rmons"},"content":{"rendered":"<p><a title=\"Tracts for Jehovah\u2019s Witnesses\" href=\"https:\/\/www.4mormon.org\/pt-pt\/?p=2975\"><strong><strong><strong><strong><strong><strong><strong><strong><strong><strong><strong><strong><strong><strong><strong><strong><strong><img loading=\"lazy\" decoding=\"async\" title=\"Tracts \" src=\"http:\/\/witforjesus.org\/images\/long\/4mormon\/tracts.png\" alt=\"Tracts\" width=\"590\" height=\"280\" \/><\/strong><\/strong><\/strong><\/strong><\/strong><\/strong><\/strong><\/strong><\/strong><\/strong><\/strong><\/strong><\/strong><\/strong><\/strong><\/strong><\/strong><\/a><\/p>\n<p><span style=\"font-size: large;\"><strong>FOLHETOS PARA DAR AOS M\u00d3RMONS<\/strong><\/span><\/p>\n<p><strong><strong><strong><img loading=\"lazy\" decoding=\"async\" src=\"http:\/\/witforjesus.org\/images\/bullets.jpg\" alt=\"Link\" width=\"10\" height=\"9\" \/> Por favor leia o <a href=\"http:\/\/4witness.org\/pt-pt\/principal\/politica-de-codigo-de-conduta-para-evangelismo\/\">NOSSO C\u00d3DIGO DE POL\u00cdTICA PARA EVANGELISMO<\/a> e A <a title=\"NOSSA POL\u00cdTICA DE DIREITOS DE AUTOR\" href=\"https:\/\/www.4mormon.org\/pt-pt\/pagina-principal\/termos-e-condicoes\/nossa-politica-de-direitos-de-autor\/\">NOSSA POL\u00cdTICA DE DIREITOS DE AUTOR<\/a> antes de usar os nossos recursos.<\/strong><br \/>\n<\/strong><\/strong><\/p>\n<ul class=\"lcp_catlist\" id=\"lcp_instance_0\"><li><a href=\"https:\/\/www.4mormon.org\/pt-pt\/voce-esta-preparado-para-comparecer-diante-de-deus\/\">Voc\u00ea est\u00e1 preparado para comparecer diante de Deus?<\/a><\/li><\/ul>\n<div class=\"add_posts\"><a class=\"post-thumb alignleft\" style=\"float:left; margin-right:15px; clear:both;\" href=\"https:\/\/www.4mormon.org\/pt-pt\/voce-esta-preparado-para-comparecer-diante-de-deus\/ \"><\/a><div class=\"add_posts_content\" style=\"clear:both;\"><h2 class=\"title\" style=\"clear: none;\"><a href=\"https:\/\/www.4mormon.org\/pt-pt\/voce-esta-preparado-para-comparecer-diante-de-deus\/\">Voc\u00ea est\u00e1 preparado para comparecer diante de Deus?<\/a><\/h2><div class=\"post-content\" style=\"clear:both\";><p><strong><strong><b><img loading=\"lazy\" decoding=\"async\" src=\"http:\/\/witforjesus.org\/images\/long\/4mormon\/meet-god.png\" alt=\"Are You Prepared to Meet God?\" width=\"590\" height=\"344\" \/><\/b><\/strong><\/strong><\/p>\n<p><strong><strong><strong><strong><strong><strong><strong><strong><strong><a href=\"http:\/\/witforjesus.org\/downloads\/portuguese\/tracts\/lds\/pt-tl-apmg.pdf\"><img loading=\"lazy\" decoding=\"async\" src=\"http:\/\/witforjesus.org\/images\/buttons\/pdf.jpg\" alt=\"PDF\" width=\"44\" height=\"21\" \/><\/a><\/strong><\/strong><\/strong><\/strong><\/strong><\/strong><\/strong><\/strong><\/strong><\/p>\n<p><strong><span class=\"style1\">.:VOC\u00ca EST\u00c1 PREPARADO PARA COMPARECER DIANTE DE DEUS? --Um simples teste para um Santo dos \u00daltimos Dias honesto<br \/>\n<\/span><\/strong><\/p>\n<p>\u201cTende-vos <b>conservado inocentes<\/b> diante de Deus? Poder\u00edeis dizer, dentro de v\u00f3s mesmos, se f\u00f4sseis chamados pela morte <b>neste momento<\/b>, que haveis sido <b>suficientemente humildes<\/b>? ...Eis que estais <b>despidos de orgulho<\/b>? <b>Digo-vos que, se n\u00e3o estais, n\u00e3o estais preparados para comparecer perante Deus<\/b>. Eis que deveis preparar-vos rapidamente, pois o reino dos c\u00e9us est\u00e1 pr\u00f3ximo; e <b>o que n\u00e3o estiver preparado n\u00e3o ter\u00e1 vida eterna<\/b>. \u201d \u2014Alma 5:27-28, <i>Livro de M\u00f3rmon<\/i><em><\/p>\n <a href=\"https:\/\/www.4mormon.org\/pt-pt\/voce-esta-preparado-para-comparecer-diante-de-deus\/\" class=\"readmore\">Read more<\/a><\/div><hr style=\"margin:10px 0\"><\/div><\/div><div style=\"clear: both;\"><\/div>\n<p><strong><b><img loading=\"lazy\" decoding=\"async\" src=\"http:\/\/witforjesus.org\/images\/bullets.jpg\" alt=\"bullets\" width=\"10\" height=\"9\" \/><\/b>\u00a0<a title=\"Chip\u2019s Street Witnessing Tracts For Mormon Evangelism\" href=\"http:\/\/4witness.org\/chips-street-witnessing-tracts-for-mormon-evangelism\/\">TRATADOS PARA TESTEMUNHO DE RUA PARA EVANGELISMO M\u00d3RMON<\/a> <\/strong>(Apenas em ingl\u00eas &#8211; 4witness.org)<\/p>\n<p>&nbsp;<\/p>\n<p>&nbsp;<\/p>\n","protected":false},"excerpt":{"rendered":"<p>FOLHETOS PARA DAR AOS M\u00d3RMONS Por favor leia o NOSSO C\u00d3DIGO DE POL\u00cdTICA PARA EVANGELISMO e A NOSSA POL\u00cdTICA DE DIREITOS DE AUTOR antes de usar os nossos recursos. \u00a0TRATADOS PARA TESTEMUNHO DE RUA PARA EVANGELISMO M\u00d3RMON (Apenas em ingl\u00eas &#8211; 4witness.org) &nbsp; &nbsp;<\/p>\n","protected":false},"author":1,"featured_media":0,"parent":1212,"menu_order":0,"comment_status":"closed","ping_status":"closed","template":"","meta":{"footnotes":""},"class_list":["post-2221","page","type-page","status-publish","hentry"],"_links":{"self":[{"href":"https:\/\/www.4mormon.org\/pt-pt\/wp-json\/wp\/v2\/pages\/2221","targetHints":{"allow":["GET"]}}],"collection":[{"href":"https:\/\/www.4mormon.org\/pt-pt\/wp-json\/wp\/v2\/pages"}],"about":[{"href":"https:\/\/www.4mormon.org\/pt-pt\/wp-json\/wp\/v2\/types\/page"}],"author":[{"embeddable":true,"href":"https:\/\/www.4mormon.org\/pt-pt\/wp-json\/wp\/v2\/users\/1"}],"replies":[{"embeddable":true,"href":"https:\/\/www.4mormon.org\/pt-pt\/wp-json\/wp\/v2\/comments?post=2221"}],"version-history":[{"count":13,"href":"https:\/\/www.4mormon.org\/pt-pt\/wp-json\/wp\/v2\/pages\/2221\/revisions"}],"predecessor-version":[{"id":5053,"href":"https:\/\/www.4mormon.org\/pt-pt\/wp-json\/wp\/v2\/pages\/2221\/revisions\/5053"}],"up":[{"embeddable":true,"href":"https:\/\/www.4mormon.org\/pt-pt\/wp-json\/wp\/v2\/pages\/1212"}],"wp:attachment":[{"href":"https:\/\/www.4mormon.org\/pt-pt\/wp-json\/wp\/v2\/media?parent=2221"}],"curies":[{"name":"wp","href":"https:\/\/api.w.org\/{rel}","templated":true}]}}