{"id":4168,"date":"2015-01-20T06:44:34","date_gmt":"2015-01-20T06:44:34","guid":{"rendered":"http:\/\/www.4mormon.org\/?page_id=4168"},"modified":"2016-09-23T22:59:33","modified_gmt":"2016-09-23T22:59:33","slug":"o-proposito-do-nosso-site","status":"publish","type":"page","link":"https:\/\/www.4mormon.org\/pt-pt\/pagina-principal\/sobre-nos\/o-proposito-do-nosso-site\/","title":{"rendered":"O Prop\u00f3sito do Nosso Site"},"content":{"rendered":"<p><img loading=\"lazy\" decoding=\"async\" src=\"http:\/\/witforjesus.org\/images\/long\/4mormon\/love-mormons2.png\" alt=\"Who We Are\" width=\"590\" height=\"279\" \/><\/p>\n<p style=\"text-align: left;\"><strong>.:O PROP\u00d3SITO DO NOSSO SITE 4MORMON.ORG<\/strong><\/p>\n<p style=\"text-align: justify;\">N\u00f3s somos um grupo de Ex-M\u00f3rmons e Crist\u00e3os que amam os nossos amigos e parentes M\u00f3rmons na Igreja de Jesus Cristo dos Santos dos \u00daltimos Dias. Oferecemos a nossa pesquisa sobre a hist\u00f3ria e doutrina do Mormonismo, numa amorosa tentativa de despertar os nossos sinceros amigos SUD sobre aquilo que n\u00e3o lhes tem sido dito, de modo a que possam escapar ao engano do Mormonismo e encontrar a verdade real por conhecer o Jesus Cristo da B\u00edblia, que N\u00c3O \u00e9 o Jesus do Mormonismo.<br \/>\n<!--more--><\/p>\n<p style=\"text-align: center;\"><strong>QUESTIONEM TUDO<\/strong><\/p>\n<p>As nossas experi\u00eancias no Mormonismo t\u00eam provado que existem muitos pr\u00f3s e contras por ser SUD. Por um lado, a Igreja SUD \u00e9 um excelente lugar para construir amizades e ter fortes refor\u00e7ados valores familiares, mas por outro lado, quando quest\u00f5es surgem que n\u00e3o s\u00e3o aquilo que os M\u00f3rmons chamam de \u201cpromover a f\u00e9\u201d, membros e investigadores s\u00e3o desencorajados de examinar a evid\u00eancia contra a Igreja. S\u00e3o admoestados a \u201corar acerca do Livro de M\u00f3rmon, confiar no seu testemunho e ter f\u00e9\u201d. Contudo, a B\u00edblia adverte contra simplesmente confiar naquilo que os l\u00edderes religiosos dizem, quando ordena: \u201cjulgai todas as coisas, retende o que \u00e9 bom.\u201d (1 Tessalonicenses 5:21, <em>Almeida Revista e Atualizada<\/em>). <strong>O nosso objetivo \u00e9 providenciar um lugar de esperan\u00e7a, afirmando a funda\u00e7\u00e3o de f\u00e9 em conhecer o verdadeiro Jesus Cristo da B\u00edblia enquanto expomos os erros do Mormonismo.<\/strong><\/p>\n<p style=\"text-align: center;\"><strong>ORAR ACERCA DO LIVRO DE M\u00d3RMON<\/strong><\/p>\n<p style=\"text-align: justify;\">Em 1 Tim\u00f3teo 4:1, a B\u00edblia avisa que nos \u00faltimos dias as pessoas seriam desviadas a acreditar em doutrinas falsificadas atrav\u00e9s do engano de esp\u00edritos sedutores. N\u00f3s encontramos isto especialmente como sendo verdade com o \u201ctestemunho\u201d M\u00f3rmon. <strong>Durante o nosso tempo no Mormonismo, muitos de n\u00f3s aceitamos o desafio de Moroni acerca da veracidade do Livro de M\u00f3rmon<\/strong> e at\u00e9 mesmo tivemos o \u201ctestemunho\u201d que alegadamente confirma a sua exatid\u00e3o.<\/p>\n<p style=\"text-align: justify;\">Contudo, para nossa desilus\u00e3o e choque, n\u00f3s descobrimos mentiras, encobrimentos e doutrinas contradit\u00f3rias dentro do Mormonismo que puseram a credibilidade de nossos \u201ctestemunhos\u201d em quest\u00e3o. N\u00f3s descobrimos que n\u00e3o apenas os claros ensinos do Livro de M\u00f3rmon e da B\u00edblia p\u00f5em em causa os ensinos e pr\u00e1ticas de Joseph Smith e da Igreja SUD<a id=\"fn1b2\" name=\"fn1a\"><\/a> <a href=\"#fn1b\">1.<\/a>, mas princ\u00edpios fundamentais b\u00e1sicos SUD com respeito \u00e0 Pessoa e natureza de Deus<a id=\"fn1b11\" name=\"fn2a\"><\/a> <a href=\"#fn2b\">2.<\/a>, autoridade sacerdotal<a id=\"fn1b12\" name=\"fn3a\"><\/a> <a href=\"#fn3b\">3.<\/a>, e casamento eterno<a id=\"fn1b13\" name=\"fn4a\"><\/a> <a href=\"#fn4b\">4.<\/a> n\u00e3o podem ser reconciliados com o Livro de M\u00f3rmon ou a B\u00edblia, ambos os quais s\u00e3o reconhecidos pela Igreja SUD como contendo a \u201cplenitude do evangelho eterno\u201d.<a id=\"fn1b14\" name=\"fn5a\"><\/a> <a href=\"#fn5b\">5.<\/a><\/p>\n<p style=\"text-align: justify;\">Finalmente, quando n\u00f3s consideramos a evid\u00eancia arqueol\u00f3gica e hist\u00f3rica contra o Mormonismo, como com respeito \u00e0 tradu\u00e7\u00e3o de Joseph Smith das fraudulentas placas Kinderhook\u00a0<a id=\"fn1b3\" name=\"fn6a\"><\/a> <a href=\"#fn6b\">6.<\/a>, a sua contradit\u00f3ria tradu\u00e7\u00e3o do recente papiro descoberto do qual o Livro de Abra\u00e3o foi alegadamente traduzido, <strong><a title=\"lack of verifiable archaeological artifacts\" href=\"https:\/\/www.4mormon.org\/the-book-of-mormon\/#s8b\">la aus\u00eancia de artefactos<\/a><\/strong> arqueol\u00f3gicos que substanciem uma \u00fanica cidade, pessoa, moeda ou batalha mencionada no Livro de M\u00f3rmon, <strong><a title=\"DNA\" href=\"https:\/\/www.4mormon.org\/the-book-of-mormon\/#s8b\">a evid\u00eancia de ADN<\/a><\/strong> que desmascara a sua afirma\u00e7\u00e3o da origem hebraica dos Nativos Americanos,<a id=\"fn1b7\" name=\"fn7a\"><\/a> <a href=\"#fn7b\">7.<\/a> e <a title=\"Jo Estava Joseph Smith qualificado para liderar o povo de Deus?\" href=\"https:\/\/www.4mormon.org\/pt-pt\/jo-estava-joseph-smith-qualificado-para-liderar-o-povo-de-deus\/\"><strong>a pr\u00e1tica de Smith de casar com adolescentes t\u00e3o jovens quanto 14 anos de idade e mulheres j\u00e1 casadas com maridos vivos<\/strong><\/a>, n\u00f3s n\u00e3o pod\u00edamos negar a natureza enganadora do Mormonismo. <a id=\"fn1b8\" name=\"fn8a\"><\/a> <a href=\"#fn8b\">8.<\/a><\/p>\n<p style=\"text-align: center;\"><strong>PORQUE FAZEMOS O QUE FAZEMOS<\/strong><\/p>\n<p style=\"text-align: justify;\"><strong>N\u00e3o \u00e9 \u201cpersegui\u00e7\u00e3o\u201d religiosa apresentar a verdade com respeito ao destino eterno de algu\u00e9m<\/strong>. Nem deveria um \u201cataque\u201d com respeito \u00e0s mentiras que mant\u00eam as pessoas presas num sistema religioso falsificado, ser visto como um \u201cataque\u201d pessoal contra os indiv\u00edduos desse sistema. <strong>N\u00f3s oferecemos a nossa pesquisa sobre a hist\u00f3ria e doutrinas do Mormonismo como uma <span style=\"text-decoration: underline;\">tentativa amorosa<\/span> de alertar os M\u00f3rmons incautos e potenciais conversos a este engano, de modo a que eles tamb\u00e9m se possam libertar<\/strong> da sedu\u00e7\u00e3o de esp\u00edritos in\u00edquos, para abra\u00e7ar o verdadeiro Jesus da B\u00edblia que n\u00e3o \u00e9 o irm\u00e3o de L\u00facifer, mas \u00e9 o supremo Deus e Criador de tudo. N\u00f3s defendemos a f\u00e9 simples naquilo que Jesus Cristo, que disse: \u201cEu sou o caminho, e <strong>a verdade<\/strong>, e a vida; <strong>ningu\u00e9m vem ao Pai sen\u00e3o por mim<\/strong>.\u201d<a id=\"fn1b4\" name=\"fn9a\"><\/a> <a href=\"#fn9b\">9.<\/a> N\u00e3o \u00e9 por nos unirmos a uma igreja, religi\u00e3o ou participando em rituais num templo tentando fazer-nos \u201cdignos\u201d da vida eterna, mas por virmos a Jesus em ora\u00e7\u00e3o (Jo\u00e3o 5:39-40), reconhecendo-o como Senhor, Salvador e Deus Todo-Poderoso (Romanos 10:9-13) e pedindo-lhe para dar a Sua justi\u00e7a em troca dos nossos pecados (2 Cor\u00edntios 5:21), que algu\u00e9m pode obter a vida eterna.<\/p>\n<p style=\"text-align: center;\"><strong>PORQUE UM WEBSITE COM APAR\u00caNCIA PR\u00d3-MORMON QUE CRITICA A IGREJA SUD<br \/>\n<\/strong><\/p>\n<p style=\"text-align: justify;\">Na internet, tudo o que algu\u00e9m precisa fazer \u00e9 digitar \u201cM\u00f3rmon\u201d para descobrir muitos sites anti-M\u00f3rmons que zombam do Mormonismo. Enquanto estes sites podem ser apelativos para a pessoa que est\u00e1 procurando uma desculpa para atacar a Igreja SUD, muitos que sentem que o Mormonismo tem muito para oferecer como caminho de f\u00e9 e valores s\u00e3o afastados e para a pessoa SUD devota, cujo Mormonismo \u00e9 uma parte integral da sua identidade, quando algo t\u00e3o pessoal como a \u201cf\u00e9\u201d \u00e9 atacada, isso \u00e9 habitualmente encarado como um ataque pessoal \u00e0 sua personalidade.<\/p>\n<p style=\"text-align: justify;\"><strong>Com isto em mente, n\u00f3s tivemos que colocar um esfor\u00e7o extra em fazer com que o nosso website seja confort\u00e1vel e apelativo para os M\u00f3rmons que desejam examinar a sua religi\u00e3o sem o estigma comum da zombaria e rid\u00edculo encontrados em alguns sites anti-M\u00f3rmon.<\/strong> O nosso objetivo ao oferecer um exame cr\u00edtico \u00e0 Igreja SUD n\u00e3o \u00e9 para perpetuar um \u201cataque\u201d pessoal contra as boas pessoas do Mormonismo, mas antes, levantar quest\u00f5es e d\u00favidas acerca das afirma\u00e7\u00f5es do Mormonismo que provocam pensamento racional e uma avalia\u00e7\u00e3o introspectiva que leva investigadores \u00e0 verdade.<\/p>\n<p style=\"text-align: justify;\">N\u00f3s sentimos que <strong>h\u00e1 muitos sinceros aderentes SUD que t\u00eam quest\u00f5es e d\u00favidas<\/strong> acerca de algumas das coisas que eles ouviram e experienciaram dentro do Mormonismo, e muitas est\u00e3o experienciando uma profunda \u201ccrise de f\u00e9\u201d, mas devido \u00e0 condena\u00e7\u00e3o do pensamento cr\u00edtico dentro do Mormonismo, <strong>elas n\u00e3o est\u00e3o capazes de falar abertamente acerca destas quest\u00f5es dentro dos c\u00edrculos SUD com medo de serem ostracizadas<\/strong>. Assim, n\u00f3s sentimos que existe a necessidade de um site, onde a f\u00e9 seja refor\u00e7ada com raz\u00e3o, <strong>onde algu\u00e9m possa ponderar quest\u00f5es profundas, medos e d\u00favidas, enquanto engajado \u00e0 f\u00e9 e cren\u00e7a em Jesus Cristo<\/strong>. Existem respostas a dif\u00edceis quest\u00f5es de f\u00e9 e n\u00f3s acreditamos que uma f\u00e9 verdadeira ir\u00e1 abra\u00e7ar a raz\u00e3o; n\u00e3o afast\u00e1-la.<\/p>\n<p style=\"text-align: justify;\">Vamos encarar isto: existem esqueletos em todas as religi\u00f5es, mas apenas uma f\u00e9 que \u00e9 baseada na verdade e evid\u00eancia verific\u00e1vel \u00e9 digna de ser confi\u00e1vel. Deste modo, a B\u00edblia proclama: \u201c<strong>julgai todas as coisas, retende o que \u00e9 bom<\/strong>.\u201d (1 Tessalonicenses 5:21) Nossa esperan\u00e7a e ora\u00e7\u00e3o \u00e9 que este website ir\u00e1 ministrar, quer a ativos e inativos membros da Igreja SUD, investigadores e qualquer um que tenha quest\u00f5es acerca do Mormonismo, de modo a promover a f\u00e9 que \u00e9 tanto verdadeira como razo\u00e1vel.<\/p>\n<p style=\"text-align: justify;\"><strong>PARA MAIS INFORMA\u00c7\u00d5ES VEJA A NOSSA RESPOSTA AO CRITICISMO ACERCA DO NOSSO MINIST\u00c9RIO:<\/strong><\/p>\n<p style=\"text-align: justify;\"><img loading=\"lazy\" decoding=\"async\" src=\"http:\/\/witforjesus.org\/images\/bullets.jpg\" alt=\"bullets\" width=\"10\" height=\"9\" \/><a title=\"Porque M\u00f3rmones e as Testemunhas de Jeov\u00e1 N\u00e3o S\u00e3o Crist\u00e3os\" href=\"http:\/\/4witness.org\/pt-pt\/porque-mormones-e-as-testemunhas-de-jeova-nao-sao-cristaos\/\"><strong> PORQUE ELES N\u00c3O S\u00c3O CRIST\u00c3OS \u2013 Respondendo \u00e0 Quest\u00e3o: \u201cPorque voc\u00eas dizem que os M\u00f3rmons e as Testemunhas de Jeov\u00e1 n\u00e3o s\u00e3o Crist\u00e3os? Eles n\u00e3o acreditam em Jesus?\u201d<\/strong><\/a> (4witness.org)<\/p>\n<p style=\"text-align: justify;\"><img loading=\"lazy\" decoding=\"async\" src=\"http:\/\/witforjesus.org\/images\/bullets.jpg\" alt=\"bullets\" width=\"10\" height=\"9\" \/> <strong>PORQUE N\u00d3S CITAMOS MAIS DO QUE AS OBRAS PADR\u00c3O DA IGREJA SUD \u2013 Ser\u00e1 que os M\u00f3rmons aceitam os Escritos dos L\u00edderes Mormons como sendo Autoridade em definir doutrina?<\/strong><\/p>\n<p style=\"text-align: center;\"><div class=\"add_posts\"><\/div><div style=\"clear: both;\"><\/div><\/p>\n<p style=\"text-align: center;\">==========<\/p>\n<p style=\"text-align: left;\"><a id=\"fn5b5\" name=\"fn1b\"><\/a> <a href=\"#fn1a\">1.<\/a> Veja \u201c<a title=\"Doutrinas do Livro de M\u00f3rmon comparadas com a B\u00edblia e ensinos M\u00f3rmon\" href=\"https:\/\/www.4mormon.org\/pt-pt\/doutrinas-do-livro-de-mormon-comparadas-com-a-biblia-e-ensinos-mormon\/\"><strong>O LIVRO DE M\u00d3RMON VS. DOUTRINA SUD<\/strong><\/a>\u201d<\/p>\n<p style=\"text-align: left;\"><a id=\"fn5b4\" name=\"fn2b\"><\/a> <a href=\"#fn2a\">2.<\/a> Veja \u201c<a title=\"Contradi\u00e7\u00f5es no Mormonismo\" href=\"https:\/\/www.4mormon.org\/pt-pt\/contradicoes-no-mormonismo\/\"><strong>CONTRADI\u00c7\u00d5ES NO MORMONISMO \u2014EM QUEM DEVEMOS ACREDITAR<\/strong><\/a>\u201d<\/p>\n<p style=\"text-align: left;\"><a id=\"fn5b3\" name=\"fn3b\"><\/a> <a href=\"#fn3a\">3.<\/a> Veja \u201c<a title=\"Foi a Autoridade Sacerdotal restaurada pelo Mormonismo?\" href=\"https:\/\/www.4mormon.org\/pt-pt\/foi-a-autoridade-sacerdotal-restaurada-pelo-mormonismo\/\"><strong>FOI A AUTORIDADE SACERDOTAL RESTAURADA ATRAV\u00c9S DO MORMONISMO?<\/strong><\/a>\u201d<\/p>\n<p style=\"text-align: left;\"><a id=\"fn5b2\" name=\"fn4b\"><\/a> <a href=\"#fn4a\">4.<\/a> Veja \u201c<a title=\"The Restored Gospel\" href=\"https:\/\/www.4mormon.org\/gospel\/\"><strong>O QUE MORMON.ORG N\u00c3O LHE DIZ ACERCA DO EVANGELHO RESTAURADO<\/strong><\/a>\u201d<\/p>\n<p style=\"text-align: left;\"><a id=\"fn5b\" name=\"fn5b\"><\/a> <a href=\"#fn5a\">5.<\/a> Veja a introdu\u00e7\u00e3o da edi\u00e7\u00e3o de 1995 do Livro de M\u00f3rmon (edi\u00e7\u00e3o portuguesa).<\/p>\n<p style=\"text-align: left;\"><a id=\"fn1b5\" name=\"fn6b\"><\/a> <a href=\"#fn6a\">6.<\/a> Veja<em> History of the Church, <\/em>(<em>Hist\u00f3ria da Igreja<\/em>) vol. 5, pp. 372\u2013378<\/p>\n<p style=\"text-align: left;\"><a id=\"fn1b6\" name=\"fn7b\"><\/a> <a href=\"#fn7a\">7.<\/a> Veja<strong> \u201c<a title=\"The Book of Mormon\" href=\"https:\/\/www.4mormon.org\/the-book-of-mormon\/\">O QUE MORMON.ORG N\u00c3O DIZ ACERCA DO LIVRO DE M\u00d3RMON<\/a><\/strong>\u201d<\/p>\n<p style=\"text-align: left;\"><a id=\"fn1b9\" name=\"fn8b\"><\/a> <a href=\"#fn8a\">8.<\/a> See \u201c<a title=\"Jo Estava Joseph Smith qualificado para liderar o povo de Deus?\" href=\"https:\/\/www.4mormon.org\/pt-pt\/jo-estava-joseph-smith-qualificado-para-liderar-o-povo-de-deus\/\"><strong>FOI JOSEPH SMITH QUALIFICADO PARA LIDERAR O POVO DE DEUS?<\/strong><\/a>\u201d<\/p>\n<p style=\"text-align: left;\"><a id=\"fn1b10\" name=\"fn9b\"><\/a> <a href=\"#fn9a\">9.<\/a> Jo\u00e3o 14:6<\/p>\n","protected":false},"excerpt":{"rendered":"<p>.:O PROP\u00d3SITO DO NOSSO SITE 4MORMON.ORG N\u00f3s somos um grupo de Ex-M\u00f3rmons e Crist\u00e3os que amam os nossos amigos e parentes M\u00f3rmons na Igreja de Jesus Cristo dos Santos dos \u00daltimos Dias. Oferecemos a nossa pesquisa sobre a hist\u00f3ria e doutrina do Mormonismo, numa amorosa tentativa de despertar os nossos sinceros amigos SUD sobre aquilo&#8230;<\/p>\n","protected":false},"author":2,"featured_media":0,"parent":2566,"menu_order":0,"comment_status":"closed","ping_status":"closed","template":"","meta":{"footnotes":""},"class_list":["post-4168","page","type-page","status-publish","hentry"],"_links":{"self":[{"href":"https:\/\/www.4mormon.org\/pt-pt\/wp-json\/wp\/v2\/pages\/4168","targetHints":{"allow":["GET"]}}],"collection":[{"href":"https:\/\/www.4mormon.org\/pt-pt\/wp-json\/wp\/v2\/pages"}],"about":[{"href":"https:\/\/www.4mormon.org\/pt-pt\/wp-json\/wp\/v2\/types\/page"}],"author":[{"embeddable":true,"href":"https:\/\/www.4mormon.org\/pt-pt\/wp-json\/wp\/v2\/users\/2"}],"replies":[{"embeddable":true,"href":"https:\/\/www.4mormon.org\/pt-pt\/wp-json\/wp\/v2\/comments?post=4168"}],"version-history":[{"count":21,"href":"https:\/\/www.4mormon.org\/pt-pt\/wp-json\/wp\/v2\/pages\/4168\/revisions"}],"predecessor-version":[{"id":4785,"href":"https:\/\/www.4mormon.org\/pt-pt\/wp-json\/wp\/v2\/pages\/4168\/revisions\/4785"}],"up":[{"embeddable":true,"href":"https:\/\/www.4mormon.org\/pt-pt\/wp-json\/wp\/v2\/pages\/2566"}],"wp:attachment":[{"href":"https:\/\/www.4mormon.org\/pt-pt\/wp-json\/wp\/v2\/media?parent=4168"}],"curies":[{"name":"wp","href":"https:\/\/api.w.org\/{rel}","templated":true}]}}