{"id":718,"date":"2013-05-11T00:29:11","date_gmt":"2013-05-11T00:29:11","guid":{"rendered":"http:\/\/www.4mormon.org\/?page_id=718"},"modified":"2013-11-02T00:16:31","modified_gmt":"2013-11-02T00:16:31","slug":"banners-4mormon-e-etiquetas","status":"publish","type":"page","link":"https:\/\/www.4mormon.org\/pt-pt\/ferramentas-missionarias\/banners-4mormon-e-etiquetas\/","title":{"rendered":"Banners 4Mormon e Etiquetas"},"content":{"rendered":"<p><img loading=\"lazy\" decoding=\"async\" alt=\"bullets\" src=\"http:\/\/witforjesus.org\/images\/bullets.jpg\" width=\"10\" height=\"9\" \/> <strong>Banners <strong>4Mormon.org para o seu Facebook e Etiquetas para as Etiquetas<\/strong> <a title=\"Avery Labels 5160\" href=\"http:\/\/www.avery.com\/avery\/en_us\/Products\/Labels\/Addressing-Labels\/Easy-Peel-White-Address-Labels_05160.htm?N=0&amp;Ns=&amp;refchannel=c042fd03ab30a110VgnVCM1000002118140aRCRD\">Avery 5160 Labels<\/a><\/strong><\/p>\n<p><strong><img loading=\"lazy\" decoding=\"async\" alt=\"Link\" src=\"http:\/\/witforjesus.org\/images\/bullets.jpg\" width=\"10\" height=\"9\" \/> <strong>Por favor leia o <a href=\"http:\/\/4witness.org\/pt-pt\/principal\/politica-de-codigo-de-conduta-para-evangelismo\/\">NOSSO C\u00d3DIGO DE POL\u00cdTICA PARA EVANGELISMO<\/a> antes de usar os nossos recursos.<\/strong><\/strong><\/p>\n<table width=\"415\" border=\"0\" cellspacing=\"1\" cellpadding=\"1\">\n<tbody>\n<tr>\n<td width=\"305\">\n<div align=\"center\"><strong><strong><strong><strong><strong><strong><strong><strong><strong><strong><strong><strong><strong><strong><strong><strong><strong><a href=\"http:\/\/witforjesus.org\/downloads\/portuguese\/stickers\/lds\/pt-4mormon-main-stickers.pdf\"><img loading=\"lazy\" decoding=\"async\" class=\"alignleft\" title=\"Latter-day Saints for Mormon Faith and Research 4mormon.org\" alt=\"Latter-day Saints for Mormon Faith and Research 4mormon.org\" src=\"http:\/\/witforjesus.org\/images\/stickers\/lds\/pt-4mormon-main.jpg\" width=\"305\" height=\"120\" \/><\/a><\/strong><\/strong><\/strong><\/strong><\/strong><\/strong><\/strong><\/strong><\/strong><\/strong><\/strong><\/strong><\/strong><\/strong><\/strong><\/strong><\/strong><\/div>\n<\/td>\n<td width=\"49\">\n<div align=\"center\"><strong><strong><strong><strong><strong><strong><strong><strong><strong><a href=\"http:\/\/witforjesus.org\/downloads\/portuguese\/stickers\/lds\/pt-4mormon-main-stickers.pdf\"><img loading=\"lazy\" decoding=\"async\" alt=\"PDF\" src=\"http:\/\/witforjesus.org\/images\/buttons\/pdf.jpg\" width=\"44\" height=\"21\" \/><\/a><\/strong><\/strong><\/strong><\/strong><\/strong><\/strong><\/strong><\/strong><\/strong><\/div>\n<\/td>\n<td width=\"51\">\n<div align=\"center\"><strong><strong><strong><strong><strong><strong><strong><strong><strong><a href=\"http:\/\/witforjesus.org\/images\/stickers\/lds\/pt-4mormon-main.jpg\"><img loading=\"lazy\" decoding=\"async\" alt=\"Jpeg\" src=\"http:\/\/witforjesus.org\/images\/buttons\/jpeg.jpg\" width=\"44\" height=\"21\" \/><\/a><\/strong><\/strong><\/strong><\/strong><\/strong><\/strong><\/strong><\/strong><\/strong><\/div>\n<\/td>\n<\/tr>\n<tr>\n<td><strong><strong><strong><strong><strong><strong><strong><strong><strong><a href=\"http:\/\/witforjesus.org\/downloads\/portuguese\/stickers\/lds\/pt-4mormon-facts-stickers.pdf\"><img loading=\"lazy\" decoding=\"async\" title=\"Learn the FACTS the Mormon Church Does Not Want You to Know 4Mormon.org\" alt=\"Learn the FACTS the Mormon Church Does Not Want You to Know 4Mormon.org\" src=\"http:\/\/witforjesus.org\/images\/stickers\/lds\/pt-4mormon-facts.jpg\" width=\"305\" height=\"120\" \/><\/a><\/strong><\/strong><\/strong><\/strong><\/strong><\/strong><\/strong><\/strong><\/strong><\/td>\n<td><strong><strong><strong><strong><strong><strong><strong><strong><strong><a href=\"http:\/\/witforjesus.org\/downloads\/portuguese\/stickers\/lds\/pt-4mormon-facts-stickers.pdf\"><img loading=\"lazy\" decoding=\"async\" alt=\"PDF\" src=\"http:\/\/witforjesus.org\/images\/buttons\/pdf.jpg\" width=\"44\" height=\"21\" \/><\/a><\/strong><\/strong><\/strong><\/strong><\/strong><\/strong><\/strong><\/strong><\/strong><\/td>\n<td><strong><strong><strong><strong><strong><strong><strong><strong><strong><strong><strong><strong><strong><strong><strong><strong><strong><a href=\"http:\/\/witforjesus.org\/images\/stickers\/lds\/pt-4mormon-facts.jpg\"><img loading=\"lazy\" decoding=\"async\" alt=\"Jpeg\" src=\"http:\/\/witforjesus.org\/images\/buttons\/jpeg.jpg\" width=\"44\" height=\"21\" \/><\/a><\/strong><\/strong><\/strong><\/strong><\/strong><\/strong><\/strong><\/strong><\/strong><\/strong><\/strong><\/strong><\/strong><\/strong><\/strong><\/strong><\/strong><\/td>\n<\/tr>\n<tr>\n<td><strong><strong><strong><strong><strong><strong><strong><strong><strong><a href=\"http:\/\/witforjesus.org\/downloads\/portuguese\/stickers\/lds\/pt-4mormon-jesus-stickers.pdf\"><img loading=\"lazy\" decoding=\"async\" title=\"Is the Jesus Christ of Mormonism the SAME Jesus of the Bible? 4Mormon.org\" alt=\"Is the Jesus Christ of Mormonism the SAME Jesus of the Bible? 4Mormon.org\" src=\"http:\/\/witforjesus.org\/images\/stickers\/lds\/pt-4mormon-jesus.jpg\" width=\"305\" height=\"120\" \/><\/a><\/strong><\/strong><\/strong><\/strong><\/strong><\/strong><\/strong><\/strong><\/strong><\/td>\n<td><strong><strong><strong><strong><strong><strong><strong><strong><strong><a href=\"http:\/\/witforjesus.org\/downloads\/portuguese\/stickers\/lds\/pt-4mormon-jesus-stickers.pdf\"><img loading=\"lazy\" decoding=\"async\" alt=\"PDF\" src=\"http:\/\/witforjesus.org\/images\/buttons\/pdf.jpg\" width=\"44\" height=\"21\" \/><\/a><\/strong><\/strong><\/strong><\/strong><\/strong><\/strong><\/strong><\/strong><\/strong><\/td>\n<td><strong><strong><strong><strong><strong><strong><strong><strong><strong><strong><strong><strong><strong><strong><strong><strong><strong><a href=\"http:\/\/witforjesus.org\/images\/stickers\/lds\/pt-4mormon-jesus.jpg\"><img loading=\"lazy\" decoding=\"async\" alt=\"Jpeg\" src=\"http:\/\/witforjesus.org\/images\/buttons\/jpeg.jpg\" width=\"44\" height=\"21\" \/><\/a><\/strong><\/strong><\/strong><\/strong><\/strong><\/strong><\/strong><\/strong><\/strong><\/strong><\/strong><\/strong><\/strong><\/strong><\/strong><\/strong><\/strong><\/td>\n<\/tr>\n<tr>\n<td><strong><strong><strong><strong><strong><strong><strong><strong><strong><a href=\"http:\/\/witforjesus.org\/downloads\/portuguese\/stickers\/lds\/pt-4mormon-beliefs-stickers.pdf\"><img loading=\"lazy\" decoding=\"async\" title=\"Exposing the Un-Christian Beliefs of Mormonism, Changes and Contradictions in LDS Doctrine 4Mormon.org\" alt=\"Exposing the Un-Christian Beliefs of Mormonism, Changes and Contradictions in LDS Doctrine 4Mormon.org\" src=\"http:\/\/witforjesus.org\/images\/stickers\/lds\/pt-4mormon-beliefs.jpg\" width=\"305\" height=\"120\" \/><\/a><\/strong><\/strong><\/strong><\/strong><\/strong><\/strong><\/strong><\/strong><\/strong><\/td>\n<td><strong><strong><strong><strong><strong><strong><strong><strong><strong><a href=\"http:\/\/witforjesus.org\/downloads\/portuguese\/stickers\/lds\/pt-4mormon-beliefs-stickers.pdf\"><img loading=\"lazy\" decoding=\"async\" alt=\"PDF\" src=\"http:\/\/witforjesus.org\/images\/buttons\/pdf.jpg\" width=\"44\" height=\"21\" \/><\/a><\/strong><\/strong><\/strong><\/strong><\/strong><\/strong><\/strong><\/strong><\/strong><\/td>\n<td><strong><strong><strong><strong><strong><strong><strong><strong><strong><strong><strong><strong><strong><strong><strong><strong><strong><a href=\"http:\/\/witforjesus.org\/images\/stickers\/lds\/pt-4mormon-beliefs.jpg\"><img loading=\"lazy\" decoding=\"async\" alt=\"Jpeg\" src=\"http:\/\/witforjesus.org\/images\/buttons\/jpeg.jpg\" width=\"44\" height=\"21\" \/><\/a><\/strong><\/strong><\/strong><\/strong><\/strong><\/strong><\/strong><\/strong><\/strong><\/strong><\/strong><\/strong><\/strong><\/strong><\/strong><\/strong><\/strong><\/td>\n<\/tr>\n<tr>\n<td><strong><strong><strong><strong><strong><strong><strong><strong><strong><a href=\"http:\/\/witforjesus.org\/downloads\/portuguese\/stickers\/lds\/pt-4mormon-exlds-stickers.pdf\"><img loading=\"lazy\" decoding=\"async\" title=\"Lost and Confused? Afraid to Leave Mormonism? Learn how to be WORTHY for Eternal Life as an ExLDS person 4mormon.org\" alt=\"Lost and Confused? Afraid to Leave Mormonism? Learn how to be WORTHY for Eternal Life as an ExLDS person 4mormon.org\" src=\"http:\/\/witforjesus.org\/images\/stickers\/lds\/pt-4mormon-exlds.jpg\" width=\"305\" height=\"120\" \/><\/a><\/strong><\/strong><\/strong><\/strong><\/strong><\/strong><\/strong><\/strong><\/strong><\/td>\n<td><strong><strong><strong><strong><strong><strong><strong><strong><strong><a href=\"http:\/\/witforjesus.org\/downloads\/portuguese\/stickers\/lds\/pt-4mormon-exlds-stickers.pdf\"><img loading=\"lazy\" decoding=\"async\" alt=\"PDF\" src=\"http:\/\/witforjesus.org\/images\/buttons\/pdf.jpg\" width=\"44\" height=\"21\" \/><\/a><\/strong><\/strong><\/strong><\/strong><\/strong><\/strong><\/strong><\/strong><\/strong><\/td>\n<td><strong><strong><strong><strong><strong><strong><strong><strong><strong><strong><strong><strong><strong><strong><strong><strong><strong><a href=\"http:\/\/witforjesus.org\/images\/stickers\/lds\/pt-4mormon-exlds.jpg\"><img loading=\"lazy\" decoding=\"async\" alt=\"Jpeg\" src=\"http:\/\/witforjesus.org\/images\/buttons\/jpeg.jpg\" width=\"44\" height=\"21\" \/><\/a><\/strong><\/strong><\/strong><\/strong><\/strong><\/strong><\/strong><\/strong><\/strong><\/strong><\/strong><\/strong><\/strong><\/strong><\/strong><\/strong><\/strong><\/td>\n<\/tr>\n<\/tbody>\n<\/table>\n<p><b><b><strong><strong><img loading=\"lazy\" decoding=\"async\" alt=\"bullets\" src=\"http:\/\/witforjesus.org\/images\/bullets.jpg\" width=\"10\" height=\"9\" \/><\/strong><\/strong><\/b><\/b> <strong><a href=\"http:\/\/witforjesus.org\/downloads\/portuguese\/stickers\/lds\/pt-4mormon-all-label5160-stickers.pdf\">PDF DE TODAS AS ETIQUETAS NUMA S\u00d3 P\u00c1GINA<\/a><\/strong><\/p>\n<p><strong><strong><strong><strong><strong><strong><strong><strong><strong><a title=\"PDF of All 4Jehovah Stickers on One Page - Avery 5160 Labels\" href=\"http:\/\/witforjesus.org\/downloads\/portuguese\/stickers\/lds\/pt-4mormon-all-label5160-stickers.pdf\"><img loading=\"lazy\" decoding=\"async\" alt=\"PDF\" src=\"http:\/\/witforjesus.org\/images\/stickers\/lds\/pt-4mormon-all-sm.jpg\" width=\"275\" height=\"356\" \/><\/a><\/strong><\/strong><\/strong><\/strong><\/strong><\/strong><\/strong><\/strong><\/strong><\/p>\n","protected":false},"excerpt":{"rendered":"<p>Banners 4Mormon.org para o seu Facebook e Etiquetas para as Etiquetas Avery 5160 Labels Por favor leia o NOSSO C\u00d3DIGO DE POL\u00cdTICA PARA EVANGELISMO antes de usar os nossos recursos. PDF DE TODAS AS ETIQUETAS NUMA S\u00d3 P\u00c1GINA<\/p>\n","protected":false},"author":1,"featured_media":0,"parent":1212,"menu_order":0,"comment_status":"closed","ping_status":"closed","template":"","meta":{"footnotes":""},"class_list":["post-718","page","type-page","status-publish","hentry"],"_links":{"self":[{"href":"https:\/\/www.4mormon.org\/pt-pt\/wp-json\/wp\/v2\/pages\/718","targetHints":{"allow":["GET"]}}],"collection":[{"href":"https:\/\/www.4mormon.org\/pt-pt\/wp-json\/wp\/v2\/pages"}],"about":[{"href":"https:\/\/www.4mormon.org\/pt-pt\/wp-json\/wp\/v2\/types\/page"}],"author":[{"embeddable":true,"href":"https:\/\/www.4mormon.org\/pt-pt\/wp-json\/wp\/v2\/users\/1"}],"replies":[{"embeddable":true,"href":"https:\/\/www.4mormon.org\/pt-pt\/wp-json\/wp\/v2\/comments?post=718"}],"version-history":[{"count":6,"href":"https:\/\/www.4mormon.org\/pt-pt\/wp-json\/wp\/v2\/pages\/718\/revisions"}],"predecessor-version":[{"id":3371,"href":"https:\/\/www.4mormon.org\/pt-pt\/wp-json\/wp\/v2\/pages\/718\/revisions\/3371"}],"up":[{"embeddable":true,"href":"https:\/\/www.4mormon.org\/pt-pt\/wp-json\/wp\/v2\/pages\/1212"}],"wp:attachment":[{"href":"https:\/\/www.4mormon.org\/pt-pt\/wp-json\/wp\/v2\/media?parent=718"}],"curies":[{"name":"wp","href":"https:\/\/api.w.org\/{rel}","templated":true}]}}